{"id":991,"date":"2016-03-08T11:04:04","date_gmt":"2016-03-08T11:04:04","guid":{"rendered":"http:\/\/60tesoros.usal.edu.ar\/?page_id=991"},"modified":"2016-03-31T16:53:52","modified_gmt":"2016-03-31T16:53:52","slug":"histoire-critique-des-dogmes-et-des-cultes","status":"publish","type":"page","link":"https:\/\/60tesoros.usal.edu.ar\/index.php\/histoire-critique-des-dogmes-et-des-cultes\/","title":{"rendered":"Histoire Critique des Dogmes et des Cultes&#8230;"},"content":{"rendered":"<div data-vc-parallax=\"1.5\" class=\"vc_row wpb_row vc_row-fluid vc_custom_1457365379932 vc_general vc_parallax vc_parallax-content-moving\"><div class=\"wpb_column vc_column_container vc_col-sm-6\"><div class=\"wpb_wrapper\"><h2 style=\"font-size: 20pt;color: #e2c790;text-align: left\" class=\"vc_custom_heading vc_custom_1459450190589\">Histoire Critique des Dogmes et des Cultes, bons & mauvais, qui ont et\u00e9 dans L\u2019Eglise depuis Adam Jusqu\u2019a Jesus-Christ, ou l\u2019on trouve l\u2019origine de toutes les idolatries de l\u2019ancien paganisme, expliqu\u00e8es par rapport a Celles des Juifs<\/h2>\n\t<div class=\"wpb_text_column wpb_content_element \">\n\t\t<div class=\"wpb_wrapper\">\n\t\t\t<p>Esta obra publicada en \u00c1msterdam en 1705, con grabados desde las primeras p\u00e1ginas, detalla las distintas pr\u00e1cticas religiosas cat\u00f3licas, protestantes y paganas. As\u00ed, por ejemplo, ahonda en los ritos sacrificiales de origen pagano y en todos sus detalles: la elecci\u00f3n de las v\u00edctimas, humanas o animales, las ceremonias que conformaban el sacrificio y la naturaleza de las ofrendas. Aborda tem\u00e1ticas teol\u00f3gicas tan diversas como la religi\u00f3n en Egipto, el divorcio, la idolatr\u00eda y el matrimonio, como as\u00ed tambi\u00e9n describe y explica el origen de las distintas deidades griegas y romanas. Su autor, Pierre Jurieu (1637-1713), naci\u00f3 en Mer-sur-la-Loire, vivi\u00f3 en Rotterdam y fue pastor y profesor de teolog\u00eda y de hebreo. Nacido en una familia de pastores fue nieto del erudito orador Pierre du Moulin, quien fuera pastor principal del templo de Charenton (1599-1620) y una celebridad por sus controversias con cat\u00f3licos y calvinistas, Pierre Jurieu fue autor de obras teol\u00f3gicas e hist\u00f3ricas de alto compromiso ideol\u00f3gico. Entre sus escritos se encuentran <em>Apologie pour la morale des r\u00e9form\u00e9s<\/em> (1675),<em> Trait\u00e9 de la puissance de l\u2019\u00c9glise<\/em> (1677),<em> Histoire du calvinisme et celle du Papisme mises en parall\u00e8le<\/em> (1683) y<em> R\u00e9flexions sur la cruelle pers\u00e9cution<\/em> (1685).<\/p>\n<p><strong>Histoire Critique des Dogmes et des Cultes, bons &amp; mauvais, qui ont et\u00e9 dans L\u2019Eglise depuis Adam Jusqu\u2019a Jesus-Christ, ou l\u2019on trouve l\u2019origine de toutes les idolatries de l\u2019ancien paganisme, expliqu\u00e8es par rapport a Celles des Juifs \/ par Mr. Jurieu. Amsterdam: Francois L\u2019Honore, 1704. [862] p. : il. ; 4\u00ba (27 cm).<\/strong><\/p>\n\n\t\t<\/div>\n\t<\/div>\n<div class=\"vc_btn3-container  boton_borde vc_btn3-left\"><a class=\"vc_general vc_btn3 vc_btn3-size-md vc_btn3-shape-rounded vc_btn3-style-outline vc_btn3-icon-right vc_btn3-color-inverse\" href=\"http:\/\/60tesoros.usal.edu.ar\/index.php\/colecciones-especiales\/\" title=\"\" target=\"_self\">Volver a Colecciones Especiales <i class=\"vc_btn3-icon fa fa-share\"><\/i><\/a><\/div>\n<\/div><\/div><div class=\"wpb_column vc_column_container vc_col-sm-6\"><div class=\"wpb_wrapper\">\n\t<div class=\"wpb_single_image wpb_content_element vc_align_center  vc_custom_1457710539004\">\n\t\t<div class=\"wpb_wrapper\">\n\t\t\t\n\t\t\t<a class=\"prettyphoto\" rel=\"prettyPhoto[rel-991-1395591985]\" href=\"https:\/\/60tesoros.usal.edu.ar\/wp-content\/uploads\/2016\/03\/histoire-critique.jpg\" target=\"_self\"><div class=\"vc_single_image-wrapper vc_box_rounded  vc_box_border_grey\"><img class=\"vc_single_image-img \" src=\"https:\/\/60tesoros.usal.edu.ar\/wp-content\/uploads\/2016\/03\/histoire-critique.jpg\" width=\"530\" height=\"471\" alt=\"\" title=\"\" \/><\/div><\/a>\n\t\t<\/div>\n\t<\/div>\n<\/div><\/div><\/div><div class=\"vc_row wpb_row vc_row-fluid\"><div class=\"wpb_column vc_column_container vc_col-sm-12\"><div class=\"wpb_wrapper\"><!-- vc_grid start -->\n<div class=\"vc_grid-container-wrapper vc_clearfix\">\n\t<div class=\"vc_grid-container vc_clearfix wpb_content_element vc_media_grid\"\n\t\t data-vc-grid-settings=\"{&quot;page_id&quot;:991,&quot;style&quot;:&quot;all&quot;,&quot;action&quot;:&quot;vc_get_vc_grid_data&quot;,&quot;animation_in&quot;:&quot;zoomIn&quot;,&quot;shortcode_id&quot;:&quot;{failed_to_get_id:\\&quot;vc_gid:1457442050923-56741795418f6b782f0498d750dc65f9-5\\&quot;}&quot;,&quot;tag&quot;:&quot;vc_media_grid&quot;}\"\n\t\t data-vc-request=\"\/wp-admin\/admin-ajax.php\"\n\t\t data-vc-post-id=\"991\"\n\t\t data-vc-public-nonce=\"7ad70e971e\">\n\t<\/div>\n<\/div><!-- vc_grid end -->\n\t<div class=\"wpb_text_column wpb_content_element \">\n\t\t<div class=\"wpb_wrapper\">\n\t\t\t<p style=\"text-align: center;\">Haga click en la imagen para agrandar<\/p>\n\n\t\t<\/div>\n\t<\/div>\n<\/div><\/div><\/div><div data-vc-full-width=\"true\" data-vc-full-width-init=\"false\" data-vc-stretch-content=\"true\" class=\"vc_row wpb_row vc_row-fluid vc_custom_1457440840599\"><div class=\"wpb_column vc_column_container vc_col-sm-12\"><div class=\"wpb_wrapper\"><!-- vc_grid start -->\n<div class=\"vc_grid-container-wrapper vc_clearfix\">\n\t<div class=\"vc_grid-container vc_clearfix wpb_content_element vc_basic_grid vc_custom_1457710601239\"\n\t\t data-vc-grid-settings=\"{&quot;page_id&quot;:991,&quot;style&quot;:&quot;pagination&quot;,&quot;action&quot;:&quot;vc_get_vc_grid_data&quot;,&quot;animation_in&quot;:&quot;&quot;,&quot;shortcode_id&quot;:&quot;{failed_to_get_id:\\&quot;vc_gid:1457442051002-bf9b42b8a783c890eed46d8a8877b119-3\\&quot;}&quot;,&quot;items_per_page&quot;:&quot;6&quot;,&quot;auto_play&quot;:true,&quot;gap&quot;:30,&quot;speed&quot;:5000,&quot;loop&quot;:&quot;yes&quot;,&quot;animation_out&quot;:&quot;&quot;,&quot;arrows_design&quot;:&quot;vc_arrow-icon-arrow_02_left&quot;,&quot;arrows_color&quot;:&quot;chino&quot;,&quot;arrows_position&quot;:&quot;inside&quot;,&quot;paging_design&quot;:&quot;none&quot;,&quot;paging_color&quot;:&quot;grey&quot;,&quot;tag&quot;:&quot;vc_basic_grid&quot;}\"\n\t\t data-vc-request=\"\/wp-admin\/admin-ajax.php\"\n\t\t data-vc-post-id=\"991\"\n\t\t data-vc-public-nonce=\"7ad70e971e\">\n\t<\/div>\n<\/div><!-- vc_grid end --><\/div><\/div><\/div><div class=\"vc_row-full-width\"><\/div>\n","protected":false},"excerpt":{"rendered":"Histoire Critique des Dogmes et des Cultes, bons & mauvais, qui ont et\u00e9 dans L\u2019Eglise depuis Adam Jusqu\u2019a Jesus-Christ, ou l\u2019on trouve [...]","protected":false},"author":2,"featured_media":0,"parent":0,"menu_order":42,"comment_status":"closed","ping_status":"closed","template":"","meta":{"ngg_post_thumbnail":0},"_links":{"self":[{"href":"https:\/\/60tesoros.usal.edu.ar\/index.php\/wp-json\/wp\/v2\/pages\/991"}],"collection":[{"href":"https:\/\/60tesoros.usal.edu.ar\/index.php\/wp-json\/wp\/v2\/pages"}],"about":[{"href":"https:\/\/60tesoros.usal.edu.ar\/index.php\/wp-json\/wp\/v2\/types\/page"}],"author":[{"embeddable":true,"href":"https:\/\/60tesoros.usal.edu.ar\/index.php\/wp-json\/wp\/v2\/users\/2"}],"replies":[{"embeddable":true,"href":"https:\/\/60tesoros.usal.edu.ar\/index.php\/wp-json\/wp\/v2\/comments?post=991"}],"version-history":[{"count":8,"href":"https:\/\/60tesoros.usal.edu.ar\/index.php\/wp-json\/wp\/v2\/pages\/991\/revisions"}],"predecessor-version":[{"id":1508,"href":"https:\/\/60tesoros.usal.edu.ar\/index.php\/wp-json\/wp\/v2\/pages\/991\/revisions\/1508"}],"wp:attachment":[{"href":"https:\/\/60tesoros.usal.edu.ar\/index.php\/wp-json\/wp\/v2\/media?parent=991"}],"curies":[{"name":"wp","href":"https:\/\/api.w.org\/{rel}","templated":true}]}}