{"id":978,"date":"2016-03-08T10:24:09","date_gmt":"2016-03-08T10:24:09","guid":{"rendered":"http:\/\/60tesoros.usal.edu.ar\/?page_id=978"},"modified":"2016-04-07T14:26:03","modified_gmt":"2016-04-07T14:26:03","slug":"tresor-du-vieillard-des-pyramides","status":"publish","type":"page","link":"https:\/\/60tesoros.usal.edu.ar\/index.php\/tresor-du-vieillard-des-pyramides\/","title":{"rendered":"Tresor du vieillard des Pyramides&#8230;"},"content":{"rendered":"<div data-vc-parallax=\"1.5\" class=\"vc_row wpb_row vc_row-fluid vc_custom_1457365379932 vc_general vc_parallax vc_parallax-content-moving\"><div class=\"wpb_column vc_column_container vc_col-sm-6\"><div class=\"wpb_wrapper\"><h2 style=\"font-size: 20pt;color: #e2c790;text-align: left\" class=\"vc_custom_heading vc_custom_1460046125645\">Tresor du vieillard des Pyramides, v\u00e9ritable science des talismans pour conjurer les esprits de toute nature, leur commander, en obtenir tout ce que l\u2019on veut et d\u00e9jouer au besoin leurs mal\u00e9fices. La chouette noire : oiseaux merveilleux au moyen duquel on d\u00e9couvre immanquablement tout ce que la terre renferme de pr\u00e9cieux<\/h2>\n\t<div class=\"wpb_text_column wpb_content_element \">\n\t\t<div class=\"wpb_wrapper\">\n\t\t\t<p>Fue editado en 1652. Sus ciento tres p\u00e1ginas de diecis\u00e9is cent\u00edmetros se han convertido en un cl\u00e1sico del esoterismo, por lo que ha sido reeditado en numerosas oportunidades. Se trata de un manual de magia dividido en dos partes, pues incluye dos textos distintos. En primer lugar, el libro se abre con <em>Tresor du vieillard\u2026<\/em>, texto que ilustra y explica la ciencia de los talismanes. Tal como su t\u00edtulo lo indica, ahonda en los modos para conjurar esp\u00edritus y, adem\u00e1s, incluye gr\u00e1ficos en blanco y negro de los diferentes tipos de talismanes y c\u00edrculos m\u00e1gicos. Cada uno de los gr\u00e1ficos est\u00e1 acompa\u00f1ado por una noticia que explica su origen y denominaci\u00f3n. En segundo lugar, el tomo sigue con <em>La chouette noire\u2026<\/em>, un tratado esot\u00e9rico que aborda las extra\u00f1as cualidades de un ave maravillosa: la lechuza negra; el texto muestra los modos para conseguirla y utilizarla correctamente. Debajo de los t\u00edtulos, la primera p\u00e1gina del ejemplar incluye una ilustraci\u00f3n de la lechuza negra.<\/p>\n<p><strong>Tresor du vieillard des Pyramides, v\u00e9ritable science des talismans pour conjurer les esprits de toute nature, leur commander, en obtenir tout ce que l\u2019on veut et d\u00e9jouer au besoin leurs mal\u00e9fices. La chouette noire : oiseaux merveilleux au moyen duquel on d\u00e9couvre immanquablement tout ce que la terre renferme de pr\u00e9cieux. [S.l. : s.n.], 1652. 103 p. : il. ; 8\u00ba (16 cm.).<\/strong><\/p>\n\n\t\t<\/div>\n\t<\/div>\n<div class=\"vc_btn3-container  boton_borde vc_btn3-left\"><a class=\"vc_general vc_btn3 vc_btn3-size-md vc_btn3-shape-rounded vc_btn3-style-outline vc_btn3-icon-right vc_btn3-color-inverse\" href=\"http:\/\/60tesoros.usal.edu.ar\/index.php\/colecciones-especiales\/\" title=\"\" target=\"_self\">Volver a Colecciones Especiales <i class=\"vc_btn3-icon fa fa-share\"><\/i><\/a><\/div>\n<\/div><\/div><div class=\"wpb_column vc_column_container vc_col-sm-6\"><div class=\"wpb_wrapper\">\n\t<div class=\"wpb_single_image wpb_content_element vc_align_center  vc_custom_1457702323715\">\n\t\t<div class=\"wpb_wrapper\">\n\t\t\t\n\t\t\t<a class=\"prettyphoto\" rel=\"prettyPhoto[rel-978-1711052918]\" href=\"https:\/\/60tesoros.usal.edu.ar\/wp-content\/uploads\/2016\/03\/chouete.jpg\" target=\"_self\"><div class=\"vc_single_image-wrapper vc_box_rounded  vc_box_border_grey\"><img class=\"vc_single_image-img \" src=\"https:\/\/60tesoros.usal.edu.ar\/wp-content\/uploads\/2016\/03\/chouete.jpg\" width=\"530\" height=\"471\" alt=\"\" title=\"\" \/><\/div><\/a>\n\t\t<\/div>\n\t<\/div>\n<\/div><\/div><\/div><div class=\"vc_row wpb_row vc_row-fluid\"><div class=\"wpb_column vc_column_container vc_col-sm-12\"><div class=\"wpb_wrapper\"><!-- vc_grid start -->\n<div class=\"vc_grid-container-wrapper vc_clearfix\">\n\t<div class=\"vc_grid-container vc_clearfix wpb_content_element vc_media_grid\"\n\t\t data-vc-grid-settings=\"{&quot;page_id&quot;:978,&quot;style&quot;:&quot;all&quot;,&quot;action&quot;:&quot;vc_get_vc_grid_data&quot;,&quot;animation_in&quot;:&quot;zoomIn&quot;,&quot;shortcode_id&quot;:&quot;{failed_to_get_id:\\&quot;vc_gid:1457439657692-6b2b2936ae79b23527fdb2c7c3877b76-10\\&quot;}&quot;,&quot;tag&quot;:&quot;vc_media_grid&quot;}\"\n\t\t data-vc-request=\"\/wp-admin\/admin-ajax.php\"\n\t\t data-vc-post-id=\"978\"\n\t\t data-vc-public-nonce=\"7ad70e971e\">\n\t<\/div>\n<\/div><!-- vc_grid end -->\n\t<div class=\"wpb_text_column wpb_content_element \">\n\t\t<div class=\"wpb_wrapper\">\n\t\t\t<p style=\"text-align: center;\">Haga click en la imagen para agrandar<\/p>\n\n\t\t<\/div>\n\t<\/div>\n<\/div><\/div><\/div><div data-vc-full-width=\"true\" data-vc-full-width-init=\"false\" data-vc-stretch-content=\"true\" class=\"vc_row wpb_row vc_row-fluid vc_custom_1457702388515\"><div class=\"wpb_column vc_column_container vc_col-sm-12\"><div class=\"wpb_wrapper\"><!-- vc_grid start -->\n<div class=\"vc_grid-container-wrapper vc_clearfix\">\n\t<div class=\"vc_grid-container vc_clearfix wpb_content_element vc_basic_grid vc_custom_1457702379237\"\n\t\t data-vc-grid-settings=\"{&quot;page_id&quot;:978,&quot;style&quot;:&quot;pagination&quot;,&quot;action&quot;:&quot;vc_get_vc_grid_data&quot;,&quot;animation_in&quot;:&quot;&quot;,&quot;shortcode_id&quot;:&quot;{failed_to_get_id:\\&quot;vc_gid:1457439657768-cb0fd43f3eba484830cdf17c3366f14b-4\\&quot;}&quot;,&quot;items_per_page&quot;:&quot;6&quot;,&quot;auto_play&quot;:true,&quot;gap&quot;:30,&quot;speed&quot;:5000,&quot;loop&quot;:&quot;yes&quot;,&quot;animation_out&quot;:&quot;&quot;,&quot;arrows_design&quot;:&quot;vc_arrow-icon-arrow_02_left&quot;,&quot;arrows_color&quot;:&quot;chino&quot;,&quot;arrows_position&quot;:&quot;inside&quot;,&quot;paging_design&quot;:&quot;none&quot;,&quot;paging_color&quot;:&quot;grey&quot;,&quot;tag&quot;:&quot;vc_basic_grid&quot;}\"\n\t\t data-vc-request=\"\/wp-admin\/admin-ajax.php\"\n\t\t data-vc-post-id=\"978\"\n\t\t data-vc-public-nonce=\"7ad70e971e\">\n\t<\/div>\n<\/div><!-- vc_grid end --><\/div><\/div><\/div><div class=\"vc_row-full-width\"><\/div>\n","protected":false},"excerpt":{"rendered":"Tresor du vieillard des Pyramides, v\u00e9ritable science des talismans pour conjurer les esprits de toute nature, leur commander, en obtenir tout ce [...]","protected":false},"author":2,"featured_media":0,"parent":0,"menu_order":38,"comment_status":"closed","ping_status":"closed","template":"","meta":{"ngg_post_thumbnail":0},"_links":{"self":[{"href":"https:\/\/60tesoros.usal.edu.ar\/index.php\/wp-json\/wp\/v2\/pages\/978"}],"collection":[{"href":"https:\/\/60tesoros.usal.edu.ar\/index.php\/wp-json\/wp\/v2\/pages"}],"about":[{"href":"https:\/\/60tesoros.usal.edu.ar\/index.php\/wp-json\/wp\/v2\/types\/page"}],"author":[{"embeddable":true,"href":"https:\/\/60tesoros.usal.edu.ar\/index.php\/wp-json\/wp\/v2\/users\/2"}],"replies":[{"embeddable":true,"href":"https:\/\/60tesoros.usal.edu.ar\/index.php\/wp-json\/wp\/v2\/comments?post=978"}],"version-history":[{"count":7,"href":"https:\/\/60tesoros.usal.edu.ar\/index.php\/wp-json\/wp\/v2\/pages\/978\/revisions"}],"predecessor-version":[{"id":1515,"href":"https:\/\/60tesoros.usal.edu.ar\/index.php\/wp-json\/wp\/v2\/pages\/978\/revisions\/1515"}],"wp:attachment":[{"href":"https:\/\/60tesoros.usal.edu.ar\/index.php\/wp-json\/wp\/v2\/media?parent=978"}],"curies":[{"name":"wp","href":"https:\/\/api.w.org\/{rel}","templated":true}]}}