{"id":962,"date":"2016-03-07T18:06:42","date_gmt":"2016-03-07T18:06:42","guid":{"rendered":"http:\/\/60tesoros.usal.edu.ar\/?page_id=962"},"modified":"2016-03-10T13:40:13","modified_gmt":"2016-03-10T13:40:13","slug":"marcel-duchamp-octavio-paz","status":"publish","type":"page","link":"https:\/\/60tesoros.usal.edu.ar\/index.php\/marcel-duchamp-octavio-paz\/","title":{"rendered":"Marcel Duchamp \u2013 Octavio Paz"},"content":{"rendered":"<div data-vc-parallax=\"1.5\" class=\"vc_row wpb_row vc_row-fluid vc_custom_1457365379932 vc_general vc_parallax vc_parallax-content-moving\"><div class=\"wpb_column vc_column_container vc_col-sm-6\"><div class=\"wpb_wrapper\"><h2 style=\"font-size: 20pt;color: #e2c790;text-align: left\" class=\"vc_custom_heading vc_custom_1457623931061\">Marcel Duchamp \u2013 Octavio Paz : libro-maleta dise\u00f1ado por Vicente Rojo a la manera de Marcel Duchamp. <\/h2>\n\t<div class=\"wpb_text_column wpb_content_element \">\n\t\t<div class=\"wpb_wrapper\">\n\t\t\t<p><em>Octavio Paz\/Marcel Duchamp<\/em> es un Libro-Maleta dise\u00f1ado a la manera de M. Duchamp (1887-1968), artista franc\u00e9s que ide\u00f3 la <em>Caja-en-Valija<\/em> y la <em>Caja Verde<\/em> como formas de conservar y a la vez transportar sus obras y notas vinculadas. Dise\u00f1ado por Vicente Rojo, <em>Octavio Paz\/Marcel Duchamp<\/em> est\u00e1 compuesto de seis partes, numeradas y en distintos formatos, todas ensambladas dentro de este libro-maleta. Con el n\u00famero 1, aparece encuadernado el ensayo <em>Marcel Duchamp o el castillo de la pureza<\/em>, de Octavio Paz (1914-1998). Con el 2, un cuadernillo similar que contiene una selecci\u00f3n de textos del mismo Duchamp, seleccionados por Paz y traducidos del franc\u00e9s por Tom\u00e1s Segovia. El tercer formante es una reproducci\u00f3n del <em>Gran Vidrio<\/em>, obra emblem\u00e1tica de Duchamp. La secci\u00f3n 4 es un conjunto de tres reproducciones de sus obras: <em>Desnudo que desciende una escalera<\/em>, <em>La novia<\/em>, y <em>El rey y la reina rodeados de desnudos r\u00e1pidos<\/em>, todos de 1912. La 5, un sobre con nueve reproducciones fotogr\u00e1ficas de <em>ready-mades<\/em> y la 6, un \u00e1lbum fotogr\u00e1fico y una noticia biogr\u00e1fica de Duchamp.<\/p>\n<p><strong>Marcel Duchamp \u2013 Octavio Paz : [libro-maleta dise\u00f1ado por Vicente Rojo a la manera de Marcel Duchamp] \/ Octavio Paz ; Marcel Duchamp ; Vicente Rojo. 1a ed. M\u00e9xico : Era, 1968. 1 carpeta ; 32 cm. Colecci\u00f3n Bergara Leumann.<\/strong><\/p>\n\n\t\t<\/div>\n\t<\/div>\n<div class=\"vc_btn3-container  boton_borde vc_btn3-left\"><a class=\"vc_general vc_btn3 vc_btn3-size-md vc_btn3-shape-rounded vc_btn3-style-outline vc_btn3-icon-right vc_btn3-color-inverse\" href=\"http:\/\/60tesoros.usal.edu.ar\/index.php\/colecciones-particulares\/\" title=\"\" target=\"_self\">Volver a Colecciones Particulares <i class=\"vc_btn3-icon fa fa-share\"><\/i><\/a><\/div>\n<\/div><\/div><div class=\"wpb_column vc_column_container vc_col-sm-6\"><div class=\"wpb_wrapper\">\n\t<div class=\"wpb_single_image wpb_content_element vc_align_center  vc_custom_1457623949524\">\n\t\t<div class=\"wpb_wrapper\">\n\t\t\t\n\t\t\t<a class=\"prettyphoto\" rel=\"prettyPhoto[rel-962-64023442]\" href=\"https:\/\/60tesoros.usal.edu.ar\/wp-content\/uploads\/2016\/03\/duchamp1.jpg\" target=\"_self\"><div class=\"vc_single_image-wrapper vc_box_rounded  vc_box_border_grey\"><img class=\"vc_single_image-img \" src=\"https:\/\/60tesoros.usal.edu.ar\/wp-content\/uploads\/2016\/03\/duchamp1.jpg\" width=\"530\" height=\"471\" alt=\"\" title=\"\" \/><\/div><\/a>\n\t\t<\/div>\n\t<\/div>\n<\/div><\/div><\/div><div class=\"vc_row wpb_row vc_row-fluid\"><div class=\"wpb_column vc_column_container vc_col-sm-12\"><div class=\"wpb_wrapper\"><!-- vc_grid start -->\n<div class=\"vc_grid-container-wrapper vc_clearfix\">\n\t<div class=\"vc_grid-container vc_clearfix wpb_content_element vc_media_grid\"\n\t\t data-vc-grid-settings=\"{&quot;page_id&quot;:962,&quot;style&quot;:&quot;all&quot;,&quot;action&quot;:&quot;vc_get_vc_grid_data&quot;,&quot;animation_in&quot;:&quot;zoomIn&quot;,&quot;shortcode_id&quot;:&quot;{failed_to_get_id:\\&quot;vc_gid:1457381009061-fbb29a6789660010606b57ac686a1225-10\\&quot;}&quot;,&quot;tag&quot;:&quot;vc_media_grid&quot;}\"\n\t\t data-vc-request=\"\/wp-admin\/admin-ajax.php\"\n\t\t data-vc-post-id=\"962\"\n\t\t data-vc-public-nonce=\"7a5bbaa05d\">\n\t<\/div>\n<\/div><!-- vc_grid end -->\n\t<div class=\"wpb_text_column wpb_content_element \">\n\t\t<div class=\"wpb_wrapper\">\n\t\t\t<p style=\"text-align: center;\">Haga click en la imagen para agrandar<\/p>\n\n\t\t<\/div>\n\t<\/div>\n<\/div><\/div><\/div><div data-vc-full-width=\"true\" data-vc-full-width-init=\"false\" data-vc-stretch-content=\"true\" class=\"vc_row wpb_row vc_row-fluid vc_custom_1457624051833\"><div class=\"wpb_column vc_column_container vc_col-sm-12\"><div class=\"wpb_wrapper\"><!-- vc_grid start -->\n<div class=\"vc_grid-container-wrapper vc_clearfix\">\n\t<div class=\"vc_grid-container vc_clearfix wpb_content_element vc_basic_grid vc_custom_1457624042063\"\n\t\t data-vc-grid-settings=\"{&quot;page_id&quot;:962,&quot;style&quot;:&quot;pagination&quot;,&quot;action&quot;:&quot;vc_get_vc_grid_data&quot;,&quot;animation_in&quot;:&quot;&quot;,&quot;shortcode_id&quot;:&quot;{failed_to_get_id:\\&quot;vc_gid:1457381009149-dd16f85eaec5634fac227c4cd5840533-4\\&quot;}&quot;,&quot;items_per_page&quot;:&quot;6&quot;,&quot;auto_play&quot;:true,&quot;gap&quot;:30,&quot;speed&quot;:5000,&quot;loop&quot;:&quot;yes&quot;,&quot;animation_out&quot;:&quot;&quot;,&quot;arrows_design&quot;:&quot;vc_arrow-icon-arrow_02_left&quot;,&quot;arrows_color&quot;:&quot;chino&quot;,&quot;arrows_position&quot;:&quot;inside&quot;,&quot;paging_design&quot;:&quot;none&quot;,&quot;paging_color&quot;:&quot;grey&quot;,&quot;tag&quot;:&quot;vc_basic_grid&quot;}\"\n\t\t data-vc-request=\"\/wp-admin\/admin-ajax.php\"\n\t\t data-vc-post-id=\"962\"\n\t\t data-vc-public-nonce=\"7a5bbaa05d\">\n\t<\/div>\n<\/div><!-- vc_grid end --><\/div><\/div><\/div><div class=\"vc_row-full-width\"><\/div>\n","protected":false},"excerpt":{"rendered":"Marcel Duchamp \u2013 Octavio Paz : libro-maleta dise\u00f1ado por Vicente Rojo a la manera de Marcel Duchamp. Octavio Paz\/Marcel Duchamp es un [...]","protected":false},"author":2,"featured_media":0,"parent":0,"menu_order":35,"comment_status":"closed","ping_status":"closed","template":"","meta":{"ngg_post_thumbnail":0},"_links":{"self":[{"href":"https:\/\/60tesoros.usal.edu.ar\/index.php\/wp-json\/wp\/v2\/pages\/962"}],"collection":[{"href":"https:\/\/60tesoros.usal.edu.ar\/index.php\/wp-json\/wp\/v2\/pages"}],"about":[{"href":"https:\/\/60tesoros.usal.edu.ar\/index.php\/wp-json\/wp\/v2\/types\/page"}],"author":[{"embeddable":true,"href":"https:\/\/60tesoros.usal.edu.ar\/index.php\/wp-json\/wp\/v2\/users\/2"}],"replies":[{"embeddable":true,"href":"https:\/\/60tesoros.usal.edu.ar\/index.php\/wp-json\/wp\/v2\/comments?post=962"}],"version-history":[{"count":5,"href":"https:\/\/60tesoros.usal.edu.ar\/index.php\/wp-json\/wp\/v2\/pages\/962\/revisions"}],"predecessor-version":[{"id":1244,"href":"https:\/\/60tesoros.usal.edu.ar\/index.php\/wp-json\/wp\/v2\/pages\/962\/revisions\/1244"}],"wp:attachment":[{"href":"https:\/\/60tesoros.usal.edu.ar\/index.php\/wp-json\/wp\/v2\/media?parent=962"}],"curies":[{"name":"wp","href":"https:\/\/api.w.org\/{rel}","templated":true}]}}