{"id":955,"date":"2016-03-07T18:00:10","date_gmt":"2016-03-07T18:00:10","guid":{"rendered":"http:\/\/60tesoros.usal.edu.ar\/?page_id=955"},"modified":"2016-03-18T16:38:04","modified_gmt":"2016-03-18T16:38:04","slug":"le-theatre-en-occident","status":"publish","type":"page","link":"https:\/\/60tesoros.usal.edu.ar\/index.php\/le-theatre-en-occident\/","title":{"rendered":"Le th\u00e9\u00e2tre en Occident"},"content":{"rendered":"<div data-vc-parallax=\"1.5\" class=\"vc_row wpb_row vc_row-fluid vc_custom_1457365379932 vc_general vc_parallax vc_parallax-content-moving\"><div class=\"wpb_column vc_column_container vc_col-sm-6\"><div class=\"wpb_wrapper\"><h2 style=\"color: #e2c790;text-align: left\" class=\"vc_custom_heading vc_custom_1457380633730\">Le th\u00e9\u00e2tre en Occident<\/h2>\n\t<div class=\"wpb_text_column wpb_content_element \">\n\t\t<div class=\"wpb_wrapper\">\n\t\t\t<p>En formato oblongo, <em>Le th\u00e9\u00e2tre en Occident<\/em> cuenta la historia del teatro occidental en un recorrido de ilustraciones coloridas y textos que llevan al lector desde escenas de la antigua Grecia hasta escenarios m\u00e1s cercanos. Su autora, oriunda de Hamburgo, se dedic\u00f3 a la escenograf\u00eda y al dise\u00f1o de vestuario. Los dibujos est\u00e1n a cargo de Peter Spier, quien ha ilustrado m\u00e1s de treinta libros infantiles. \u201cEl teatro satisface una necesidad muy profunda en los humanos: nada m\u00e1s puede explicar su persistencia\u201d: tras la definici\u00f3n que abre el libro y a lo largo de sus cuarenta y cuatro p\u00e1ginas, <em>Le th\u00e9\u00e2tre en Occident<\/em>, en su adaptaci\u00f3n francesa a cargo de Andr\u00e9 Pozner, presenta al lector dramaturgos como Arist\u00f3fanes, Lope de Vega, Shakespeare, Chejov y Stanislavsky, entre muchos otros; explica tambi\u00e9n los distintos tipos de escenarios y las diferentes historias nacionales de las artes esc\u00e9nicas. Adem\u00e1s, el libro dedica especial atenci\u00f3n a algunos de los teatros m\u00e1s emblem\u00e1ticos, como el Teatro Ol\u00edmpico y el Teatro el Globo. Aborda asimismo los distintos estilos dram\u00e1ticos, como el realismo, el naturalismo y el expresionismo,y ahonda en varios de los quehaceres teatrales: la iluminaci\u00f3n, la escenograf\u00eda y el montaje de escenas.<\/p>\n<p><strong>Le th\u00e9\u00e2tre en Occident \/ par Hannelore Marek ; adaptation de Andr\u00e9 Pozner ; illustrations de Peter Spier. Paris : Des Deux Coqs d\u2019Or, 1965. 44 p. : il. ; 11 x 17 cm. Colecci\u00f3n Bergara Leumann.<\/strong><\/p>\n\n\t\t<\/div>\n\t<\/div>\n<div class=\"vc_btn3-container  boton_borde vc_btn3-left\"><a class=\"vc_general vc_btn3 vc_btn3-size-md vc_btn3-shape-rounded vc_btn3-style-outline vc_btn3-icon-right vc_btn3-color-inverse\" href=\"http:\/\/60tesoros.usal.edu.ar\/index.php\/colecciones-particulares\/\" title=\"\" target=\"_self\">Volver a Colecciones Particulares <i class=\"vc_btn3-icon fa fa-share\"><\/i><\/a><\/div>\n<\/div><\/div><div class=\"wpb_column vc_column_container vc_col-sm-6\"><div class=\"wpb_wrapper\">\n\t<div class=\"wpb_single_image wpb_content_element vc_align_center  vc_custom_1457622631458\">\n\t\t<div class=\"wpb_wrapper\">\n\t\t\t\n\t\t\t<a class=\"prettyphoto\" rel=\"prettyPhoto[rel-955-1545689047]\" href=\"https:\/\/60tesoros.usal.edu.ar\/wp-content\/uploads\/2016\/03\/theatre1.jpg\" target=\"_self\"><div class=\"vc_single_image-wrapper vc_box_rounded  vc_box_border_grey\"><img class=\"vc_single_image-img \" src=\"https:\/\/60tesoros.usal.edu.ar\/wp-content\/uploads\/2016\/03\/theatre1.jpg\" width=\"530\" height=\"471\" alt=\"\" title=\"\" \/><\/div><\/a>\n\t\t<\/div>\n\t<\/div>\n<\/div><\/div><\/div><div class=\"vc_row wpb_row vc_row-fluid\"><div class=\"wpb_column vc_column_container vc_col-sm-12\"><div class=\"wpb_wrapper\"><!-- vc_grid start -->\n<div class=\"vc_grid-container-wrapper vc_clearfix\">\n\t<div class=\"vc_grid-container vc_clearfix wpb_content_element vc_media_grid\"\n\t\t data-vc-grid-settings=\"{&quot;page_id&quot;:955,&quot;style&quot;:&quot;all&quot;,&quot;action&quot;:&quot;vc_get_vc_grid_data&quot;,&quot;animation_in&quot;:&quot;zoomIn&quot;,&quot;shortcode_id&quot;:&quot;{failed_to_get_id:\\&quot;vc_gid:1457380619545-d913be218bfe4461a4efd75018077e57-8\\&quot;}&quot;,&quot;tag&quot;:&quot;vc_media_grid&quot;}\"\n\t\t data-vc-request=\"\/wp-admin\/admin-ajax.php\"\n\t\t data-vc-post-id=\"955\"\n\t\t data-vc-public-nonce=\"d7c12d1fd9\">\n\t<\/div>\n<\/div><!-- vc_grid end -->\n\t<div class=\"wpb_text_column wpb_content_element \">\n\t\t<div class=\"wpb_wrapper\">\n\t\t\t<p style=\"text-align: center;\">Haga click en la imagen para agrandar<\/p>\n\n\t\t<\/div>\n\t<\/div>\n<\/div><\/div><\/div><div data-vc-full-width=\"true\" data-vc-full-width-init=\"false\" data-vc-stretch-content=\"true\" class=\"vc_row wpb_row vc_row-fluid vc_custom_1457622707028\"><div class=\"wpb_column vc_column_container vc_col-sm-12\"><div class=\"wpb_wrapper\"><!-- vc_grid start -->\n<div class=\"vc_grid-container-wrapper vc_clearfix\">\n\t<div class=\"vc_grid-container vc_clearfix wpb_content_element vc_basic_grid vc_custom_1458071697056\"\n\t\t data-vc-grid-settings=\"{&quot;page_id&quot;:955,&quot;style&quot;:&quot;pagination&quot;,&quot;action&quot;:&quot;vc_get_vc_grid_data&quot;,&quot;animation_in&quot;:&quot;&quot;,&quot;shortcode_id&quot;:&quot;{failed_to_get_id:\\&quot;vc_gid:1457380619632-1eb0d7853c548575e3df1b021951523b-6\\&quot;}&quot;,&quot;items_per_page&quot;:&quot;6&quot;,&quot;auto_play&quot;:true,&quot;gap&quot;:30,&quot;speed&quot;:5000,&quot;loop&quot;:&quot;yes&quot;,&quot;animation_out&quot;:&quot;&quot;,&quot;arrows_design&quot;:&quot;vc_arrow-icon-arrow_02_left&quot;,&quot;arrows_color&quot;:&quot;chino&quot;,&quot;arrows_position&quot;:&quot;inside&quot;,&quot;paging_design&quot;:&quot;none&quot;,&quot;paging_color&quot;:&quot;grey&quot;,&quot;tag&quot;:&quot;vc_basic_grid&quot;}\"\n\t\t data-vc-request=\"\/wp-admin\/admin-ajax.php\"\n\t\t data-vc-post-id=\"955\"\n\t\t data-vc-public-nonce=\"d7c12d1fd9\">\n\t<\/div>\n<\/div><!-- vc_grid end --><\/div><\/div><\/div><div class=\"vc_row-full-width\"><\/div>\n","protected":false},"excerpt":{"rendered":"Le th\u00e9\u00e2tre en Occident En formato oblongo, Le th\u00e9\u00e2tre en Occident cuenta la historia del teatro occidental en un recorrido de ilustraciones [...]","protected":false},"author":2,"featured_media":0,"parent":0,"menu_order":33,"comment_status":"closed","ping_status":"closed","template":"","meta":{"ngg_post_thumbnail":0},"_links":{"self":[{"href":"https:\/\/60tesoros.usal.edu.ar\/index.php\/wp-json\/wp\/v2\/pages\/955"}],"collection":[{"href":"https:\/\/60tesoros.usal.edu.ar\/index.php\/wp-json\/wp\/v2\/pages"}],"about":[{"href":"https:\/\/60tesoros.usal.edu.ar\/index.php\/wp-json\/wp\/v2\/types\/page"}],"author":[{"embeddable":true,"href":"https:\/\/60tesoros.usal.edu.ar\/index.php\/wp-json\/wp\/v2\/users\/2"}],"replies":[{"embeddable":true,"href":"https:\/\/60tesoros.usal.edu.ar\/index.php\/wp-json\/wp\/v2\/comments?post=955"}],"version-history":[{"count":7,"href":"https:\/\/60tesoros.usal.edu.ar\/index.php\/wp-json\/wp\/v2\/pages\/955\/revisions"}],"predecessor-version":[{"id":1480,"href":"https:\/\/60tesoros.usal.edu.ar\/index.php\/wp-json\/wp\/v2\/pages\/955\/revisions\/1480"}],"wp:attachment":[{"href":"https:\/\/60tesoros.usal.edu.ar\/index.php\/wp-json\/wp\/v2\/media?parent=955"}],"curies":[{"name":"wp","href":"https:\/\/api.w.org\/{rel}","templated":true}]}}