{"id":946,"date":"2016-03-07T17:50:31","date_gmt":"2016-03-07T17:50:31","guid":{"rendered":"http:\/\/60tesoros.usal.edu.ar\/?page_id=946"},"modified":"2016-03-18T16:37:32","modified_gmt":"2016-03-18T16:37:32","slug":"physiologie-pathologique-et-chirurgie-des-arteres","status":"publish","type":"page","link":"https:\/\/60tesoros.usal.edu.ar\/index.php\/physiologie-pathologique-et-chirurgie-des-arteres\/","title":{"rendered":"Physiologie pathologique et chirurgie des art\u00e8res&#8230;"},"content":{"rendered":"<div data-vc-parallax=\"1.5\" class=\"vc_row wpb_row vc_row-fluid vc_custom_1457365379932 vc_general vc_parallax vc_parallax-content-moving\"><div class=\"wpb_column vc_column_container vc_col-sm-6\"><div class=\"wpb_wrapper\"><h2 style=\"font-size: 20pt;color: #e2c790;text-align: left\" class=\"vc_custom_heading vc_custom_1457619018881\">Physiologie pathologique et chirurgie des art\u00e8res : principes et m\u00e9thodes<\/h2>\n\t<div class=\"wpb_text_column wpb_content_element \">\n\t\t<div class=\"wpb_wrapper\">\n\t\t\t<p>Ren\u00e9 Leriche (1879-1955), eximio fisi\u00f3logo y cirujano franc\u00e9s, se distingui\u00f3 en su patria y en el extranjero con membres\u00eda en los m\u00e1s destacados c\u00edrculos acad\u00e9micos de su \u00e9poca. La editorial Masson et Cie. fue dirigida por una dinast\u00eda de libreros-editores especializados en la edici\u00f3n de obras de medicina. La est\u00e9tica de las ediciones cient\u00edficas en r\u00fastica de Masson en la primera mitad del Siglo XX es caracter\u00edstica. La cubierta suele exhibir el monograma de la compa\u00f1\u00eda encerrado en un c\u00edrculo o un cuadrado. El papel utilizado suele ser de muy baja calidad donde los cortes de la cabecera, el pie y el delantero presentan irregularidades notorias. El volumen que posee la Biblioteca Hist\u00f3rica de la USAL, ofrece signos manuscritos tales como subrayados, datos encerrados en c\u00edrculos, llaves y hasta una oreja de perro. La marca de propiedad indica que el libro perteneci\u00f3 a la colecci\u00f3n particular del Dr. Alfonso Roque Albanese. El an\u00e1lisis de marcas (subrayado, circunvalaci\u00f3n de palabras, rayas verticales o llaves en los m\u00e1rgenes simples y dobles) permite deducir el intercambio espiritual y profesional entre el autor y el lector de esta obra, quien a trav\u00e9s de sus huellas revaloriza un libro que pasa a ser \u00fanico.<\/p>\n<p><strong>Physiologie pathologique et chirurgie des art\u00e8res : principes et m\u00e9thodes \/ par Ren\u00e9 Leriche. Paris : Masson, 1943. v, 346, [2] p. : il.; 25 cm. Colecci\u00f3n Albanese.<\/strong><\/p>\n\n\t\t<\/div>\n\t<\/div>\n<div class=\"vc_btn3-container  boton_borde vc_btn3-left\"><a class=\"vc_general vc_btn3 vc_btn3-size-md vc_btn3-shape-rounded vc_btn3-style-outline vc_btn3-icon-right vc_btn3-color-inverse\" href=\"http:\/\/60tesoros.usal.edu.ar\/index.php\/colecciones-particulares\/\" title=\"\" target=\"_self\">Volver a Colecciones Particulares <i class=\"vc_btn3-icon fa fa-share\"><\/i><\/a><\/div>\n<\/div><\/div><div class=\"wpb_column vc_column_container vc_col-sm-6\"><div class=\"wpb_wrapper\">\n\t<div class=\"wpb_single_image wpb_content_element vc_align_center  vc_custom_1457619031390\">\n\t\t<div class=\"wpb_wrapper\">\n\t\t\t\n\t\t\t<a class=\"prettyphoto\" rel=\"prettyPhoto[rel-946-2069841944]\" href=\"https:\/\/60tesoros.usal.edu.ar\/wp-content\/uploads\/2016\/03\/physiologie.jpg\" target=\"_self\"><div class=\"vc_single_image-wrapper vc_box_rounded  vc_box_border_grey\"><img class=\"vc_single_image-img \" src=\"https:\/\/60tesoros.usal.edu.ar\/wp-content\/uploads\/2016\/03\/physiologie.jpg\" width=\"530\" height=\"471\" alt=\"\" title=\"\" \/><\/div><\/a>\n\t\t<\/div>\n\t<\/div>\n<\/div><\/div><\/div><div class=\"vc_row wpb_row vc_row-fluid\"><div class=\"wpb_column vc_column_container vc_col-sm-12\"><div class=\"wpb_wrapper\"><!-- vc_grid start -->\n<div class=\"vc_grid-container-wrapper vc_clearfix\">\n\t<div class=\"vc_grid-container vc_clearfix wpb_content_element vc_media_grid\"\n\t\t data-vc-grid-settings=\"{&quot;page_id&quot;:946,&quot;style&quot;:&quot;all&quot;,&quot;action&quot;:&quot;vc_get_vc_grid_data&quot;,&quot;animation_in&quot;:&quot;zoomIn&quot;,&quot;shortcode_id&quot;:&quot;{failed_to_get_id:\\&quot;vc_gid:1457380034976-68a1078ac20f6dcecfa97b54fd9f9ece-3\\&quot;}&quot;,&quot;tag&quot;:&quot;vc_media_grid&quot;}\"\n\t\t data-vc-request=\"\/wp-admin\/admin-ajax.php\"\n\t\t data-vc-post-id=\"946\"\n\t\t data-vc-public-nonce=\"7a5bbaa05d\">\n\t<\/div>\n<\/div><!-- vc_grid end -->\n\t<div class=\"wpb_text_column wpb_content_element \">\n\t\t<div class=\"wpb_wrapper\">\n\t\t\t<p style=\"text-align: center;\">Haga click en la imagen para agrandar<\/p>\n\n\t\t<\/div>\n\t<\/div>\n<\/div><\/div><\/div><div data-vc-full-width=\"true\" data-vc-full-width-init=\"false\" data-vc-stretch-content=\"true\" class=\"vc_row wpb_row vc_row-fluid vc_custom_1457619096331\"><div class=\"wpb_column vc_column_container vc_col-sm-12\"><div class=\"wpb_wrapper\"><!-- vc_grid start -->\n<div class=\"vc_grid-container-wrapper vc_clearfix\">\n\t<div class=\"vc_grid-container vc_clearfix wpb_content_element vc_basic_grid vc_custom_1457619086980\"\n\t\t data-vc-grid-settings=\"{&quot;page_id&quot;:946,&quot;style&quot;:&quot;pagination&quot;,&quot;action&quot;:&quot;vc_get_vc_grid_data&quot;,&quot;animation_in&quot;:&quot;&quot;,&quot;shortcode_id&quot;:&quot;{failed_to_get_id:\\&quot;vc_gid:1457380035063-a494b109ed56a061453afa98e7cb8c20-0\\&quot;}&quot;,&quot;items_per_page&quot;:&quot;6&quot;,&quot;auto_play&quot;:true,&quot;gap&quot;:30,&quot;speed&quot;:5000,&quot;loop&quot;:&quot;yes&quot;,&quot;animation_out&quot;:&quot;&quot;,&quot;arrows_design&quot;:&quot;vc_arrow-icon-arrow_02_left&quot;,&quot;arrows_color&quot;:&quot;chino&quot;,&quot;arrows_position&quot;:&quot;inside&quot;,&quot;paging_design&quot;:&quot;none&quot;,&quot;paging_color&quot;:&quot;grey&quot;,&quot;tag&quot;:&quot;vc_basic_grid&quot;}\"\n\t\t data-vc-request=\"\/wp-admin\/admin-ajax.php\"\n\t\t data-vc-post-id=\"946\"\n\t\t data-vc-public-nonce=\"7a5bbaa05d\">\n\t<\/div>\n<\/div><!-- vc_grid end --><\/div><\/div><\/div><div class=\"vc_row-full-width\"><\/div>\n","protected":false},"excerpt":{"rendered":"Physiologie pathologique et chirurgie des art\u00e8res : principes et m\u00e9thodes Ren\u00e9 Leriche (1879-1955), eximio fisi\u00f3logo y cirujano franc\u00e9s, se distingui\u00f3 en su [...]","protected":false},"author":2,"featured_media":0,"parent":0,"menu_order":30,"comment_status":"closed","ping_status":"closed","template":"","meta":{"ngg_post_thumbnail":0},"_links":{"self":[{"href":"https:\/\/60tesoros.usal.edu.ar\/index.php\/wp-json\/wp\/v2\/pages\/946"}],"collection":[{"href":"https:\/\/60tesoros.usal.edu.ar\/index.php\/wp-json\/wp\/v2\/pages"}],"about":[{"href":"https:\/\/60tesoros.usal.edu.ar\/index.php\/wp-json\/wp\/v2\/types\/page"}],"author":[{"embeddable":true,"href":"https:\/\/60tesoros.usal.edu.ar\/index.php\/wp-json\/wp\/v2\/users\/2"}],"replies":[{"embeddable":true,"href":"https:\/\/60tesoros.usal.edu.ar\/index.php\/wp-json\/wp\/v2\/comments?post=946"}],"version-history":[{"count":6,"href":"https:\/\/60tesoros.usal.edu.ar\/index.php\/wp-json\/wp\/v2\/pages\/946\/revisions"}],"predecessor-version":[{"id":1479,"href":"https:\/\/60tesoros.usal.edu.ar\/index.php\/wp-json\/wp\/v2\/pages\/946\/revisions\/1479"}],"wp:attachment":[{"href":"https:\/\/60tesoros.usal.edu.ar\/index.php\/wp-json\/wp\/v2\/media?parent=946"}],"curies":[{"name":"wp","href":"https:\/\/api.w.org\/{rel}","templated":true}]}}