{"id":943,"date":"2016-03-07T17:47:08","date_gmt":"2016-03-07T17:47:08","guid":{"rendered":"http:\/\/60tesoros.usal.edu.ar\/?page_id=943"},"modified":"2016-03-18T16:36:51","modified_gmt":"2016-03-18T16:36:51","slug":"antologia-poetica-argentina","status":"publish","type":"page","link":"https:\/\/60tesoros.usal.edu.ar\/index.php\/antologia-poetica-argentina\/","title":{"rendered":"Antolog\u00eda po\u00e9tica argentina"},"content":{"rendered":"<div data-vc-parallax=\"1.5\" class=\"vc_row wpb_row vc_row-fluid vc_custom_1457365379932 vc_general vc_parallax vc_parallax-content-moving\"><div class=\"wpb_column vc_column_container vc_col-sm-6\"><div class=\"wpb_wrapper\"><h2 style=\"color: #e2c790;text-align: left\" class=\"vc_custom_heading vc_custom_1457379852048\">Antolog\u00eda po\u00e9tica argentina<\/h2>\n\t<div class=\"wpb_text_column wpb_content_element \">\n\t\t<div class=\"wpb_wrapper\">\n\t\t\t<p>En 1941, Jorge Luis Borges, Adolfo Bioy Casares y Silvina Ocampo se reunieron para compilar un libro de poes\u00eda; el resultado fue <em>Antolog\u00eda po\u00e9tica argentina<\/em>. El texto de solapa aclara el criterio para la selecci\u00f3n: \u201cLos compiladores han seguido un criterio objetivo, han procurado que esta selecci\u00f3n no refleje una escuela ni un gusto personal\u201d. Aunque la objetividad pueda siempre ser cuestionada, lo que resulta imposible poner en duda para esta <em>Antolog\u00eda po\u00e9tica argentina<\/em> es la variedad est\u00e9tica de la muestra, pues en las p\u00e1ginas del libro publicado en la colecci\u00f3n Laberinto de Sudamericana conviven autores tan diversos como Leopoldo Lugones, Alfonsina Storni, Norah Lange, Ra\u00fal Gonz\u00e1lez Tu\u00f1\u00f3n, Oliverio Girondo, Leopoldo Marechal, Juan L. Ortiz, Almafuerte, Ulises Petit de Murat, Wilcock y la misma Ocampo, entre muchos otros. El \u00edndice sigue un orden cronol\u00f3gico, de modo que el arco po\u00e9tico que va de 1900 a 1941 queda representado cabalmente. El ejemplar de la Biblioteca Hist\u00f3rica de la USAL suma un atributo que lo hace especialmente valioso: est\u00e1 dedicado tanto por Silvina Ocampo como por su marido en el a\u00f1o 1987. \u201cPara Eduardo con todo mi cari\u00f1o\u201d, dice Ocampo, y a su firma se suma la de Bioy Casares.<\/p>\n<p><strong>Antolog\u00eda po\u00e9tica argentina \/ Jorge Luis Borges ; Silvina Ocampo ; Adolfo Bioy Casares. Buenos Aires : Sudamericana, 1941. 303 p. ; 20 cm. Colecci\u00f3n Bergara Leumann.<\/strong><\/p>\n\n\t\t<\/div>\n\t<\/div>\n<div class=\"vc_btn3-container  boton_borde vc_btn3-left\"><a class=\"vc_general vc_btn3 vc_btn3-size-md vc_btn3-shape-rounded vc_btn3-style-outline vc_btn3-icon-right vc_btn3-color-inverse\" href=\"http:\/\/60tesoros.usal.edu.ar\/index.php\/colecciones-particulares\/\" title=\"\" target=\"_self\">Volver a Colecciones Particulares <i class=\"vc_btn3-icon fa fa-share\"><\/i><\/a><\/div>\n<\/div><\/div><div class=\"wpb_column vc_column_container vc_col-sm-6\"><div class=\"wpb_wrapper\">\n\t<div class=\"wpb_single_image wpb_content_element vc_align_center  vc_custom_1457617555476\">\n\t\t<div class=\"wpb_wrapper\">\n\t\t\t\n\t\t\t<a class=\"prettyphoto\" rel=\"prettyPhoto[rel-943-536559851]\" href=\"https:\/\/60tesoros.usal.edu.ar\/wp-content\/uploads\/2016\/03\/antologia1.jpg\" target=\"_self\"><div class=\"vc_single_image-wrapper vc_box_rounded  vc_box_border_grey\"><img class=\"vc_single_image-img \" src=\"https:\/\/60tesoros.usal.edu.ar\/wp-content\/uploads\/2016\/03\/antologia1.jpg\" width=\"530\" height=\"471\" alt=\"\" title=\"\" \/><\/div><\/a>\n\t\t<\/div>\n\t<\/div>\n<\/div><\/div><\/div><div class=\"vc_row wpb_row vc_row-fluid\"><div class=\"wpb_column vc_column_container vc_col-sm-12\"><div class=\"wpb_wrapper\"><!-- vc_grid start -->\n<div class=\"vc_grid-container-wrapper vc_clearfix\">\n\t<div class=\"vc_grid-container vc_clearfix wpb_content_element vc_media_grid\"\n\t\t data-vc-grid-settings=\"{&quot;page_id&quot;:943,&quot;style&quot;:&quot;all&quot;,&quot;action&quot;:&quot;vc_get_vc_grid_data&quot;,&quot;animation_in&quot;:&quot;zoomIn&quot;,&quot;shortcode_id&quot;:&quot;{failed_to_get_id:\\&quot;vc_gid:1457379835114-12952d2ce077851eafa03c1fba2258f7-6\\&quot;}&quot;,&quot;tag&quot;:&quot;vc_media_grid&quot;}\"\n\t\t data-vc-request=\"\/wp-admin\/admin-ajax.php\"\n\t\t data-vc-post-id=\"943\"\n\t\t data-vc-public-nonce=\"7ad70e971e\">\n\t<\/div>\n<\/div><!-- vc_grid end -->\n\t<div class=\"wpb_text_column wpb_content_element \">\n\t\t<div class=\"wpb_wrapper\">\n\t\t\t<p style=\"text-align: center;\">Haga click en la imagen para agrandar<\/p>\n\n\t\t<\/div>\n\t<\/div>\n<\/div><\/div><\/div><div data-vc-full-width=\"true\" data-vc-full-width-init=\"false\" data-vc-stretch-content=\"true\" class=\"vc_row wpb_row vc_row-fluid vc_custom_1457617459002\"><div class=\"wpb_column vc_column_container vc_col-sm-12\"><div class=\"wpb_wrapper\"><!-- vc_grid start -->\n<div class=\"vc_grid-container-wrapper vc_clearfix\">\n\t<div class=\"vc_grid-container vc_clearfix wpb_content_element vc_basic_grid vc_custom_1457618597760\"\n\t\t data-vc-grid-settings=\"{&quot;page_id&quot;:943,&quot;style&quot;:&quot;pagination&quot;,&quot;action&quot;:&quot;vc_get_vc_grid_data&quot;,&quot;animation_in&quot;:&quot;&quot;,&quot;shortcode_id&quot;:&quot;{failed_to_get_id:\\&quot;vc_gid:1457379835200-a839cdd3442674a326d6842fd17356c3-2\\&quot;}&quot;,&quot;items_per_page&quot;:&quot;6&quot;,&quot;auto_play&quot;:true,&quot;gap&quot;:30,&quot;speed&quot;:5000,&quot;loop&quot;:&quot;yes&quot;,&quot;animation_out&quot;:&quot;&quot;,&quot;arrows_design&quot;:&quot;vc_arrow-icon-arrow_02_left&quot;,&quot;arrows_color&quot;:&quot;chino&quot;,&quot;arrows_position&quot;:&quot;inside&quot;,&quot;paging_design&quot;:&quot;none&quot;,&quot;paging_color&quot;:&quot;grey&quot;,&quot;tag&quot;:&quot;vc_basic_grid&quot;}\"\n\t\t data-vc-request=\"\/wp-admin\/admin-ajax.php\"\n\t\t data-vc-post-id=\"943\"\n\t\t data-vc-public-nonce=\"7ad70e971e\">\n\t<\/div>\n<\/div><!-- vc_grid end --><\/div><\/div><\/div><div class=\"vc_row-full-width\"><\/div>\n","protected":false},"excerpt":{"rendered":"Antolog\u00eda po\u00e9tica argentina En 1941, Jorge Luis Borges, Adolfo Bioy Casares y Silvina Ocampo se reunieron para compilar un libro de poes\u00eda; [...]","protected":false},"author":2,"featured_media":0,"parent":0,"menu_order":29,"comment_status":"closed","ping_status":"closed","template":"","meta":{"ngg_post_thumbnail":0},"_links":{"self":[{"href":"https:\/\/60tesoros.usal.edu.ar\/index.php\/wp-json\/wp\/v2\/pages\/943"}],"collection":[{"href":"https:\/\/60tesoros.usal.edu.ar\/index.php\/wp-json\/wp\/v2\/pages"}],"about":[{"href":"https:\/\/60tesoros.usal.edu.ar\/index.php\/wp-json\/wp\/v2\/types\/page"}],"author":[{"embeddable":true,"href":"https:\/\/60tesoros.usal.edu.ar\/index.php\/wp-json\/wp\/v2\/users\/2"}],"replies":[{"embeddable":true,"href":"https:\/\/60tesoros.usal.edu.ar\/index.php\/wp-json\/wp\/v2\/comments?post=943"}],"version-history":[{"count":8,"href":"https:\/\/60tesoros.usal.edu.ar\/index.php\/wp-json\/wp\/v2\/pages\/943\/revisions"}],"predecessor-version":[{"id":1478,"href":"https:\/\/60tesoros.usal.edu.ar\/index.php\/wp-json\/wp\/v2\/pages\/943\/revisions\/1478"}],"wp:attachment":[{"href":"https:\/\/60tesoros.usal.edu.ar\/index.php\/wp-json\/wp\/v2\/media?parent=943"}],"curies":[{"name":"wp","href":"https:\/\/api.w.org\/{rel}","templated":true}]}}