{"id":934,"date":"2016-03-07T17:36:49","date_gmt":"2016-03-07T17:36:49","guid":{"rendered":"http:\/\/60tesoros.usal.edu.ar\/?page_id=934"},"modified":"2016-03-15T17:50:48","modified_gmt":"2016-03-15T17:50:48","slug":"les-modes","status":"publish","type":"page","link":"https:\/\/60tesoros.usal.edu.ar\/index.php\/les-modes\/","title":{"rendered":"Les modes"},"content":{"rendered":"<div data-vc-parallax=\"1.5\" class=\"vc_row wpb_row vc_row-fluid vc_custom_1457365379932 vc_general vc_parallax vc_parallax-content-moving\"><div class=\"wpb_column vc_column_container vc_col-sm-6\"><div class=\"wpb_wrapper\"><h2 style=\"color: #e2c790;text-align: left\" class=\"vc_custom_heading vc_custom_1457379237351\">Les modes : revue mensuelle illustr\u00e9e des arts d\u00e9coratifs appliqu\u00e9s \u00e0 la femme<\/h2>\n\t<div class=\"wpb_text_column wpb_content_element \">\n\t\t<div class=\"wpb_wrapper\">\n\t\t\t<p>La revista <em>Les Modes\u2026 <\/em>permite conocer las costumbres y vida privada de principios del Siglo XX en Europa, se public\u00f3 mensualmente en Par\u00eds desde 1901 hasta 1937. La Biblioteca Hist\u00f3rica conserva un tomo que re\u00fane los n\u00fameros publicados entre 1901 y 1909, todos ampliamente ilustrados. A lo largo de la historia de la publicaci\u00f3n, se constatan continuidades y tambi\u00e9n cambios: de ah\u00ed su relevancia para estudiar los primeros decenios del siglo pasado. Son muchas las secciones que se mantienen; es el caso de \u201cA travers le monde\u201d, \u201cLa mode et les modes\u201d, \u201cLa parure de la femme\u201d y \u201cEssai d\u2019un mobilier moderne\u201d. All\u00ed, el lector o lectora pod\u00eda encontrar perfiles y retratos de mujeres de la \u00e9poca, las novedades en accesorios y joyas, las \u00faltimas tendencias en vestidos de noche y, tambi\u00e9n, ejemplos de mobiliario moderno y distintas escenas de dise\u00f1o de interiores. Los cambios, por su parte, tambi\u00e9n se van dando con los a\u00f1os, reflejando los cambios tecnol\u00f3gicos y est\u00e9ticos: si en el primer n\u00famero, la portada muestra un grabado, en el \u00faltimo aparece una fotograf\u00eda; si en el primero la tipograf\u00eda tiene todav\u00eda la sombra del Art Nouveau, en el \u00faltimo ya ha dado un claro giro hacia la geometr\u00eda.<\/p>\n<p><strong>Les modes : revue mensuelle illustr\u00e9e des arts d\u00e9coratifs appliqu\u00e9s \u00e0 la femme. Paris : Manzi, Joyant et Cie, 1901-1937. 6 v. : principalmente il.; 36 cm. Mensual. Colecci\u00f3n Bergara Leumann.<\/strong><\/p>\n\n\t\t<\/div>\n\t<\/div>\n<div class=\"vc_btn3-container  boton_borde vc_btn3-left\"><a class=\"vc_general vc_btn3 vc_btn3-size-md vc_btn3-shape-rounded vc_btn3-style-outline vc_btn3-icon-right vc_btn3-color-inverse\" href=\"http:\/\/60tesoros.usal.edu.ar\/index.php\/colecciones-particulares\/\" title=\"\" target=\"_self\">Volver a Colecciones Particulares <i class=\"vc_btn3-icon fa fa-share\"><\/i><\/a><\/div>\n<\/div><\/div><div class=\"wpb_column vc_column_container vc_col-sm-6\"><div class=\"wpb_wrapper\">\n\t<div class=\"wpb_single_image wpb_content_element vc_align_center  vc_custom_1457612745447\">\n\t\t<div class=\"wpb_wrapper\">\n\t\t\t\n\t\t\t<a class=\"prettyphoto\" rel=\"prettyPhoto[rel-934-728010393]\" href=\"https:\/\/60tesoros.usal.edu.ar\/wp-content\/uploads\/2016\/03\/les-modes1.jpg\" target=\"_self\"><div class=\"vc_single_image-wrapper vc_box_rounded  vc_box_border_grey\"><img class=\"vc_single_image-img \" src=\"https:\/\/60tesoros.usal.edu.ar\/wp-content\/uploads\/2016\/03\/les-modes1.jpg\" width=\"530\" height=\"471\" alt=\"\" title=\"\" \/><\/div><\/a>\n\t\t<\/div>\n\t<\/div>\n<\/div><\/div><\/div><div class=\"vc_row wpb_row vc_row-fluid\"><div class=\"wpb_column vc_column_container vc_col-sm-12\"><div class=\"wpb_wrapper\"><!-- vc_grid start -->\n<div class=\"vc_grid-container-wrapper vc_clearfix\">\n\t<div class=\"vc_grid-container vc_clearfix wpb_content_element vc_media_grid\"\n\t\t data-vc-grid-settings=\"{&quot;page_id&quot;:934,&quot;style&quot;:&quot;all&quot;,&quot;action&quot;:&quot;vc_get_vc_grid_data&quot;,&quot;animation_in&quot;:&quot;zoomIn&quot;,&quot;shortcode_id&quot;:&quot;{failed_to_get_id:\\&quot;vc_gid:1457379215495-dc4cc70f204d5b880805785aa10be55a-6\\&quot;}&quot;,&quot;tag&quot;:&quot;vc_media_grid&quot;}\"\n\t\t data-vc-request=\"\/wp-admin\/admin-ajax.php\"\n\t\t data-vc-post-id=\"934\"\n\t\t data-vc-public-nonce=\"c6f643b227\">\n\t<\/div>\n<\/div><!-- vc_grid end -->\n\t<div class=\"wpb_text_column wpb_content_element \">\n\t\t<div class=\"wpb_wrapper\">\n\t\t\t<p style=\"text-align: center;\">Haga click en la imagen para agrandar<\/p>\n\n\t\t<\/div>\n\t<\/div>\n<\/div><\/div><\/div><div data-vc-full-width=\"true\" data-vc-full-width-init=\"false\" data-vc-stretch-content=\"true\" class=\"vc_row wpb_row vc_row-fluid vc_custom_1457612833525\"><div class=\"wpb_column vc_column_container vc_col-sm-12\"><div class=\"wpb_wrapper\"><!-- vc_grid start -->\n<div class=\"vc_grid-container-wrapper vc_clearfix\">\n\t<div class=\"vc_grid-container vc_clearfix wpb_content_element vc_basic_grid vc_custom_1458071234038\"\n\t\t data-vc-grid-settings=\"{&quot;page_id&quot;:934,&quot;style&quot;:&quot;pagination&quot;,&quot;action&quot;:&quot;vc_get_vc_grid_data&quot;,&quot;animation_in&quot;:&quot;&quot;,&quot;shortcode_id&quot;:&quot;{failed_to_get_id:\\&quot;vc_gid:1457379215582-bbb288b807c2d9e892fea118bec19a02-3\\&quot;}&quot;,&quot;items_per_page&quot;:&quot;6&quot;,&quot;auto_play&quot;:true,&quot;gap&quot;:30,&quot;speed&quot;:5000,&quot;loop&quot;:&quot;yes&quot;,&quot;animation_out&quot;:&quot;&quot;,&quot;arrows_design&quot;:&quot;vc_arrow-icon-arrow_02_left&quot;,&quot;arrows_color&quot;:&quot;chino&quot;,&quot;arrows_position&quot;:&quot;inside&quot;,&quot;paging_design&quot;:&quot;none&quot;,&quot;paging_color&quot;:&quot;grey&quot;,&quot;tag&quot;:&quot;vc_basic_grid&quot;}\"\n\t\t data-vc-request=\"\/wp-admin\/admin-ajax.php\"\n\t\t data-vc-post-id=\"934\"\n\t\t data-vc-public-nonce=\"c6f643b227\">\n\t<\/div>\n<\/div><!-- vc_grid end --><\/div><\/div><\/div><div class=\"vc_row-full-width\"><\/div>\n","protected":false},"excerpt":{"rendered":"Les modes : revue mensuelle illustr\u00e9e des arts d\u00e9coratifs appliqu\u00e9s \u00e0 la femme La revista Les Modes\u2026 permite conocer las costumbres y [...]","protected":false},"author":2,"featured_media":0,"parent":0,"menu_order":25,"comment_status":"closed","ping_status":"closed","template":"","meta":{"ngg_post_thumbnail":0},"_links":{"self":[{"href":"https:\/\/60tesoros.usal.edu.ar\/index.php\/wp-json\/wp\/v2\/pages\/934"}],"collection":[{"href":"https:\/\/60tesoros.usal.edu.ar\/index.php\/wp-json\/wp\/v2\/pages"}],"about":[{"href":"https:\/\/60tesoros.usal.edu.ar\/index.php\/wp-json\/wp\/v2\/types\/page"}],"author":[{"embeddable":true,"href":"https:\/\/60tesoros.usal.edu.ar\/index.php\/wp-json\/wp\/v2\/users\/2"}],"replies":[{"embeddable":true,"href":"https:\/\/60tesoros.usal.edu.ar\/index.php\/wp-json\/wp\/v2\/comments?post=934"}],"version-history":[{"count":5,"href":"https:\/\/60tesoros.usal.edu.ar\/index.php\/wp-json\/wp\/v2\/pages\/934\/revisions"}],"predecessor-version":[{"id":1418,"href":"https:\/\/60tesoros.usal.edu.ar\/index.php\/wp-json\/wp\/v2\/pages\/934\/revisions\/1418"}],"wp:attachment":[{"href":"https:\/\/60tesoros.usal.edu.ar\/index.php\/wp-json\/wp\/v2\/media?parent=934"}],"curies":[{"name":"wp","href":"https:\/\/api.w.org\/{rel}","templated":true}]}}