{"id":931,"date":"2016-03-07T17:32:57","date_gmt":"2016-03-07T17:32:57","guid":{"rendered":"http:\/\/60tesoros.usal.edu.ar\/?page_id=931"},"modified":"2016-04-07T14:12:00","modified_gmt":"2016-04-07T14:12:00","slug":"the-brotherhood-of-the-rosy-cross","status":"publish","type":"page","link":"https:\/\/60tesoros.usal.edu.ar\/index.php\/the-brotherhood-of-the-rosy-cross\/","title":{"rendered":"The brotherhood of the Rosy Cross&#8230;"},"content":{"rendered":"<div data-vc-parallax=\"1.5\" class=\"vc_row wpb_row vc_row-fluid vc_custom_1457365379932 vc_general vc_parallax vc_parallax-content-moving\"><div class=\"wpb_column vc_column_container vc_col-sm-6\"><div class=\"wpb_wrapper\"><h2 style=\"font-size: 20pt;color: #e2c790;text-align: left\" class=\"vc_custom_heading vc_custom_1457553541646\">The brotherhood of the Rosy Cross : being record of the house of the holy spirit in its inward and outward history <\/h2>\n\t<div class=\"wpb_text_column wpb_content_element \">\n\t\t<div class=\"wpb_wrapper\">\n\t\t\t<p>Esta obra forma parte de la Exposici\u00f3n por ser un libro emblem\u00e1tico para la historia del ocultismo. Arthur Waite (1857-1943) es un m\u00edstico cristiano que se destac\u00f3 como escritor prol\u00edfico en temas mas\u00f3nicos y ocultistas, c\u00e1bala, alquimia, magia y rosacrucismo. Recordado por la cubierta del Tarot que lleva su nombre, en 1914 entr\u00f3 en la Hermandad de la Orden de la Rosa Cruz en Anglia (SRIA) realizando su contribuci\u00f3n fundamental: llev\u00f3 a cabo el primer intento de estudio sistem\u00e1tico del ocultismo en occidente sac\u00e1ndolo de las sombras del secreto y de los excesos de ritual m\u00e1gico. <em>The brotherhood of the Rosy Cross\u2026<\/em> es la edici\u00f3n original de una obra que sigue siendo el \u00fanico trabajo hist\u00f3rico significativo sobre el movimiento de la Orden en el que Waite, especulativo y esc\u00e9ptico, despliega sus dotes de objetividad y capacidad innata como historiador. Los contenidos se distribuyen en veinticuatro cap\u00edtulos que abordan con profundidad los or\u00edgenes, crecimiento, tradici\u00f3n y la simbolog\u00eda de la Orden; qui\u00e9nes fueron los precursores y cu\u00e1les son las obras fundacionales como por ejemplo la obra <em>Bodas Qu\u00edmicas<\/em> de Christian Rosenkreutz (1616) publicada por el gran maestro esot\u00e9rico rosacruz Johann Valentin Andreae, o el primer manifiesto rosacruz denominado <em>Fama Fraternitatis<\/em>. El libro presenta diecis\u00e9is grabados con la explicaci\u00f3n detallada del simbolismo de cada uno de ellos.<\/p>\n<p><strong>The brotherhood of the Rosy Cross : being record of the house of the holy spirit in its inward and outward history \/ Arthur Edward Waite. London : William Rider, 1924. xxiii, 649 p. : il. ; 23 cm. Colecci\u00f3n Quiles.<\/strong><\/p>\n\n\t\t<\/div>\n\t<\/div>\n<div class=\"vc_btn3-container  boton_borde vc_btn3-left\"><a class=\"vc_general vc_btn3 vc_btn3-size-md vc_btn3-shape-rounded vc_btn3-style-outline vc_btn3-icon-right vc_btn3-color-inverse\" href=\"http:\/\/60tesoros.usal.edu.ar\/index.php\/colecciones-particulares\/\" title=\"\" target=\"_self\">Volver a Colecciones Particulares <i class=\"vc_btn3-icon fa fa-share\"><\/i><\/a><\/div>\n<\/div><\/div><div class=\"wpb_column vc_column_container vc_col-sm-6\"><div class=\"wpb_wrapper\">\n\t<div class=\"wpb_single_image wpb_content_element vc_align_center  vc_custom_1457553568170\">\n\t\t<div class=\"wpb_wrapper\">\n\t\t\t\n\t\t\t<a class=\"prettyphoto\" rel=\"prettyPhoto[rel-931-1928635122]\" href=\"https:\/\/60tesoros.usal.edu.ar\/wp-content\/uploads\/2016\/03\/brotherhood1.jpg\" target=\"_self\"><div class=\"vc_single_image-wrapper vc_box_rounded  vc_box_border_grey\"><img class=\"vc_single_image-img \" src=\"https:\/\/60tesoros.usal.edu.ar\/wp-content\/uploads\/2016\/03\/brotherhood1.jpg\" width=\"530\" height=\"471\" alt=\"\" title=\"\" \/><\/div><\/a>\n\t\t<\/div>\n\t<\/div>\n<\/div><\/div><\/div><div class=\"vc_row wpb_row vc_row-fluid\"><div class=\"wpb_column vc_column_container vc_col-sm-12\"><div class=\"wpb_wrapper\"><!-- vc_grid start -->\n<div class=\"vc_grid-container-wrapper vc_clearfix\">\n\t<div class=\"vc_grid-container vc_clearfix wpb_content_element vc_media_grid\"\n\t\t data-vc-grid-settings=\"{&quot;page_id&quot;:931,&quot;style&quot;:&quot;all&quot;,&quot;action&quot;:&quot;vc_get_vc_grid_data&quot;,&quot;animation_in&quot;:&quot;zoomIn&quot;,&quot;shortcode_id&quot;:&quot;{failed_to_get_id:\\&quot;vc_gid:1457378977153-72e685822d15eb939f128823e0af80bb-9\\&quot;}&quot;,&quot;tag&quot;:&quot;vc_media_grid&quot;}\"\n\t\t data-vc-request=\"\/wp-admin\/admin-ajax.php\"\n\t\t data-vc-post-id=\"931\"\n\t\t data-vc-public-nonce=\"159839fa61\">\n\t<\/div>\n<\/div><!-- vc_grid end -->\n\t<div class=\"wpb_text_column wpb_content_element \">\n\t\t<div class=\"wpb_wrapper\">\n\t\t\t<p style=\"text-align: center;\">Haga click en la imagen para agrandar<\/p>\n\n\t\t<\/div>\n\t<\/div>\n<\/div><\/div><\/div><div data-vc-full-width=\"true\" data-vc-full-width-init=\"false\" data-vc-stretch-content=\"true\" class=\"vc_row wpb_row vc_row-fluid vc_custom_1457553636496\"><div class=\"wpb_column vc_column_container vc_col-sm-12\"><div class=\"wpb_wrapper\"><!-- vc_grid start -->\n<div class=\"vc_grid-container-wrapper vc_clearfix\">\n\t<div class=\"vc_grid-container vc_clearfix wpb_content_element vc_basic_grid vc_custom_1458070454328\"\n\t\t data-vc-grid-settings=\"{&quot;page_id&quot;:931,&quot;style&quot;:&quot;pagination&quot;,&quot;action&quot;:&quot;vc_get_vc_grid_data&quot;,&quot;animation_in&quot;:&quot;&quot;,&quot;shortcode_id&quot;:&quot;{failed_to_get_id:\\&quot;vc_gid:1457378977239-c69e7b60cb50b7de4c0bad66c336826b-6\\&quot;}&quot;,&quot;items_per_page&quot;:&quot;6&quot;,&quot;auto_play&quot;:true,&quot;gap&quot;:30,&quot;speed&quot;:5000,&quot;loop&quot;:&quot;yes&quot;,&quot;animation_out&quot;:&quot;&quot;,&quot;arrows_design&quot;:&quot;vc_arrow-icon-arrow_02_left&quot;,&quot;arrows_color&quot;:&quot;chino&quot;,&quot;arrows_position&quot;:&quot;inside&quot;,&quot;paging_design&quot;:&quot;none&quot;,&quot;paging_color&quot;:&quot;grey&quot;,&quot;tag&quot;:&quot;vc_basic_grid&quot;}\"\n\t\t data-vc-request=\"\/wp-admin\/admin-ajax.php\"\n\t\t data-vc-post-id=\"931\"\n\t\t data-vc-public-nonce=\"159839fa61\">\n\t<\/div>\n<\/div><!-- vc_grid end --><\/div><\/div><\/div><div class=\"vc_row-full-width\"><\/div>\n","protected":false},"excerpt":{"rendered":"The brotherhood of the Rosy Cross : being record of the house of the holy spirit in its inward and outward history [...]","protected":false},"author":2,"featured_media":0,"parent":0,"menu_order":24,"comment_status":"closed","ping_status":"closed","template":"","meta":{"ngg_post_thumbnail":0},"_links":{"self":[{"href":"https:\/\/60tesoros.usal.edu.ar\/index.php\/wp-json\/wp\/v2\/pages\/931"}],"collection":[{"href":"https:\/\/60tesoros.usal.edu.ar\/index.php\/wp-json\/wp\/v2\/pages"}],"about":[{"href":"https:\/\/60tesoros.usal.edu.ar\/index.php\/wp-json\/wp\/v2\/types\/page"}],"author":[{"embeddable":true,"href":"https:\/\/60tesoros.usal.edu.ar\/index.php\/wp-json\/wp\/v2\/users\/2"}],"replies":[{"embeddable":true,"href":"https:\/\/60tesoros.usal.edu.ar\/index.php\/wp-json\/wp\/v2\/comments?post=931"}],"version-history":[{"count":9,"href":"https:\/\/60tesoros.usal.edu.ar\/index.php\/wp-json\/wp\/v2\/pages\/931\/revisions"}],"predecessor-version":[{"id":1509,"href":"https:\/\/60tesoros.usal.edu.ar\/index.php\/wp-json\/wp\/v2\/pages\/931\/revisions\/1509"}],"wp:attachment":[{"href":"https:\/\/60tesoros.usal.edu.ar\/index.php\/wp-json\/wp\/v2\/media?parent=931"}],"curies":[{"name":"wp","href":"https:\/\/api.w.org\/{rel}","templated":true}]}}