{"id":920,"date":"2016-03-07T17:21:26","date_gmt":"2016-03-07T17:21:26","guid":{"rendered":"http:\/\/60tesoros.usal.edu.ar\/?page_id=920"},"modified":"2016-03-18T16:30:41","modified_gmt":"2016-03-18T16:30:41","slug":"lecciones-orales-de-clinica-quirurgica","status":"publish","type":"page","link":"https:\/\/60tesoros.usal.edu.ar\/index.php\/lecciones-orales-de-clinica-quirurgica\/","title":{"rendered":"Lecciones orales de cl\u00ednica quir\u00fargica"},"content":{"rendered":"<div data-vc-parallax=\"1.5\" class=\"vc_row wpb_row vc_row-fluid vc_custom_1457365379932 vc_general vc_parallax vc_parallax-content-moving\"><div class=\"wpb_column vc_column_container vc_col-sm-6\"><div class=\"wpb_wrapper\"><h2 style=\"font-size: 20pt;color: #e2c790;text-align: left\" class=\"vc_custom_heading vc_custom_1457527383449\">Lecciones orales de cl\u00ednica quir\u00fargica : dadas en el hotel-Dieu de Par\u00eds por el Bar\u00f3n Dupuytren<\/h2>\n\t<div class=\"wpb_text_column wpb_content_element \">\n\t\t<div class=\"wpb_wrapper\">\n\t\t\t<p>Esta obra se ha incluido en la Exposici\u00f3n debido a los aportes del autor a la Medicina. El bar\u00f3n Guillaume Dupuytren (1777-1835) fue un destacado anatomista, pat\u00f3logo y cirujano del Siglo XIX. <em>Le\u00e7ons orales\u2026<\/em>, constituye una recopilaci\u00f3n de las clases de Dupuytren realizada por sus estudiantes y colaboradores. Esta versi\u00f3n espa\u00f1ola de 1858 es traducci\u00f3n de la segunda edici\u00f3n francesa, a la cual respeta en cuanto estructura y contenido. Como dicha segunda edici\u00f3n se public\u00f3 luego de su deceso en 1835 presenta la descripci\u00f3n de la autopsia efectuada por algunos de sus colaboradores con un nivel de detalle sorprendente. Dupuytren hab\u00eda manifestado en vida su deseo de que se realizara la inspecci\u00f3n post-morten de su cuerpo y que se redactara la exposici\u00f3n verbal de la necropsia. Por ello este escrito, adem\u00e1s de su valor hist\u00f3rico, otorga a esta edici\u00f3n un dramatismo adicional que trasciende al texto cient\u00edfico en s\u00ed. El impresor madrile\u00f1o Pedro Montero, responsable de la publicaci\u00f3n, pertenece a un per\u00edodo de la historia del libro que se caracteriz\u00f3 por introducir cambios decisivos en el mundo editorial posterior a la Primera Revoluci\u00f3n Industrial, cuando se pas\u00f3 de una elaboraci\u00f3n artesanal del libro a una verdadera industria editorial. La imprenta de Pedro Montero fue muy prol\u00edfica editando en una variedad asombrosa de formatos.<\/p>\n<p><strong>Lecciones orales de cl\u00ednica quir\u00fargica : dadas en el hotel-Dieu de Par\u00eds por el Bar\u00f3n Dupuytren \/ recopiladas y publicadas por los Dres. Brierre de Boismont y Marx ; traducci\u00f3n por los Prof. D. Victoriano Usera\u2026[et al.]. Madrid : Don Pedro Montero imp., 1858. 4 v. en 2 ; 24 cm. Colecci\u00f3n Albanese.<\/strong><\/p>\n\n\t\t<\/div>\n\t<\/div>\n<div class=\"vc_btn3-container  boton_borde vc_btn3-left\"><a class=\"vc_general vc_btn3 vc_btn3-size-md vc_btn3-shape-rounded vc_btn3-style-outline vc_btn3-icon-right vc_btn3-color-inverse\" href=\"http:\/\/60tesoros.usal.edu.ar\/index.php\/colecciones-particulares\/\" title=\"\" target=\"_self\">Volver a Colecciones Particulares <i class=\"vc_btn3-icon fa fa-share\"><\/i><\/a><\/div>\n<\/div><\/div><div class=\"wpb_column vc_column_container vc_col-sm-6\"><div class=\"wpb_wrapper\">\n\t<div class=\"wpb_single_image wpb_content_element vc_align_center  vc_custom_1457527419930\">\n\t\t<div class=\"wpb_wrapper\">\n\t\t\t\n\t\t\t<a class=\"prettyphoto\" rel=\"prettyPhoto[rel-920-963262966]\" href=\"https:\/\/60tesoros.usal.edu.ar\/wp-content\/uploads\/2016\/03\/dupuytren1.jpg\" target=\"_self\"><div class=\"vc_single_image-wrapper vc_box_rounded  vc_box_border_grey\"><img class=\"vc_single_image-img \" src=\"https:\/\/60tesoros.usal.edu.ar\/wp-content\/uploads\/2016\/03\/dupuytren1.jpg\" width=\"530\" height=\"471\" alt=\"\" title=\"\" \/><\/div><\/a>\n\t\t<\/div>\n\t<\/div>\n<\/div><\/div><\/div><div class=\"vc_row wpb_row vc_row-fluid\"><div class=\"wpb_column vc_column_container vc_col-sm-12\"><div class=\"wpb_wrapper\"><!-- vc_grid start -->\n<div class=\"vc_grid-container-wrapper vc_clearfix\">\n\t<div class=\"vc_grid-container vc_clearfix wpb_content_element vc_media_grid\"\n\t\t data-vc-grid-settings=\"{&quot;page_id&quot;:920,&quot;style&quot;:&quot;all&quot;,&quot;action&quot;:&quot;vc_get_vc_grid_data&quot;,&quot;animation_in&quot;:&quot;zoomIn&quot;,&quot;shortcode_id&quot;:&quot;{failed_to_get_id:\\&quot;vc_gid:1457378287795-c0de712f2746ce474a36c7b7ac5fd871-2\\&quot;}&quot;,&quot;tag&quot;:&quot;vc_media_grid&quot;}\"\n\t\t data-vc-request=\"\/wp-admin\/admin-ajax.php\"\n\t\t data-vc-post-id=\"920\"\n\t\t data-vc-public-nonce=\"7ad70e971e\">\n\t<\/div>\n<\/div><!-- vc_grid end -->\n\t<div class=\"wpb_text_column wpb_content_element \">\n\t\t<div class=\"wpb_wrapper\">\n\t\t\t<p style=\"text-align: center;\">Haga click en la imagen para agrandar<\/p>\n\n\t\t<\/div>\n\t<\/div>\n<\/div><\/div><\/div><div data-vc-full-width=\"true\" data-vc-full-width-init=\"false\" data-vc-stretch-content=\"true\" class=\"vc_row wpb_row vc_row-fluid vc_custom_1457527480364\"><div class=\"wpb_column vc_column_container vc_col-sm-12\"><div class=\"wpb_wrapper\"><!-- vc_grid start -->\n<div class=\"vc_grid-container-wrapper vc_clearfix\">\n\t<div class=\"vc_grid-container vc_clearfix wpb_content_element vc_basic_grid vc_custom_1458071006267\"\n\t\t data-vc-grid-settings=\"{&quot;page_id&quot;:920,&quot;style&quot;:&quot;pagination&quot;,&quot;action&quot;:&quot;vc_get_vc_grid_data&quot;,&quot;animation_in&quot;:&quot;&quot;,&quot;shortcode_id&quot;:&quot;{failed_to_get_id:\\&quot;vc_gid:1457378287879-5ca63cdb80f81565f18cc9e8df53dcdb-1\\&quot;}&quot;,&quot;items_per_page&quot;:&quot;6&quot;,&quot;auto_play&quot;:true,&quot;gap&quot;:30,&quot;speed&quot;:5000,&quot;loop&quot;:&quot;yes&quot;,&quot;animation_out&quot;:&quot;&quot;,&quot;arrows_design&quot;:&quot;vc_arrow-icon-arrow_02_left&quot;,&quot;arrows_color&quot;:&quot;chino&quot;,&quot;arrows_position&quot;:&quot;inside&quot;,&quot;paging_design&quot;:&quot;none&quot;,&quot;paging_color&quot;:&quot;grey&quot;,&quot;tag&quot;:&quot;vc_basic_grid&quot;}\"\n\t\t data-vc-request=\"\/wp-admin\/admin-ajax.php\"\n\t\t data-vc-post-id=\"920\"\n\t\t data-vc-public-nonce=\"7ad70e971e\">\n\t<\/div>\n<\/div><!-- vc_grid end --><\/div><\/div><\/div><div class=\"vc_row-full-width\"><\/div>\n","protected":false},"excerpt":{"rendered":"Lecciones orales de cl\u00ednica quir\u00fargica : dadas en el hotel-Dieu de Par\u00eds por el Bar\u00f3n Dupuytren Esta obra se ha incluido en [...]","protected":false},"author":2,"featured_media":0,"parent":0,"menu_order":14,"comment_status":"closed","ping_status":"closed","template":"","meta":{"ngg_post_thumbnail":0},"_links":{"self":[{"href":"https:\/\/60tesoros.usal.edu.ar\/index.php\/wp-json\/wp\/v2\/pages\/920"}],"collection":[{"href":"https:\/\/60tesoros.usal.edu.ar\/index.php\/wp-json\/wp\/v2\/pages"}],"about":[{"href":"https:\/\/60tesoros.usal.edu.ar\/index.php\/wp-json\/wp\/v2\/types\/page"}],"author":[{"embeddable":true,"href":"https:\/\/60tesoros.usal.edu.ar\/index.php\/wp-json\/wp\/v2\/users\/2"}],"replies":[{"embeddable":true,"href":"https:\/\/60tesoros.usal.edu.ar\/index.php\/wp-json\/wp\/v2\/comments?post=920"}],"version-history":[{"count":7,"href":"https:\/\/60tesoros.usal.edu.ar\/index.php\/wp-json\/wp\/v2\/pages\/920\/revisions"}],"predecessor-version":[{"id":1470,"href":"https:\/\/60tesoros.usal.edu.ar\/index.php\/wp-json\/wp\/v2\/pages\/920\/revisions\/1470"}],"wp:attachment":[{"href":"https:\/\/60tesoros.usal.edu.ar\/index.php\/wp-json\/wp\/v2\/media?parent=920"}],"curies":[{"name":"wp","href":"https:\/\/api.w.org\/{rel}","templated":true}]}}