{"id":912,"date":"2016-03-07T17:10:55","date_gmt":"2016-03-07T17:10:55","guid":{"rendered":"http:\/\/60tesoros.usal.edu.ar\/?page_id=912"},"modified":"2016-03-08T16:25:51","modified_gmt":"2016-03-08T16:25:51","slug":"armamentarium-chirurgicum","status":"publish","type":"page","link":"https:\/\/60tesoros.usal.edu.ar\/index.php\/armamentarium-chirurgicum\/","title":{"rendered":"Armamentarium chirurgicum&#8230;"},"content":{"rendered":"<div data-vc-parallax=\"1.5\" class=\"vc_row wpb_row vc_row-fluid vc_custom_1457365379932 vc_general vc_parallax vc_parallax-content-moving\"><div class=\"wpb_column vc_column_container vc_col-sm-6\"><div class=\"wpb_wrapper\"><h2 style=\"font-size: 20pt;color: #e2c790;text-align: left\" class=\"vc_custom_heading vc_custom_1457460960734\">Armamentarium chirurgicum : oder m\u00f6glichst vollst\u00e4ndige sammlung von abbildungen und beschreibung chirurgischer instrumente \u00e4lterer und neuerer zeit<\/h2>\n\t<div class=\"wpb_text_column wpb_content_element \">\n\t\t<div class=\"wpb_wrapper\">\n\t\t\t<p>Llama la atenci\u00f3n la diferencia en cuanto a la forma entre los vol\u00famenes uno y dos y el tercero que se presenta oblongo y de gran tama\u00f1o. En efecto, el volumen tres es un complemento que contiene ilustraciones del instrumental quir\u00fargico de finales del Siglo XIX. Las palabras se encuentran pr\u00e1cticamente ausentes: s\u00f3lo el t\u00edtulo y, de tanto en tanto a pie de p\u00e1gina, los cr\u00e9ditos de impresi\u00f3n: \u201cDruck, ans der lithogr. Arbeit das Eduard Pelz in Breslaus\u201d. Las p\u00e1ginas, numeradas en n\u00fameros romanos, se van llenando con ilustraciones de distintos instrumentos quir\u00fargicos, en tinta negra. Tambi\u00e9n cada uno de los dise\u00f1os est\u00e1 numerado; en la primera plancha, por ejemplo, son ochenta los dibujos que aparecen: agujas y pinzas de diferentes formas y tama\u00f1os. Junto a las ilustraciones hay nombres de marcas, como Savigny, Theden, Foubert, Wenzel, Perret, Brambilla, Riultarffer, Krauer, Petit. El volumen, adem\u00e1s, cuenta con marcas en l\u00e1piz azul, se\u00f1alamientos en forma de flecha que indican con precisi\u00f3n varios instrumentos en particular: tal vez se trate de trazos realizados por alguno de los doctores Finochietto, que dej\u00f3 as\u00ed huellas de su lectura en las presentes p\u00e1ginas.<\/p>\n<p><strong>Armamentarium chirurgicum : oder m\u00f6glichst vollst\u00e4ndige sammlung von abbildungen und beschreibung chirurgischer instrumente \u00e4lterer und neuerer zeit \/ herausgegeben von Dr. A. W. H. Seerig. \u2015 Breslau : A. Gosohorsky, 1838. \u2015 3 v. : ampliamente il. ; 22 cm. En el v.3 se presenta el cat\u00e1logo fotograbado del instrumental quir\u00fargico, contiene todas las ilustraciones en blanco y negro referenciadas en el cuerpo de la obra. Es un formato de libro apaisado en folio doble marquilla cuyas medidas son 70 x 60 cm. Colecci\u00f3n Finochietto.<\/strong><\/p>\n\n\t\t<\/div>\n\t<\/div>\n<div class=\"vc_btn3-container  boton_borde vc_btn3-left\"><a class=\"vc_general vc_btn3 vc_btn3-size-md vc_btn3-shape-rounded vc_btn3-style-outline vc_btn3-icon-right vc_btn3-color-inverse\" href=\"http:\/\/60tesoros.usal.edu.ar\/index.php\/colecciones-particulares\/\" title=\"\" target=\"_self\">Volver a Colecciones Particulares <i class=\"vc_btn3-icon fa fa-share\"><\/i><\/a><\/div>\n<\/div><\/div><div class=\"wpb_column vc_column_container vc_col-sm-6\"><div class=\"wpb_wrapper\">\n\t<div class=\"wpb_single_image wpb_content_element vc_align_center  vc_custom_1457461294837\">\n\t\t<div class=\"wpb_wrapper\">\n\t\t\t\n\t\t\t<a class=\"prettyphoto\" rel=\"prettyPhoto[rel-912-774964188]\" href=\"https:\/\/60tesoros.usal.edu.ar\/wp-content\/uploads\/2016\/03\/armamentarium.jpg\" target=\"_self\"><div class=\"vc_single_image-wrapper vc_box_rounded  vc_box_border_grey\"><img class=\"vc_single_image-img \" src=\"https:\/\/60tesoros.usal.edu.ar\/wp-content\/uploads\/2016\/03\/armamentarium.jpg\" width=\"530\" height=\"471\" alt=\"\" title=\"\" \/><\/div><\/a>\n\t\t<\/div>\n\t<\/div>\n<\/div><\/div><\/div><div class=\"vc_row wpb_row vc_row-fluid\"><div class=\"wpb_column vc_column_container vc_col-sm-12\"><div class=\"wpb_wrapper\"><!-- vc_grid start -->\n<div class=\"vc_grid-container-wrapper vc_clearfix\">\n\t<div class=\"vc_grid-container vc_clearfix wpb_content_element vc_media_grid\"\n\t\t data-vc-grid-settings=\"{&quot;page_id&quot;:912,&quot;style&quot;:&quot;all&quot;,&quot;action&quot;:&quot;vc_get_vc_grid_data&quot;,&quot;animation_in&quot;:&quot;zoomIn&quot;,&quot;shortcode_id&quot;:&quot;{failed_to_get_id:\\&quot;vc_gid:1457377393914-77f19e4256759c1d43491a626fe4129b-1\\&quot;}&quot;,&quot;tag&quot;:&quot;vc_media_grid&quot;}\"\n\t\t data-vc-request=\"\/wp-admin\/admin-ajax.php\"\n\t\t data-vc-post-id=\"912\"\n\t\t data-vc-public-nonce=\"7a5bbaa05d\">\n\t<\/div>\n<\/div><!-- vc_grid end -->\n\t<div class=\"wpb_text_column wpb_content_element \">\n\t\t<div class=\"wpb_wrapper\">\n\t\t\t<p style=\"text-align: center;\">Haga click en la imagen para agrandar<\/p>\n\n\t\t<\/div>\n\t<\/div>\n<\/div><\/div><\/div><div data-vc-full-width=\"true\" data-vc-full-width-init=\"false\" data-vc-stretch-content=\"true\" class=\"vc_row wpb_row vc_row-fluid vc_custom_1457461349683\"><div class=\"wpb_column vc_column_container vc_col-sm-12\"><div class=\"wpb_wrapper\"><!-- vc_grid start -->\n<div class=\"vc_grid-container-wrapper vc_clearfix\">\n\t<div class=\"vc_grid-container vc_clearfix wpb_content_element vc_basic_grid vc_custom_1457461337833\"\n\t\t data-vc-grid-settings=\"{&quot;page_id&quot;:912,&quot;style&quot;:&quot;pagination&quot;,&quot;action&quot;:&quot;vc_get_vc_grid_data&quot;,&quot;animation_in&quot;:&quot;&quot;,&quot;shortcode_id&quot;:&quot;{failed_to_get_id:\\&quot;vc_gid:1457377393978-7d667e021e2daefe8c0260158ed9e432-10\\&quot;}&quot;,&quot;items_per_page&quot;:&quot;6&quot;,&quot;auto_play&quot;:true,&quot;gap&quot;:30,&quot;speed&quot;:5000,&quot;loop&quot;:&quot;yes&quot;,&quot;animation_out&quot;:&quot;&quot;,&quot;arrows_design&quot;:&quot;vc_arrow-icon-arrow_02_left&quot;,&quot;arrows_color&quot;:&quot;chino&quot;,&quot;arrows_position&quot;:&quot;inside&quot;,&quot;paging_design&quot;:&quot;none&quot;,&quot;paging_color&quot;:&quot;grey&quot;,&quot;tag&quot;:&quot;vc_basic_grid&quot;}\"\n\t\t data-vc-request=\"\/wp-admin\/admin-ajax.php\"\n\t\t data-vc-post-id=\"912\"\n\t\t data-vc-public-nonce=\"7a5bbaa05d\">\n\t<\/div>\n<\/div><!-- vc_grid end --><\/div><\/div><\/div><div class=\"vc_row-full-width\"><\/div>\n","protected":false},"excerpt":{"rendered":"Armamentarium chirurgicum : oder m\u00f6glichst vollst\u00e4ndige sammlung von abbildungen und beschreibung chirurgischer instrumente \u00e4lterer und neuerer zeit Llama la atenci\u00f3n la diferencia [...]","protected":false},"author":2,"featured_media":0,"parent":0,"menu_order":11,"comment_status":"closed","ping_status":"closed","template":"","meta":{"ngg_post_thumbnail":0},"_links":{"self":[{"href":"https:\/\/60tesoros.usal.edu.ar\/index.php\/wp-json\/wp\/v2\/pages\/912"}],"collection":[{"href":"https:\/\/60tesoros.usal.edu.ar\/index.php\/wp-json\/wp\/v2\/pages"}],"about":[{"href":"https:\/\/60tesoros.usal.edu.ar\/index.php\/wp-json\/wp\/v2\/types\/page"}],"author":[{"embeddable":true,"href":"https:\/\/60tesoros.usal.edu.ar\/index.php\/wp-json\/wp\/v2\/users\/2"}],"replies":[{"embeddable":true,"href":"https:\/\/60tesoros.usal.edu.ar\/index.php\/wp-json\/wp\/v2\/comments?post=912"}],"version-history":[{"count":7,"href":"https:\/\/60tesoros.usal.edu.ar\/index.php\/wp-json\/wp\/v2\/pages\/912\/revisions"}],"predecessor-version":[{"id":1098,"href":"https:\/\/60tesoros.usal.edu.ar\/index.php\/wp-json\/wp\/v2\/pages\/912\/revisions\/1098"}],"wp:attachment":[{"href":"https:\/\/60tesoros.usal.edu.ar\/index.php\/wp-json\/wp\/v2\/media?parent=912"}],"curies":[{"name":"wp","href":"https:\/\/api.w.org\/{rel}","templated":true}]}}