{"id":892,"date":"2016-03-07T15:16:00","date_gmt":"2016-03-07T15:16:00","guid":{"rendered":"http:\/\/60tesoros.usal.edu.ar\/?page_id=892"},"modified":"2016-03-28T14:14:31","modified_gmt":"2016-03-28T14:14:31","slug":"instituciones-practicas-de-los-juicios-civiles","status":"publish","type":"page","link":"https:\/\/60tesoros.usal.edu.ar\/index.php\/instituciones-practicas-de-los-juicios-civiles\/","title":{"rendered":"Instituciones pr\u00e1cticas de los juicios civiles"},"content":{"rendered":"<div data-vc-parallax=\"1.5\" class=\"vc_row wpb_row vc_row-fluid vc_custom_1457365379932 vc_general vc_parallax vc_parallax-content-moving\"><div class=\"wpb_column vc_column_container vc_col-sm-6\"><div class=\"wpb_wrapper\"><h2 style=\"font-size: 22pt;color: #e2c790;text-align: left\" class=\"vc_custom_heading vc_custom_1459181392743\">Instituciones pr\u00e1cticas de los juicios civiles, as\u00ed ordinarios como extraordinarios, en todos sus tr\u00e1mites, seg\u00fan se empiezan, contin\u00faan y acaban en los Tribunales Reales<\/h2>\n\t<div class=\"wpb_text_column wpb_content_element \">\n\t\t<div class=\"wpb_wrapper\">\n\t\t\t<p>La obra se presenta encuadernada en pergamino, con cierres de cuerdas originales. Su autor es Juan Acedo-Rico y Rodr\u00edguez (1760-1821), un jurista espa\u00f1ol que form\u00f3 parte de la Corte de Carlos III y que tambi\u00e9n fue abogado del Consejo de Castilla. El primer tomo incluye una Dedicatoria a la Reina y un Pr\u00f3logo que hace una fuerte defensa de la necesidad de los juicios civiles. El tomo contin\u00faa con un cap\u00edtulo dedicado al origen de las leyes de Espa\u00f1a y abunda en detalles sobre la demanda civil y sus partes y sobre la sentencia definitiva y sus efectos, entre otros t\u00f3picos. La Segunda Parte trata, por ejemplo, la ejecuci\u00f3n de las sentencias y la tercera, los excesos de los jueces ejecutores. El volumen dos presenta una secuencia de dedicatorias que muestra parte del entramado de relaciones y reconocimientos del mundo jur\u00eddico argentino de fines del Siglo XIX y principios del XX. En marzo de 1879 el diplom\u00e1tico y juez federal de Salta y Jujuy, Benjam\u00edn Figueroa (1849-1905) recibe el volumen, el que ser\u00e1 entregado al afamado jurisconsulto correntino Lisandro Segovia (1842-1904) en junio de 1894, cuatro a\u00f1os despu\u00e9s de haber participado con Figueroa en la comisi\u00f3n reformadora de la Constituci\u00f3n Nacional de 1890. Deber\u00e1n pasar cuarenta a\u00f1os (agosto de 1934) para que Lucila Segovia entregue al eminente jurisconsulto Jes\u00fas H. Paz el ejemplar que finalmente se atesora la Biblioteca Hist\u00f3rica de la USAL.<\/p>\n<p><strong>Instituciones pr\u00e1cticas de los juicios civiles, as\u00ed ordinarios como extraordinarios, en todos sus tr\u00e1mites, seg\u00fan se empiezan, contin\u00faan y acaban en los Tribunales Reales \/ por el Conde de la Ca\u00f1ada gobernador del Consejo, y C\u00e1mara de Castilla. 2a ed. Madrid : Oficina de don Benito Cano, 1794. 2 v. ; 4\u00ba (30 cm.). Colecci\u00f3n Paz.<\/strong><\/p>\n\n\t\t<\/div>\n\t<\/div>\n<div class=\"vc_btn3-container  boton_borde vc_btn3-left\"><a class=\"vc_general vc_btn3 vc_btn3-size-md vc_btn3-shape-rounded vc_btn3-style-outline vc_btn3-icon-right vc_btn3-color-inverse\" href=\"http:\/\/60tesoros.usal.edu.ar\/index.php\/colecciones-particulares\/\" title=\"\" target=\"_self\">Volver a Colecciones Particulares <i class=\"vc_btn3-icon fa fa-share\"><\/i><\/a><\/div>\n<\/div><\/div><div class=\"wpb_column vc_column_container vc_col-sm-6\"><div class=\"wpb_wrapper\">\n\t<div class=\"wpb_single_image wpb_content_element vc_align_center  vc_custom_1459181451740\">\n\t\t<div class=\"wpb_wrapper\">\n\t\t\t\n\t\t\t<a class=\"prettyphoto\" rel=\"prettyPhoto[rel-892-415620408]\" href=\"https:\/\/60tesoros.usal.edu.ar\/wp-content\/uploads\/2016\/03\/instituciones.jpg\" target=\"_self\"><div class=\"vc_single_image-wrapper vc_box_rounded  vc_box_border_grey\"><img class=\"vc_single_image-img \" src=\"https:\/\/60tesoros.usal.edu.ar\/wp-content\/uploads\/2016\/03\/instituciones.jpg\" width=\"530\" height=\"471\" alt=\"\" title=\"\" \/><\/div><\/a>\n\t\t<\/div>\n\t<\/div>\n<\/div><\/div><\/div><div class=\"vc_row wpb_row vc_row-fluid\"><div class=\"wpb_column vc_column_container vc_col-sm-12\"><div class=\"wpb_wrapper\"><!-- vc_grid start -->\n<div class=\"vc_grid-container-wrapper vc_clearfix\">\n\t<div class=\"vc_grid-container vc_clearfix wpb_content_element vc_media_grid\"\n\t\t data-vc-grid-settings=\"{&quot;page_id&quot;:892,&quot;style&quot;:&quot;all&quot;,&quot;action&quot;:&quot;vc_get_vc_grid_data&quot;,&quot;animation_in&quot;:&quot;zoomIn&quot;,&quot;shortcode_id&quot;:&quot;{failed_to_get_id:\\&quot;vc_gid:1457375896549-83538e63-72e0-8\\&quot;}&quot;,&quot;tag&quot;:&quot;vc_media_grid&quot;}\"\n\t\t data-vc-request=\"\/wp-admin\/admin-ajax.php\"\n\t\t data-vc-post-id=\"892\"\n\t\t data-vc-public-nonce=\"7ad70e971e\">\n\t<\/div>\n<\/div><!-- vc_grid end --><\/div><\/div><\/div><div data-vc-full-width=\"true\" data-vc-full-width-init=\"false\" data-vc-stretch-content=\"true\" class=\"vc_row wpb_row vc_row-fluid vc_custom_1457457602871\"><div class=\"wpb_column vc_column_container vc_col-sm-12\"><div class=\"wpb_wrapper\"><!-- vc_grid start -->\n<div class=\"vc_grid-container-wrapper vc_clearfix\">\n\t<div class=\"vc_grid-container vc_clearfix wpb_content_element vc_basic_grid vc_custom_1457458069945\"\n\t\t data-vc-grid-settings=\"{&quot;page_id&quot;:892,&quot;style&quot;:&quot;pagination&quot;,&quot;action&quot;:&quot;vc_get_vc_grid_data&quot;,&quot;animation_in&quot;:&quot;&quot;,&quot;shortcode_id&quot;:&quot;{failed_to_get_id:\\&quot;vc_gid:1457370767738-6a2c94ac9c67cfca79135b8434a4f937-9\\&quot;}&quot;,&quot;items_per_page&quot;:&quot;6&quot;,&quot;auto_play&quot;:true,&quot;gap&quot;:30,&quot;speed&quot;:5000,&quot;loop&quot;:&quot;yes&quot;,&quot;animation_out&quot;:&quot;&quot;,&quot;arrows_design&quot;:&quot;vc_arrow-icon-arrow_02_left&quot;,&quot;arrows_color&quot;:&quot;chino&quot;,&quot;arrows_position&quot;:&quot;inside&quot;,&quot;paging_design&quot;:&quot;none&quot;,&quot;paging_color&quot;:&quot;grey&quot;,&quot;tag&quot;:&quot;vc_basic_grid&quot;}\"\n\t\t data-vc-request=\"\/wp-admin\/admin-ajax.php\"\n\t\t data-vc-post-id=\"892\"\n\t\t data-vc-public-nonce=\"7ad70e971e\">\n\t<\/div>\n<\/div><!-- vc_grid end --><\/div><\/div><\/div><div class=\"vc_row-full-width\"><\/div>\n","protected":false},"excerpt":{"rendered":"Instituciones pr\u00e1cticas de los juicios civiles, as\u00ed ordinarios como extraordinarios, en todos sus tr\u00e1mites, seg\u00fan se empiezan, contin\u00faan y acaban en los [...]","protected":false},"author":2,"featured_media":0,"parent":0,"menu_order":7,"comment_status":"closed","ping_status":"closed","template":"","meta":{"ngg_post_thumbnail":0},"_links":{"self":[{"href":"https:\/\/60tesoros.usal.edu.ar\/index.php\/wp-json\/wp\/v2\/pages\/892"}],"collection":[{"href":"https:\/\/60tesoros.usal.edu.ar\/index.php\/wp-json\/wp\/v2\/pages"}],"about":[{"href":"https:\/\/60tesoros.usal.edu.ar\/index.php\/wp-json\/wp\/v2\/types\/page"}],"author":[{"embeddable":true,"href":"https:\/\/60tesoros.usal.edu.ar\/index.php\/wp-json\/wp\/v2\/users\/2"}],"replies":[{"embeddable":true,"href":"https:\/\/60tesoros.usal.edu.ar\/index.php\/wp-json\/wp\/v2\/comments?post=892"}],"version-history":[{"count":10,"href":"https:\/\/60tesoros.usal.edu.ar\/index.php\/wp-json\/wp\/v2\/pages\/892\/revisions"}],"predecessor-version":[{"id":1488,"href":"https:\/\/60tesoros.usal.edu.ar\/index.php\/wp-json\/wp\/v2\/pages\/892\/revisions\/1488"}],"wp:attachment":[{"href":"https:\/\/60tesoros.usal.edu.ar\/index.php\/wp-json\/wp\/v2\/media?parent=892"}],"curies":[{"name":"wp","href":"https:\/\/api.w.org\/{rel}","templated":true}]}}