{"id":214,"date":"2016-02-23T10:40:47","date_gmt":"2016-02-23T10:40:47","guid":{"rendered":"http:\/\/60tesoros.usal.edu.ar\/?page_id=214"},"modified":"2016-03-28T14:49:29","modified_gmt":"2016-03-28T14:49:29","slug":"indice-general-de-obras-expuestas","status":"publish","type":"page","link":"https:\/\/60tesoros.usal.edu.ar\/index.php\/indice-general-de-obras-expuestas\/","title":{"rendered":"Indice General de Obras Expuestas"},"content":{"rendered":"<div class=\"vc_row wpb_row vc_row-fluid\"><div class=\"wpb_column vc_column_container vc_col-sm-12\"><div class=\"wpb_wrapper\">\n\t<div class=\"wpb_text_column wpb_content_element \">\n\t\t<div class=\"wpb_wrapper\">\n\t\t\t<h4 style=\"color: #e2c790;\"><a href=\"http:\/\/60tesoros.usal.edu.ar\/index.php\/indice-general-de-obras-expuestas\/#explicacion\">\u00cdndice de t\u00edtulos<sup>1<\/sup><\/a><\/h4>\n<p><a href=\"http:\/\/60tesoros.usal.edu.ar\/index.php\/episodios-de-la-opera-de-beijing\/\" target=\"_blank\">[Episodios de la \u00d3pera de Beijing]<\/a><\/p>\n<p><a href=\"http:\/\/60tesoros.usal.edu.ar\/index.php\/anales-dramaticos-del-crimen\/\" target=\"_blank\">Anales dram\u00e1ticos del crimen : causas c\u00e9lebres espa\u00f1olas y extranjeras<\/a><\/p>\n<p><a href=\"http:\/\/60tesoros.usal.edu.ar\/index.php\/antologia-poetica-argentina\/\" target=\"_blank\">Antolog\u00eda po\u00e9tica argentina<\/a><\/p>\n<p><a href=\"http:\/\/60tesoros.usal.edu.ar\/index.php\/armamentarium-chirurgicum\/\" target=\"_blank\">Armamentarium chirurgicum : oder m\u00f6glichst vollst\u00e4ndige sammlung von abbildungen und beschreibung chirurgischer instrumente \u00e4lterer und neuerer zeit<\/a><\/p>\n<p><a href=\"http:\/\/60tesoros.usal.edu.ar\/index.php\/lart-1900-ou-le-style-jules-verne\/\" target=\"_blank\">Art 1900 : ou le style Jules Verne, L\u2019<\/a><\/p>\n<p><a href=\"http:\/\/60tesoros.usal.edu.ar\/index.php\/lart-de-perfectionner-lhomme-ou-de-la-medecine-spirituelle-et-morale\/\" target=\"_blank\">art de perfectionner l&#8217;homme ou de la m\u00e9decine spirituelle et morale, L\u2019<\/a><\/p>\n<p><a href=\"http:\/\/60tesoros.usal.edu.ar\/index.php\/avis-au-peuple-sur-sa-sante\/\" target=\"_blank\">Avis au peuple sur sa sant\u00e9<\/a><\/p>\n<p><a href=\"http:\/\/60tesoros.usal.edu.ar\/index.php\/azorin\/\" target=\"_blank\">Azor\u00edn<\/a><\/p>\n<p><a href=\"http:\/\/60tesoros.usal.edu.ar\/index.php\/el-barrio-de-flores\/\" target=\"_blank\">barrio de Flores : litograf\u00edas originales, El<\/a><\/p>\n<p><a href=\"http:\/\/60tesoros.usal.edu.ar\/index.php\/the-brotherhood-of-the-rosy-cross\/\" target=\"_blank\">brotherhood of the Rosy Cross : being record of the house of the holy spirit in its inward and outward history, The<\/a><\/p>\n<p><a href=\"http:\/\/60tesoros.usal.edu.ar\/index.php\/la-canonizzazione-dei-santi-ignazio-di-loiola\/\" target=\"_blank\">canonizzazione dei santi Ignazio di Loiola fondatore della Compagnia di Ges\u00f9 e Francesco Saverio apostolo dell&#8217; Oriente, La<\/a><\/p>\n<p><a href=\"http:\/\/60tesoros.usal.edu.ar\/index.php\/le-catechisme-des-jesuistes\/\" target=\"_blank\">catechisme des jesuistes ou le myst\u00e8re d&#8217;iniquit\u00e9 : revel\u00e9 par ses supposts, Le<\/a><\/p>\n<p><a href=\"http:\/\/60tesoros.usal.edu.ar\/index.php\/codigo-social-argentino\/\" target=\"_blank\">C\u00f3digo social (argentino)<\/a><\/p>\n<p><a href=\"http:\/\/60tesoros.usal.edu.ar\/index.php\/cours-darchitecture-ou-traite-de-la-decoration\/\" target=\"_blank\">Cours d&#8217;architecture ou trait\u00e9 de la d\u00e9coration, distribution et construction des b\u00e2timents<\/a><\/p>\n<p><a href=\"http:\/\/60tesoros.usal.edu.ar\/index.php\/de-arte-rhetorica-libri-quinque\/\" target=\"_blank\">De arte rhetorica libri quinque, lectissimis veterum auctorum \u00e6tatis aur\u00e6 perpetuifque exemplis illustrati<\/a><\/p>\n<p><a href=\"http:\/\/60tesoros.usal.edu.ar\/index.php\/de-re-diplomatica-libri-vi\/\" target=\"_blank\">De re diplomatica libri VI, in quibus quidquid ad veterum instrumentorum antiquitatem materiam, scripturam et stilum quidquid ad sigilla, monogrammata, subscriptiones ac notas chronologicas, quidquid inde ad antiquariam, historicam, soren semque disciplinam pertinent, explicatur &amp; illustratur<\/a><\/p>\n<p><a href=\"http:\/\/60tesoros.usal.edu.ar\/index.php\/des-erreurs-et-de-la-verite\/\" target=\"_blank\">Des erreurs et de la Verit\u00e9, ou les hommes rappell\u00e9s au principe universel de la Science<\/a><\/p>\n<p><a href=\"http:\/\/60tesoros.usal.edu.ar\/index.php\/diccionario-miniatura-castellano-ingles\/\" target=\"_blank\">Diccionario miniatura castellano-ingl\u00e9s<\/a><\/p>\n<p><a href=\"http:\/\/60tesoros.usal.edu.ar\/index.php\/essai-sur-le-gnosticisme-egyptien\/\" target=\"_blank\">Essai sur le Gnosticisme Egyptien; ses D\u00e9veloppements et son Origine<\/a><\/p>\n<p><a href=\"http:\/\/60tesoros.usal.edu.ar\/index.php\/fasti-novi-orbis-et-ordinationum-apostolicarum\/\" target=\"_blank\">Fasti novi orbis et ordinationum apostolicarum ad indias pertinentium breviarium cum adnotationibus<\/a><\/p>\n<p><a href=\"http:\/\/60tesoros.usal.edu.ar\/index.php\/fragmenta-de-eodem-et-ivstino-veterum-auctorum-loca\/\" target=\"_blank\">Fragmenta de eodem et Ivstino veterum auctorum loca<\/a><\/p>\n<p><a href=\"http:\/\/60tesoros.usal.edu.ar\/index.php\/el-fuero-real-de-espana\/\" target=\"_blank\">fuero real de Espa\u00f1a, El<\/a><\/p>\n<p><a href=\"http:\/\/60tesoros.usal.edu.ar\/index.php\/histoire-critique-des-dogmes-et-des-cultes\/\" target=\"_blank\">Histoire Critique des Dogmes et des Cultes<\/a><\/p>\n<p><a href=\"http:\/\/60tesoros.usal.edu.ar\/index.php\/histoire-de-manichee-et-du-manicheisme\/\" target=\"_blank\">Histoire de manich\u00e9e et du manich\u00e9isme<\/a><\/p>\n<p><a href=\"http:\/\/60tesoros.usal.edu.ar\/index.php\/histoire-des-juifs-et-des-peuples-voisins\/\" target=\"_blank\">Histoire des juifs et des peuples voisins<\/a><\/p>\n<p><a href=\"http:\/\/60tesoros.usal.edu.ar\/index.php\/histoire-ecclesiastique\/\" target=\"_blank\">Histoire eccl\u00e9siastique<\/a><\/p>\n<p><a href=\"http:\/\/60tesoros.usal.edu.ar\/index.php\/histoire-litteraire-des-troubadours\/\" target=\"_blank\">Histoire litt\u00e9raire des troubadours<\/a><\/p>\n<p><a href=\"http:\/\/60tesoros.usal.edu.ar\/index.php\/the-history-of-the-devil-and-the-idea-of-evil\/\" target=\"_blank\">history of the devil and the idea of evil, The<\/a><\/p>\n<p><a href=\"http:\/\/60tesoros.usal.edu.ar\/index.php\/in-diogenem\/\" target=\"_blank\">In diogenem l\u00e6rtium \u00e6gidii menagii observations &amp; emendations, hac edition plurimun auct\u00e6<\/a><\/p>\n<p><a href=\"http:\/\/60tesoros.usal.edu.ar\/index.php\/el-ingenioso-hidalgo-don-quixote-de-la-mancha\/\" target=\"_blank\">ingenioso hidalgo Don Quixote de la Mancha, El<\/a><\/p>\n<p><a href=\"http:\/\/60tesoros.usal.edu.ar\/index.php\/instituciones-practicas-de-los-juicios-civiles\/\" target=\"_blank\">Instituciones pr\u00e1cticas de los juicios civiles, as\u00ed ordinarios como extraordinarios, en todos sus tr\u00e1mites, seg\u00fan se empiezan, contin\u00faan y acaban en los Tribunales Reales<\/a><\/p>\n<p><a href=\"http:\/\/60tesoros.usal.edu.ar\/index.php\/le-jeu-de-carte\/\" target=\"_blank\">jeu de carte, Le<\/a><\/p>\n<p><a href=\"http:\/\/60tesoros.usal.edu.ar\/index.php\/kami-yo-no-maki\/\" target=\"_blank\">Kami Yo-No Maki. Histoire des dynasties divines<\/a><\/p>\n<p><a href=\"http:\/\/60tesoros.usal.edu.ar\/index.php\/lecciones-orales-de-clinica-quirurgica\/\" target=\"_blank\">Lecciones orales de cl\u00ednica quir\u00fargica : dadas en el hotel-Dieu de Par\u00eds por el Bar\u00f3n Dupuytren<\/a><\/p>\n<p><a href=\"http:\/\/60tesoros.usal.edu.ar\/index.php\/lettre-de-r-ismael-ben-abraham\/\" target=\"_blank\">Lettre de R. Ismael Ben Abraham, juif converti, a M. l&#8217;Abb\u00e9 Houteville<\/a><\/p>\n<p><a href=\"http:\/\/60tesoros.usal.edu.ar\/index.php\/les-loix-criminelles-de-france\/\" target=\"_blank\">loix criminelles de France : dans leur ordre naturel, Les<\/a><\/p>\n<p><a href=\"http:\/\/60tesoros.usal.edu.ar\/index.php\/la-lumiere-degypte\/\" target=\"_blank\">Lumi\u00e8re d\u2019Egypte ou La science des astres et de l&#8217;\u00e2me, La<\/a><\/p>\n<p><a href=\"http:\/\/60tesoros.usal.edu.ar\/index.php\/mantic-uttair-ou-le-langage-des-oiseaux\/\" target=\"_blank\">Mantic Uttair ou le Langage des Oiseaux : po\u00e8me de philosophie religieuse<\/a><\/p>\n<p><a href=\"http:\/\/60tesoros.usal.edu.ar\/index.php\/marcel-duchamp-octavio-paz\/\" target=\"_blank\">Marcel Duchamp &#8211; Octavio Paz<\/a><\/p>\n<p><a href=\"http:\/\/60tesoros.usal.edu.ar\/index.php\/memoire-sur-lantiquite-des-zodiaques\/\" target=\"_blank\">M\u00e9moire sur l&#8217;antiquit\u00e9 des zodiaques d&#8217;Esneh et de Denderach<\/a><\/p>\n<p><a href=\"http:\/\/60tesoros.usal.edu.ar\/index.php\/messiah-the-ancestral-hope-of-the-ages\/\" target=\"_blank\">Messiah, the ancestral hope of the ages, &#8220;the desire of all nations&#8221;<\/a><\/p>\n<p><a href=\"http:\/\/60tesoros.usal.edu.ar\/index.php\/the-miracles-of-the-blessed-virgin-mary\/\" target=\"_blank\">miracles of the blessed Virgin Mary and the Life of Hanna : Saint Anna and the magical prayers of Aheta Mikael, The<\/a><\/p>\n<p><a href=\"http:\/\/60tesoros.usal.edu.ar\/index.php\/les-modes\/\" target=\"_blank\">modes : revue mensuelle illustr\u00e9e des arts d\u00e9coratifs appliqu\u00e9s \u00e0 la femme, Les<\/a><\/p>\n<p><a href=\"http:\/\/60tesoros.usal.edu.ar\/index.php\/les-mysteres-de-letre-son-origine-spirituelle\/\" target=\"_blank\">myst\u00e8res de l&#8217;\u00eatre son origine spirituelle, ses facult\u00e9s secr\u00e8tes, ses pouvoirs occultes, ses destin\u00e9es futures d\u00e9voil\u00e9es, Les<\/a><\/p>\n<p><a href=\"http:\/\/60tesoros.usal.edu.ar\/index.php\/les-mysteres-du-christianisme\/\" target=\"_blank\">myst\u00e8res du Christianisme approfondis radicalement et reconus physiquement vrais, Les<\/a><\/p>\n<p><a href=\"http:\/\/60tesoros.usal.edu.ar\/index.php\/mysteres-et-initiations-de-legypte\/\" target=\"_blank\">Myst\u00e9res et initiations de l&#8217;Egypte ancienne compl\u00e9ments a la religion \u00e9gyptienne<\/a><\/p>\n<p><a href=\"http:\/\/60tesoros.usal.edu.ar\/index.php\/mythologie-du-buddhisme\/\" target=\"_blank\">Mythologie du buddhisme au Tibet et en Mongolie<\/a><\/p>\n<p><a href=\"http:\/\/60tesoros.usal.edu.ar\/index.php\/la-pharsale-de-lucain\/\" target=\"_blank\">pharsale de Lucain, La<\/a><\/p>\n<p><a href=\"http:\/\/60tesoros.usal.edu.ar\/index.php\/physiologie-pathologique-et-chirurgie-des-arteres\/\" target=\"_blank\">Physiologie pathologique et chirurgie des art\u00e8res : principes et m\u00e9thodes<\/a><\/p>\n<p><a href=\"http:\/\/60tesoros.usal.edu.ar\/index.php\/portee-de-chats\/\" target=\"_blank\">Port\u00e9e de chats<\/a><\/p>\n<p><a href=\"http:\/\/60tesoros.usal.edu.ar\/index.php\/principes-mathematiques-de-la-philosophie-naturelle\/\" target=\"_blank\">Principes math\u00e9matiques de la philosophie naturelle<\/a><\/p>\n<p><a href=\"http:\/\/60tesoros.usal.edu.ar\/index.php\/prosodia-villagarsiensis-in-duos-indices-tributa-ex-ea-quam\/\" target=\"_blank\">Prosodia villagarsiensis in duos indices tributa ex ea quam<\/a><\/p>\n<p><a href=\"http:\/\/60tesoros.usal.edu.ar\/index.php\/tangueando\/\" target=\"_blank\">Tangueando : ilustraciones sobre temas de poetas lunfardos<\/a><\/p>\n<p><a href=\"http:\/\/60tesoros.usal.edu.ar\/index.php\/textes-et-monuments-figures\/\" target=\"_blank\">Textes et monuments figur\u00e9s relatifs aux myst\u00e8res de Mithra<\/a><\/p>\n<p><a href=\"http:\/\/60tesoros.usal.edu.ar\/index.php\/le-theatre-en-occident\/\" target=\"_blank\">th\u00e9\u00e2tre en Occident, Le<\/a><\/p>\n<p><a href=\"http:\/\/60tesoros.usal.edu.ar\/index.php\/los-traidores\/\" target=\"_blank\">traidores, Los<\/a><\/p>\n<p><a href=\"http:\/\/60tesoros.usal.edu.ar\/index.php\/traite-complet-de-lanatomie-de-lhomme\/\" target=\"_blank\">Trait\u00e9 complet de l\u2019anatomie de l\u2019homme : comprenant la m\u00e9decine op\u00e9ratoire<\/a><\/p>\n<p><a href=\"http:\/\/60tesoros.usal.edu.ar\/index.php\/traite-des-vertus-medicinales-de-leau-commune\/\" target=\"_blank\">Trait\u00e9 des vertus m\u00e9dicinales de l&#8217;eau commune, o\u00f9 l\u2019on fait voir qu\u2019elle pr\u00e9vient &amp; gu\u00e9rit une infinite de maladies<\/a><\/p>\n<p><a href=\"http:\/\/60tesoros.usal.edu.ar\/index.php\/raite-doptique-sur-les-reflexions-refractions-inflexions\/\" target=\"_blank\">Trait\u00e9 d&#8217;optique sur les r\u00e9flexions, r\u00e9fractions, inflexions, et les couleurs de la lumi\u00e8re<\/a><\/p>\n<p><a href=\"http:\/\/60tesoros.usal.edu.ar\/index.php\/tresor-du-vieillard-des-pyramides\/\" target=\"_blank\">Tr\u00e9sor du vieillard des Pyramides, v\u00e9ritable science des talismans pour conjurer les esprits de toute nature (\u2026). La chouette noire : oiseaux merveilleux au moyen duquel on d\u00e9couvre immanquablement tout ce que la terre renferme de pr\u00e9cieuxs<\/a><\/p>\n<h4 style=\"color: #e2c790;\">\u00cdndice de autores<\/h4>\n<p><a href=\"http:\/\/60tesoros.usal.edu.ar\/index.php\/instituciones-practicas-de-los-juicios-civiles\/\" target=\"_blank\">Acedo Rico y Rodr\u00edguez, Juan, Conde de la Ca\u00f1ada<\/a><\/p>\n<p><a href=\"http:\/\/60tesoros.usal.edu.ar\/index.php\/el-fuero-real-de-espana\/\" target=\"_blank\">Alfonso X, Rey de Castilla<\/a><\/p>\n<p><a href=\"http:\/\/60tesoros.usal.edu.ar\/index.php\/essai-sur-le-gnosticisme-egyptien\/\" target=\"_blank\">Am\u00e9lineau, \u00c9mile<\/a><\/p>\n<p><a href=\"http:\/\/60tesoros.usal.edu.ar\/index.php\/mantic-uttair-ou-le-langage-des-oiseaux\/\" target=\"_blank\">Attar, Farid al-Din<\/a><\/p>\n<p><a href=\"http:\/\/60tesoros.usal.edu.ar\/index.php\/el-barrio-de-flores\/\" target=\"_blank\">Basald\u00faa, H\u00e9ctor<\/a><\/p>\n<p><a href=\"http:\/\/60tesoros.usal.edu.ar\/index.php\/histoire-de-manichee-et-du-manicheisme\/\" target=\"_blank\">Beausobre, Isaac de<\/a><\/p>\n<p><a href=\"http:\/\/60tesoros.usal.edu.ar\/index.php\/antologia-poetica-argentina\/\" target=\"_blank\">Bioy Casares, Adolfo<\/a><\/p>\n<p><a href=\"http:\/\/60tesoros.usal.edu.ar\/index.php\/cours-darchitecture-ou-traite-de-la-decoration\/\" target=\"_blank\">Blondel, Jacques Fran\u00e7ois<\/a><\/p>\n<p><a href=\"http:\/\/60tesoros.usal.edu.ar\/index.php\/antologia-poetica-argentina\/\" target=\"_blank\">Borges, Jorge Luis<\/a><\/p>\n<p><a href=\"http:\/\/60tesoros.usal.edu.ar\/index.php\/traite-complet-de-lanatomie-de-lhomme\/\" target=\"_blank\">Bourgery, Jean-Marc<\/a><\/p>\n<p><a href=\"http:\/\/60tesoros.usal.edu.ar\/index.php\/lecciones-orales-de-clinica-quirurgica\/\" target=\"_blank\">Brierre de Boismont, Alexandre, comp.<\/a><\/p>\n<p><a href=\"http:\/\/60tesoros.usal.edu.ar\/index.php\/the-history-of-the-devil-and-the-idea-of-evil\/\" target=\"_blank\">Carus, Paul<\/a><\/p>\n<p><a href=\"http:\/\/60tesoros.usal.edu.ar\/index.php\/el-ingenioso-hidalgo-don-quixote-de-la-mancha\/\" target=\"_blank\">Cervantes Saavedra, Miguel de<\/a><\/p>\n<p><a href=\"http:\/\/60tesoros.usal.edu.ar\/index.php\/principes-mathematiques-de-la-philosophie-naturelle\/\" target=\"_blank\">Chastellet, Marquesa de<\/a><\/p>\n<p><a href=\"http:\/\/60tesoros.usal.edu.ar\/index.php\/de-arte-rhetorica-libri-quinque\/\" target=\"_blank\">Colonia, Dominique de<\/a><\/p>\n<p><a href=\"http:\/\/60tesoros.usal.edu.ar\/index.php\/textes-et-monuments-figures\/\" target=\"_blank\">Cumont, Franz Val\u00e9ry Marie<\/a><\/p>\n<p><a href=\"http:\/\/60tesoros.usal.edu.ar\/index.php\/memoire-sur-lantiquite-des-zodiaques\/\" target=\"_blank\">Drummond, William, tr.<\/a><\/p>\n<p><a href=\"http:\/\/60tesoros.usal.edu.ar\/index.php\/marcel-duchamp-octavio-paz\/\" target=\"_blank\">Duchamp, Marcel<\/a><\/p>\n<p><a href=\"http:\/\/60tesoros.usal.edu.ar\/index.php\/lecciones-orales-de-clinica-quirurgica\/\" target=\"_blank\">Dupuytren, Guillaume<\/a><\/p>\n<p><a href=\"http:\/\/60tesoros.usal.edu.ar\/index.php\/histoire-ecclesiastique\/\" target=\"_blank\">Fleury, Claude<\/a><\/p>\n<p><a href=\"http:\/\/60tesoros.usal.edu.ar\/index.php\/azorin\/\" target=\"_blank\">G\u00f3mez de la Serna, Ram\u00f3n<\/a><\/p>\n<p><a href=\"http:\/\/60tesoros.usal.edu.ar\/index.php\/messiah-the-ancestral-hope-of-the-ages\/\" target=\"_blank\">Gordon, E. A.<\/a><\/p>\n<p><a href=\"http:\/\/60tesoros.usal.edu.ar\/index.php\/mythologie-du-buddhisme\/\" target=\"_blank\">Grunwedel, Albert<\/a><\/p>\n<p><a href=\"http:\/\/60tesoros.usal.edu.ar\/index.php\/traite-complet-de-lanatomie-de-lhomme\/\">Jacob, Nicolas Henri<\/a><\/p>\n<p><a href=\"http:\/\/60tesoros.usal.edu.ar\/index.php\/histoire-critique-des-dogmes-et-des-cultes\/\" target=\"_blank\">Jurieu, Pierre<\/a><\/p>\n<p><a href=\"http:\/\/60tesoros.usal.edu.ar\/index.php\/physiologie-pathologique-et-chirurgie-des-arteres\/\" target=\"_blank\">Leriche, Ren\u00e9<\/a><\/p>\n<p><a href=\"http:\/\/60tesoros.usal.edu.ar\/index.php\/de-re-diplomatica-libri-vi\/\" target=\"_blank\">Mabillon, Jean<\/a><\/p>\n<p><a href=\"http:\/\/60tesoros.usal.edu.ar\/index.php\/le-theatre-en-occident\/\" target=\"_blank\">Marek, Hannelore<\/a><\/p>\n<p><a href=\"http:\/\/60tesoros.usal.edu.ar\/index.php\/la-pharsale-de-lucain\/\" target=\"_blank\">Marmontel, Jean-Fran\u00e7ois, tr.<\/a><\/p>\n<p><a href=\"http:\/\/60tesoros.usal.edu.ar\/index.php\/mysteres-et-initiations-de-legypte\/\" target=\"_blank\">Mayassis, Sotirios<\/a><\/p>\n<p><a href=\"http:\/\/60tesoros.usal.edu.ar\/index.php\/codigo-social-argentino\/\" target=\"_blank\">Montes, Sara H.<\/a><\/p>\n<p><a href=\"http:\/\/60tesoros.usal.edu.ar\/index.php\/fasti-novi-orbis-et-ordinationum-apostolicarum\/\" target=\"_blank\">Morelli, Cyriacus<\/a><\/p>\n<p><a href=\"http:\/\/60tesoros.usal.edu.ar\/index.php\/les-loix-criminelles-de-france\/\" target=\"_blank\">Muyart de Vouglans, Pierre Fran\u00e7ois<\/a><\/p>\n<p><a href=\"http:\/\/60tesoros.usal.edu.ar\/index.php\/raite-doptique-sur-les-reflexions-refractions-inflexions\/\" target=\"_blank\">Newton, Isaac, Sir<\/a><\/p>\n<p><a href=\"http:\/\/60tesoros.usal.edu.ar\/index.php\/antologia-poetica-argentina\/\" target=\"_blank\">Ocampo, Silvina<\/a><\/p>\n<p><a href=\"http:\/\/60tesoros.usal.edu.ar\/index.php\/los-traidores\/\" target=\"_blank\">Ocampo, Silvina<\/a><\/p>\n<p><a href=\"http:\/\/60tesoros.usal.edu.ar\/index.php\/marcel-duchamp-octavio-paz\/\" target=\"_blank\">Paz, Octavio<\/a><\/p>\n<p><a href=\"http:\/\/60tesoros.usal.edu.ar\/index.php\/histoire-des-juifs-et-des-peuples-voisins\/\" target=\"_blank\">Prideaux, Humphrey<\/a><\/p>\n<p><a href=\"http:\/\/60tesoros.usal.edu.ar\/index.php\/lart-1900-ou-le-style-jules-verne\/\" target=\"_blank\">Rheims, Maurice<\/a><\/p>\n<p><a href=\"http:\/\/60tesoros.usal.edu.ar\/index.php\/prosodia-villagarsiensis-in-duos-indices-tributa-ex-ea-quam\/\" target=\"_blank\">Ricciolius, Joannes Baptista<\/a><\/p>\n<p><a href=\"http:\/\/60tesoros.usal.edu.ar\/index.php\/marcel-duchamp-octavio-paz\/\" target=\"_blank\">Rojo, Vicente<\/a><\/p>\n<p><a href=\"http:\/\/60tesoros.usal.edu.ar\/index.php\/kami-yo-no-maki\/\" target=\"_blank\">Rosny, Le\u00f3n de, ed.<\/a><\/p>\n<p><a href=\"http:\/\/60tesoros.usal.edu.ar\/index.php\/armamentarium-chirurgicum\/\" target=\"_blank\">Seerig, Albert Wilhelm Hermann, ed.<\/a><\/p>\n<p><a href=\"http:\/\/60tesoros.usal.edu.ar\/index.php\/le-jeu-de-carte\/\" target=\"_blank\">Seguin, Jean-Pierre<\/a><\/p>\n<p><a href=\"http:\/\/60tesoros.usal.edu.ar\/index.php\/portee-de-chats\/\" target=\"_blank\">Sin\u00e9<\/a><\/p>\n<p><a href=\"http:\/\/60tesoros.usal.edu.ar\/index.php\/portee-de-chats\/\" target=\"_blank\">Sinet, Maurice<\/a><\/p>\n<p><a href=\"http:\/\/60tesoros.usal.edu.ar\/index.php\/traite-des-vertus-medicinales-de-leau-commune\/\" target=\"_blank\">Smith, M.<\/a><\/p>\n<p><a href=\"http:\/\/60tesoros.usal.edu.ar\/index.php\/les-mysteres-de-letre-son-origine-spirituelle\/\" target=\"_blank\">Star, Ely<\/a><\/p>\n<p><a href=\"http:\/\/60tesoros.usal.edu.ar\/index.php\/avis-au-peuple-sur-sa-sante\/\" target=\"_blank\">Tissot, Simon Andr\u00e9<\/a><\/p>\n<p><a href=\"http:\/\/60tesoros.usal.edu.ar\/index.php\/fragmenta-de-eodem-et-ivstino-veterum-auctorum-loca\/\" target=\"_blank\">Trogo, Pompeyo<\/a><\/p>\n<p><a href=\"http:\/\/60tesoros.usal.edu.ar\/index.php\/anales-dramaticos-del-crimen\/\" target=\"_blank\">Vicente y Caravantes, Jos\u00e9, dir.<\/a><\/p>\n<p><a href=\"http:\/\/60tesoros.usal.edu.ar\/index.php\/lart-de-perfectionner-lhomme-ou-de-la-medecine-spirituelle-et-morale\/\" target=\"_blank\">Virey, Julien Joseph<\/a><\/p>\n<p><a href=\"http:\/\/60tesoros.usal.edu.ar\/index.php\/the-brotherhood-of-the-rosy-cross\/\" target=\"_blank\">Waite, Arthur Edward<\/a><\/p>\n<p><a href=\"http:\/\/60tesoros.usal.edu.ar\/index.php\/the-miracles-of-the-blessed-virgin-mary\/\" target=\"_blank\">Wallis Budge, E. A.<\/a><\/p>\n<p><a href=\"http:\/\/60tesoros.usal.edu.ar\/index.php\/los-traidores\/\" target=\"_blank\">Wilcock, J. Rodolfo<\/a><\/p>\n<p><a id=\"explicacion\"><\/a>1 No se alfabetizan los art\u00edculos iniciales.<\/p>\n\n\t\t<\/div>\n\t<\/div>\n<\/div><\/div><\/div>\n","protected":false},"excerpt":{"rendered":"\u00cdndice de t\u00edtulos1 [Episodios de la \u00d3pera de Beijing] Anales dram\u00e1ticos del crimen : causas c\u00e9lebres espa\u00f1olas y extranjeras Antolog\u00eda po\u00e9tica argentina [...]","protected":false},"author":2,"featured_media":0,"parent":0,"menu_order":2,"comment_status":"closed","ping_status":"closed","template":"","meta":{"ngg_post_thumbnail":0},"_links":{"self":[{"href":"https:\/\/60tesoros.usal.edu.ar\/index.php\/wp-json\/wp\/v2\/pages\/214"}],"collection":[{"href":"https:\/\/60tesoros.usal.edu.ar\/index.php\/wp-json\/wp\/v2\/pages"}],"about":[{"href":"https:\/\/60tesoros.usal.edu.ar\/index.php\/wp-json\/wp\/v2\/types\/page"}],"author":[{"embeddable":true,"href":"https:\/\/60tesoros.usal.edu.ar\/index.php\/wp-json\/wp\/v2\/users\/2"}],"replies":[{"embeddable":true,"href":"https:\/\/60tesoros.usal.edu.ar\/index.php\/wp-json\/wp\/v2\/comments?post=214"}],"version-history":[{"count":20,"href":"https:\/\/60tesoros.usal.edu.ar\/index.php\/wp-json\/wp\/v2\/pages\/214\/revisions"}],"predecessor-version":[{"id":1491,"href":"https:\/\/60tesoros.usal.edu.ar\/index.php\/wp-json\/wp\/v2\/pages\/214\/revisions\/1491"}],"wp:attachment":[{"href":"https:\/\/60tesoros.usal.edu.ar\/index.php\/wp-json\/wp\/v2\/media?parent=214"}],"curies":[{"name":"wp","href":"https:\/\/api.w.org\/{rel}","templated":true}]}}