{"id":1178,"date":"2016-03-09T17:29:55","date_gmt":"2016-03-09T17:29:55","guid":{"rendered":"http:\/\/60tesoros.usal.edu.ar\/?page_id=1178"},"modified":"2016-03-18T16:33:42","modified_gmt":"2016-03-18T16:33:42","slug":"messiah-the-ancestral-hope-of-the-ages","status":"publish","type":"page","link":"https:\/\/60tesoros.usal.edu.ar\/index.php\/messiah-the-ancestral-hope-of-the-ages\/","title":{"rendered":"Messiah, the ancestral hope of the ages&#8230;"},"content":{"rendered":"<div data-vc-parallax=\"1.5\" class=\"vc_row wpb_row vc_row-fluid vc_custom_1457365379932 vc_general vc_parallax vc_parallax-content-moving\"><div class=\"wpb_column vc_column_container vc_col-sm-6\"><div class=\"wpb_wrapper\"><h2 style=\"font-size: 20pt;color: #e2c790;text-align: left\" class=\"vc_custom_heading vc_custom_1457551832384\">Messiah, the ancestral hope of the ages, \"the desire of all nations\", as proved from the records on the sun-dried bricks of Babylonia, the papyri and pyramids of Egypt, the frescoes of the Roman catacombs, and on the Chinese incised memorial stone at Cho`ang<\/h2>\n\t<div class=\"wpb_text_column wpb_content_element \">\n\t\t<div class=\"wpb_wrapper\">\n\t\t\t<p>Publicado en Tokio en 1909, este libro raro por su encuadernaci\u00f3n artesanal en hilos de colores se centra en temas de teolog\u00eda, historia de las doctrinas y arqueolog\u00eda b\u00edblica. Es obra de la autora inglesa Elizabeth Anna Gordon (1851-1925), quien form\u00f3 parte de la British Japan Society y estudi\u00f3 en profundidad temas vinculados a las religiones, espec\u00edficamente al Cristianismo temprano y al Budismo. Realiz\u00f3 su primer viaje a Jap\u00f3n en 1891 y en 1907 volver\u00eda para quedarse. Tambi\u00e9n en Jap\u00f3n lleg\u00f3 a formar una gran colecci\u00f3n de arte y libros. En <em>Messiah the Ancestral Hope of the Ages<\/em> Gordon realiza aportes en el \u00e1mbito de las religiones comparadas e incluye ilustraciones a color, entre las que se destacan un mapa de la India y varios paisajes e im\u00e1genes de China y Jap\u00f3n, como el atardecer en el Oc\u00e9ano Pac\u00edfico o los muros de Pek\u00edn y sus templos consagrados a Confucio. Tambi\u00e9n contiene ilustraciones de distintas escenas rituales, como por ejemplo la danza de las Mi-ko, princesas v\u00edrgenes vestidas de mariposas.<\/p>\n<p><strong>Messiah, the ancestral hope of the ages, &#8220;the desire of all nations&#8221;, as proved from the records on the sun-dried bricks of Babylonia, the papyri and pyramids of Egypt, the frescoes of the Roman catacombs, and on the Chinese incised memorial stone at Cho`ang \/ by E. A. Gordon. Tokyo : Keiseisha, 1909. [6], 212 p. : il., l\u00e1ms. (parcialmente col.) , mapas ; 29 cm. Colecci\u00f3n Quiles.<\/strong><\/p>\n\n\t\t<\/div>\n\t<\/div>\n<div class=\"vc_btn3-container  boton_borde vc_btn3-left\"><a class=\"vc_general vc_btn3 vc_btn3-size-md vc_btn3-shape-rounded vc_btn3-style-outline vc_btn3-icon-right vc_btn3-color-inverse\" href=\"http:\/\/60tesoros.usal.edu.ar\/index.php\/colecciones-particulares\/\" title=\"\" target=\"_self\">Volver a Colecciones Particulares <i class=\"vc_btn3-icon fa fa-share\"><\/i><\/a><\/div>\n<\/div><\/div><div class=\"wpb_column vc_column_container vc_col-sm-6\"><div class=\"wpb_wrapper\">\n\t<div class=\"wpb_single_image wpb_content_element vc_align_center  vc_custom_1457553064720\">\n\t\t<div class=\"wpb_wrapper\">\n\t\t\t\n\t\t\t<a class=\"prettyphoto\" rel=\"prettyPhoto[rel-1178-557343340]\" href=\"https:\/\/60tesoros.usal.edu.ar\/wp-content\/uploads\/2016\/03\/messiah.jpg\" target=\"_self\"><div class=\"vc_single_image-wrapper vc_box_rounded  vc_box_border_grey\"><img class=\"vc_single_image-img \" src=\"https:\/\/60tesoros.usal.edu.ar\/wp-content\/uploads\/2016\/03\/messiah.jpg\" width=\"530\" height=\"471\" alt=\"\" title=\"\" \/><\/div><\/a>\n\t\t<\/div>\n\t<\/div>\n<\/div><\/div><\/div><div class=\"vc_row wpb_row vc_row-fluid\"><div class=\"wpb_column vc_column_container vc_col-sm-12\"><div class=\"wpb_wrapper\"><!-- vc_grid start -->\n<div class=\"vc_grid-container-wrapper vc_clearfix\">\n\t<div class=\"vc_grid-container vc_clearfix wpb_content_element vc_media_grid\"\n\t\t data-vc-grid-settings=\"{&quot;page_id&quot;:1178,&quot;style&quot;:&quot;all&quot;,&quot;action&quot;:&quot;vc_get_vc_grid_data&quot;,&quot;animation_in&quot;:&quot;zoomIn&quot;,&quot;shortcode_id&quot;:&quot;{failed_to_get_id:\\&quot;vc_gid:1457551770377-b9dc8762f24769b6197478c598b70cb6-6\\&quot;}&quot;,&quot;tag&quot;:&quot;vc_media_grid&quot;}\"\n\t\t data-vc-request=\"\/wp-admin\/admin-ajax.php\"\n\t\t data-vc-post-id=\"1178\"\n\t\t data-vc-public-nonce=\"159839fa61\">\n\t<\/div>\n<\/div><!-- vc_grid end -->\n\t<div class=\"wpb_text_column wpb_content_element \">\n\t\t<div class=\"wpb_wrapper\">\n\t\t\t<p style=\"text-align: center;\">Haga click en la imagen para agrandar<\/p>\n\n\t\t<\/div>\n\t<\/div>\n<\/div><\/div><\/div><div data-vc-full-width=\"true\" data-vc-full-width-init=\"false\" data-vc-stretch-content=\"true\" class=\"vc_row wpb_row vc_row-fluid vc_custom_1457440840599\"><div class=\"wpb_column vc_column_container vc_col-sm-12\"><div class=\"wpb_wrapper\"><!-- vc_grid start -->\n<div class=\"vc_grid-container-wrapper vc_clearfix\">\n\t<div class=\"vc_grid-container vc_clearfix wpb_content_element vc_basic_grid vc_custom_1457537344619\"\n\t\t data-vc-grid-settings=\"{&quot;page_id&quot;:1178,&quot;style&quot;:&quot;pagination&quot;,&quot;action&quot;:&quot;vc_get_vc_grid_data&quot;,&quot;animation_in&quot;:&quot;&quot;,&quot;shortcode_id&quot;:&quot;{failed_to_get_id:\\&quot;vc_gid:1457551770461-d664927959be30d4b4d2f756dcbe7695-7\\&quot;}&quot;,&quot;items_per_page&quot;:&quot;6&quot;,&quot;auto_play&quot;:true,&quot;gap&quot;:30,&quot;speed&quot;:5000,&quot;loop&quot;:&quot;yes&quot;,&quot;animation_out&quot;:&quot;&quot;,&quot;arrows_design&quot;:&quot;vc_arrow-icon-arrow_02_left&quot;,&quot;arrows_color&quot;:&quot;chino&quot;,&quot;arrows_position&quot;:&quot;inside&quot;,&quot;paging_design&quot;:&quot;none&quot;,&quot;paging_color&quot;:&quot;grey&quot;,&quot;tag&quot;:&quot;vc_basic_grid&quot;}\"\n\t\t data-vc-request=\"\/wp-admin\/admin-ajax.php\"\n\t\t data-vc-post-id=\"1178\"\n\t\t data-vc-public-nonce=\"159839fa61\">\n\t<\/div>\n<\/div><!-- vc_grid end --><\/div><\/div><\/div><div class=\"vc_row-full-width\"><\/div>\n","protected":false},"excerpt":{"rendered":"Messiah, the ancestral hope of the ages, \"the desire of all nations\", as proved from the records on the sun-dried bricks of [...]","protected":false},"author":2,"featured_media":0,"parent":0,"menu_order":23,"comment_status":"closed","ping_status":"closed","template":"","meta":{"ngg_post_thumbnail":0},"_links":{"self":[{"href":"https:\/\/60tesoros.usal.edu.ar\/index.php\/wp-json\/wp\/v2\/pages\/1178"}],"collection":[{"href":"https:\/\/60tesoros.usal.edu.ar\/index.php\/wp-json\/wp\/v2\/pages"}],"about":[{"href":"https:\/\/60tesoros.usal.edu.ar\/index.php\/wp-json\/wp\/v2\/types\/page"}],"author":[{"embeddable":true,"href":"https:\/\/60tesoros.usal.edu.ar\/index.php\/wp-json\/wp\/v2\/users\/2"}],"replies":[{"embeddable":true,"href":"https:\/\/60tesoros.usal.edu.ar\/index.php\/wp-json\/wp\/v2\/comments?post=1178"}],"version-history":[{"count":3,"href":"https:\/\/60tesoros.usal.edu.ar\/index.php\/wp-json\/wp\/v2\/pages\/1178\/revisions"}],"predecessor-version":[{"id":1474,"href":"https:\/\/60tesoros.usal.edu.ar\/index.php\/wp-json\/wp\/v2\/pages\/1178\/revisions\/1474"}],"wp:attachment":[{"href":"https:\/\/60tesoros.usal.edu.ar\/index.php\/wp-json\/wp\/v2\/media?parent=1178"}],"curies":[{"name":"wp","href":"https:\/\/api.w.org\/{rel}","templated":true}]}}