{"id":1171,"date":"2016-03-09T17:10:26","date_gmt":"2016-03-09T17:10:26","guid":{"rendered":"http:\/\/60tesoros.usal.edu.ar\/?page_id=1171"},"modified":"2016-03-09T17:29:16","modified_gmt":"2016-03-09T17:29:16","slug":"les-mysteres-de-letre-son-origine-spirituelle","status":"publish","type":"page","link":"https:\/\/60tesoros.usal.edu.ar\/index.php\/les-mysteres-de-letre-son-origine-spirituelle\/","title":{"rendered":"Les myst\u00e8res de l&#8217;\u00eatre son origine spirituelle"},"content":{"rendered":"<div data-vc-parallax=\"1.5\" class=\"vc_row wpb_row vc_row-fluid vc_custom_1457365379932 vc_general vc_parallax vc_parallax-content-moving\"><div class=\"wpb_column vc_column_container vc_col-sm-6\"><div class=\"wpb_wrapper\"><h2 style=\"font-size: 20pt;color: #e2c790;text-align: left\" class=\"vc_custom_heading vc_custom_1457550732593\">Les myst\u00e8res de l'\u00eatre son origine spirituelle, ses facult\u00e9s secr\u00e8tes, ses pouvoirs occultes, ses destin\u00e9es futures d\u00e9voil\u00e9es<\/h2>\n\t<div class=\"wpb_text_column wpb_content_element \">\n\t\t<div class=\"wpb_wrapper\">\n\t\t\t<p>Con destacadas ilustraciones esot\u00e9ricas, astrol\u00f3gicas y ocultistas, <em>Les myst\u00e8res de l&#8217;\u00eatre<\/em>\u2026 del profesor de ciencias ocultas Ely Star, se propone, como lo anuncia en el pre\u00e1mbulo, echar luz sobre las preguntas m\u00e1s b\u00e1sicas del ser humano: \u00bfqui\u00e9nes somos?, \u00bfde d\u00f3nde venimos?, \u00bfad\u00f3nde vamos?. En este sentido, escribe Star, el libro aporta sus propias meditaciones y sus hallazgos intuitivos. El texto comienza con una exposici\u00f3n de la topograf\u00eda de los cielos y pasa luego a explicar en detalle lo que da en llamar las tres zonas err\u00e1ticas superiores, que se encuentran entre la tierra y los primeros cielos. Aborda los temas de las emanaciones del alma y la g\u00e9nesis del esp\u00edritu; tambi\u00e9n se explaya en una t\u00e9cnica para la invocaci\u00f3n de esp\u00edritus: el m\u00e9todo racional. Adem\u00e1s, contiene siete apartados sobre la armon\u00eda del nombre, once sobre la fisionom\u00eda de los tipos, uno sobre el tarot y otro sobre las virtudes de las gemas. El ejemplar que se conserva en la Biblioteca Hist\u00f3rica de la USAL posee en la p\u00e1gina 205 una hoja manuscrita.<\/p>\n<p><strong>Les myst\u00e8res de l&#8217;\u00eatre son origine spirituelle, ses facult\u00e9s secr\u00e8tes, ses pouvoirs occultes, ses destin\u00e9es futures d\u00e9voil\u00e9es \/ Dr. Ely Star. Paris : Biblioth\u00e8que Chacomac, 1902. 372 p. : il. ; 25 cm. Colecci\u00f3n Quiles.<\/strong><\/p>\n\n\t\t<\/div>\n\t<\/div>\n<div class=\"vc_btn3-container  boton_borde vc_btn3-left\"><a class=\"vc_general vc_btn3 vc_btn3-size-md vc_btn3-shape-rounded vc_btn3-style-outline vc_btn3-icon-right vc_btn3-color-inverse\" href=\"http:\/\/60tesoros.usal.edu.ar\/index.php\/colecciones-particulares\/\" title=\"\" target=\"_self\">Volver a Colecciones Particulares <i class=\"vc_btn3-icon fa fa-share\"><\/i><\/a><\/div>\n<\/div><\/div><div class=\"wpb_column vc_column_container vc_col-sm-6\"><div class=\"wpb_wrapper\">\n\t<div class=\"wpb_single_image wpb_content_element vc_align_center  vc_custom_1457551481675\">\n\t\t<div class=\"wpb_wrapper\">\n\t\t\t\n\t\t\t<a class=\"prettyphoto\" rel=\"prettyPhoto[rel-1171-1070761958]\" href=\"https:\/\/60tesoros.usal.edu.ar\/wp-content\/uploads\/2016\/03\/mysteres.jpg\" target=\"_self\"><div class=\"vc_single_image-wrapper vc_box_rounded  vc_box_border_grey\"><img class=\"vc_single_image-img \" src=\"https:\/\/60tesoros.usal.edu.ar\/wp-content\/uploads\/2016\/03\/mysteres.jpg\" width=\"530\" height=\"471\" alt=\"\" title=\"\" \/><\/div><\/a>\n\t\t<\/div>\n\t<\/div>\n<\/div><\/div><\/div><div class=\"vc_row wpb_row vc_row-fluid\"><div class=\"wpb_column vc_column_container vc_col-sm-12\"><div class=\"wpb_wrapper\"><!-- vc_grid start -->\n<div class=\"vc_grid-container-wrapper vc_clearfix\">\n\t<div class=\"vc_grid-container vc_clearfix wpb_content_element vc_media_grid\"\n\t\t data-vc-grid-settings=\"{&quot;page_id&quot;:1171,&quot;style&quot;:&quot;all&quot;,&quot;action&quot;:&quot;vc_get_vc_grid_data&quot;,&quot;animation_in&quot;:&quot;zoomIn&quot;,&quot;shortcode_id&quot;:&quot;{failed_to_get_id:\\&quot;vc_gid:1457550659634-41ca21c0401e2e04957601f1d0171742-5\\&quot;}&quot;,&quot;tag&quot;:&quot;vc_media_grid&quot;}\"\n\t\t data-vc-request=\"\/wp-admin\/admin-ajax.php\"\n\t\t data-vc-post-id=\"1171\"\n\t\t data-vc-public-nonce=\"7ad70e971e\">\n\t<\/div>\n<\/div><!-- vc_grid end -->\n\t<div class=\"wpb_text_column wpb_content_element \">\n\t\t<div class=\"wpb_wrapper\">\n\t\t\t<p style=\"text-align: center;\">Haga click en la imagen para agrandar<\/p>\n\n\t\t<\/div>\n\t<\/div>\n<\/div><\/div><\/div><div data-vc-full-width=\"true\" data-vc-full-width-init=\"false\" data-vc-stretch-content=\"true\" class=\"vc_row wpb_row vc_row-fluid vc_custom_1457440840599\"><div class=\"wpb_column vc_column_container vc_col-sm-12\"><div class=\"wpb_wrapper\"><!-- vc_grid start -->\n<div class=\"vc_grid-container-wrapper vc_clearfix\">\n\t<div class=\"vc_grid-container vc_clearfix wpb_content_element vc_basic_grid vc_custom_1457537344619\"\n\t\t data-vc-grid-settings=\"{&quot;page_id&quot;:1171,&quot;style&quot;:&quot;pagination&quot;,&quot;action&quot;:&quot;vc_get_vc_grid_data&quot;,&quot;animation_in&quot;:&quot;&quot;,&quot;shortcode_id&quot;:&quot;{failed_to_get_id:\\&quot;vc_gid:1457550659716-2c347aceab2724f4d4fe677ff44d8a1d-9\\&quot;}&quot;,&quot;items_per_page&quot;:&quot;6&quot;,&quot;auto_play&quot;:true,&quot;gap&quot;:30,&quot;speed&quot;:5000,&quot;loop&quot;:&quot;yes&quot;,&quot;animation_out&quot;:&quot;&quot;,&quot;arrows_design&quot;:&quot;vc_arrow-icon-arrow_02_left&quot;,&quot;arrows_color&quot;:&quot;chino&quot;,&quot;arrows_position&quot;:&quot;inside&quot;,&quot;paging_design&quot;:&quot;none&quot;,&quot;paging_color&quot;:&quot;grey&quot;,&quot;tag&quot;:&quot;vc_basic_grid&quot;}\"\n\t\t data-vc-request=\"\/wp-admin\/admin-ajax.php\"\n\t\t data-vc-post-id=\"1171\"\n\t\t data-vc-public-nonce=\"7ad70e971e\">\n\t<\/div>\n<\/div><!-- vc_grid end --><\/div><\/div><\/div><div class=\"vc_row-full-width\"><\/div>\n","protected":false},"excerpt":{"rendered":"Les myst\u00e8res de l'\u00eatre son origine spirituelle, ses facult\u00e9s secr\u00e8tes, ses pouvoirs occultes, ses destin\u00e9es futures d\u00e9voil\u00e9es Con destacadas ilustraciones esot\u00e9ricas, astrol\u00f3gicas [...]","protected":false},"author":2,"featured_media":0,"parent":0,"menu_order":22,"comment_status":"closed","ping_status":"closed","template":"","meta":{"ngg_post_thumbnail":0},"_links":{"self":[{"href":"https:\/\/60tesoros.usal.edu.ar\/index.php\/wp-json\/wp\/v2\/pages\/1171"}],"collection":[{"href":"https:\/\/60tesoros.usal.edu.ar\/index.php\/wp-json\/wp\/v2\/pages"}],"about":[{"href":"https:\/\/60tesoros.usal.edu.ar\/index.php\/wp-json\/wp\/v2\/types\/page"}],"author":[{"embeddable":true,"href":"https:\/\/60tesoros.usal.edu.ar\/index.php\/wp-json\/wp\/v2\/users\/2"}],"replies":[{"embeddable":true,"href":"https:\/\/60tesoros.usal.edu.ar\/index.php\/wp-json\/wp\/v2\/comments?post=1171"}],"version-history":[{"count":2,"href":"https:\/\/60tesoros.usal.edu.ar\/index.php\/wp-json\/wp\/v2\/pages\/1171\/revisions"}],"predecessor-version":[{"id":1177,"href":"https:\/\/60tesoros.usal.edu.ar\/index.php\/wp-json\/wp\/v2\/pages\/1171\/revisions\/1177"}],"wp:attachment":[{"href":"https:\/\/60tesoros.usal.edu.ar\/index.php\/wp-json\/wp\/v2\/media?parent=1171"}],"curies":[{"name":"wp","href":"https:\/\/api.w.org\/{rel}","templated":true}]}}