{"id":1055,"date":"2016-03-08T13:39:34","date_gmt":"2016-03-08T13:39:34","guid":{"rendered":"http:\/\/60tesoros.usal.edu.ar\/?page_id=1055"},"modified":"2016-03-15T14:43:27","modified_gmt":"2016-03-15T14:43:27","slug":"los-traidores","status":"publish","type":"page","link":"https:\/\/60tesoros.usal.edu.ar\/index.php\/los-traidores\/","title":{"rendered":"Los traidores"},"content":{"rendered":"<div data-vc-parallax=\"1.5\" class=\"vc_row wpb_row vc_row-fluid vc_custom_1457365379932 vc_general vc_parallax vc_parallax-content-moving\"><div class=\"wpb_column vc_column_container vc_col-sm-6\"><div class=\"wpb_wrapper\"><h2 style=\"color: #e2c790;text-align: left\" class=\"vc_custom_heading vc_custom_1457451383020\">Los traidores<\/h2>\n\t<div class=\"wpb_text_column wpb_content_element \">\n\t\t<div class=\"wpb_wrapper\">\n\t\t\t<p><em>Los traidores<\/em> es la obra de teatro en verso que los escritores y amigos Silvina Ocampo (1903-1993) y Juan Rodolfo Wilcock (1919-1978) concibieron en colaboraci\u00f3n y publicaron en 1956, por la editorial Losange. En la obra, Ocampo y Wilcock reescriben en clave ir\u00f3nica un episodio de la historia de Roma, tal como el listado de personajes deja adivinar desde el principio: \u201cMarco Aurelio Antonio Basiano, llamado Caracalla, hijo de Septimio Severo; Publio Geta, hermano menor de Basiano; Macrino, general, luego Prefecto del Pretorio\u201d. La lista sigue y se completa, entre otros personajes, con <em>La voz de un p\u00e1jaro<\/em>, <em>Mago<\/em> y <em>Dos m\u00e9dicos<\/em>. La acci\u00f3n, tal como se detalla tambi\u00e9n en las primeras p\u00e1ginas, tiene lugar en Roma, en el a\u00f1o 211 de nuestra era. \u201cTodos los personajes deber\u00edan llevar m\u00e1scaras, algo que les cambie la expresi\u00f3n de la cara\u201d: as\u00ed reza la aclaraci\u00f3n que cierra la primera p\u00e1gina. El volumen incluye tambi\u00e9n un retrato de Ocampo, en dibujo de S.O. Sabsay. El ejemplar que se conserva en la Biblioteca Hist\u00f3rica de la USAL posee, adem\u00e1s, una dedicatoria de la cuentista argentina a Juli Saucedo.<\/p>\n<p><strong>Los traidores \/ Silvina Ocampo ; J. R. Wilcock. Edici\u00f3n facsimilar. Buenos Aires : Losange, 1956. 79 p. ; 20 cm.<\/strong><\/p>\n\n\t\t<\/div>\n\t<\/div>\n<div class=\"vc_btn3-container  boton_borde vc_btn3-left\"><a class=\"vc_general vc_btn3 vc_btn3-size-md vc_btn3-shape-rounded vc_btn3-style-outline vc_btn3-icon-right vc_btn3-color-inverse\" href=\"http:\/\/60tesoros.usal.edu.ar\/index.php\/colecciones-especiales\/\" title=\"\" target=\"_self\">Volver a Colecciones Especiales <i class=\"vc_btn3-icon fa fa-share\"><\/i><\/a><\/div>\n<\/div><\/div><div class=\"wpb_column vc_column_container vc_col-sm-6\"><div class=\"wpb_wrapper\">\n\t<div class=\"wpb_single_image wpb_content_element vc_align_center  vc_custom_1458059987209\">\n\t\t<div class=\"wpb_wrapper\">\n\t\t\t\n\t\t\t<a class=\"prettyphoto\" rel=\"prettyPhoto[rel-1055-1208244896]\" href=\"https:\/\/60tesoros.usal.edu.ar\/wp-content\/uploads\/2016\/03\/traidores4.jpg\" target=\"_self\"><div class=\"vc_single_image-wrapper vc_box_rounded  vc_box_border_grey\"><img class=\"vc_single_image-img \" src=\"https:\/\/60tesoros.usal.edu.ar\/wp-content\/uploads\/2016\/03\/traidores4.jpg\" width=\"530\" height=\"471\" alt=\"\" title=\"\" \/><\/div><\/a>\n\t\t<\/div>\n\t<\/div>\n<\/div><\/div><\/div><div class=\"vc_row wpb_row vc_row-fluid\"><div class=\"wpb_column vc_column_container vc_col-sm-12\"><div class=\"wpb_wrapper\"><!-- vc_grid start -->\n<div class=\"vc_grid-container-wrapper vc_clearfix\">\n\t<div class=\"vc_grid-container vc_clearfix wpb_content_element vc_media_grid\"\n\t\t data-vc-grid-settings=\"{&quot;page_id&quot;:1055,&quot;style&quot;:&quot;all&quot;,&quot;action&quot;:&quot;vc_get_vc_grid_data&quot;,&quot;animation_in&quot;:&quot;zoomIn&quot;,&quot;shortcode_id&quot;:&quot;{failed_to_get_id:\\&quot;vc_gid:1457451372711-c97ba0efe07897356e22c90299f48dbb-1\\&quot;}&quot;,&quot;tag&quot;:&quot;vc_media_grid&quot;}\"\n\t\t data-vc-request=\"\/wp-admin\/admin-ajax.php\"\n\t\t data-vc-post-id=\"1055\"\n\t\t data-vc-public-nonce=\"7ad70e971e\">\n\t<\/div>\n<\/div><!-- vc_grid end -->\n\t<div class=\"wpb_text_column wpb_content_element \">\n\t\t<div class=\"wpb_wrapper\">\n\t\t\t<p style=\"text-align: center;\">Haga click en la imagen para agrandar<\/p>\n\n\t\t<\/div>\n\t<\/div>\n<\/div><\/div><\/div><div data-vc-full-width=\"true\" data-vc-full-width-init=\"false\" data-vc-stretch-content=\"true\" class=\"vc_row wpb_row vc_row-fluid vc_custom_1457440840599\"><div class=\"wpb_column vc_column_container vc_col-sm-12\"><div class=\"wpb_wrapper\"><!-- vc_grid start -->\n<div class=\"vc_grid-container-wrapper vc_clearfix\">\n\t<div class=\"vc_grid-container vc_clearfix wpb_content_element vc_basic_grid vc_custom_1458060006208\"\n\t\t data-vc-grid-settings=\"{&quot;page_id&quot;:1055,&quot;style&quot;:&quot;pagination&quot;,&quot;action&quot;:&quot;vc_get_vc_grid_data&quot;,&quot;animation_in&quot;:&quot;&quot;,&quot;shortcode_id&quot;:&quot;{failed_to_get_id:\\&quot;vc_gid:1457451372792-edfbfb0aca417927e95e504deb1b2639-3\\&quot;}&quot;,&quot;items_per_page&quot;:&quot;6&quot;,&quot;auto_play&quot;:true,&quot;gap&quot;:30,&quot;speed&quot;:5000,&quot;loop&quot;:&quot;yes&quot;,&quot;animation_out&quot;:&quot;&quot;,&quot;arrows_design&quot;:&quot;vc_arrow-icon-arrow_02_left&quot;,&quot;arrows_color&quot;:&quot;chino&quot;,&quot;arrows_position&quot;:&quot;inside&quot;,&quot;paging_design&quot;:&quot;none&quot;,&quot;paging_color&quot;:&quot;grey&quot;,&quot;tag&quot;:&quot;vc_basic_grid&quot;}\"\n\t\t data-vc-request=\"\/wp-admin\/admin-ajax.php\"\n\t\t data-vc-post-id=\"1055\"\n\t\t data-vc-public-nonce=\"7ad70e971e\">\n\t<\/div>\n<\/div><!-- vc_grid end --><\/div><\/div><\/div><div class=\"vc_row-full-width\"><\/div>\n","protected":false},"excerpt":{"rendered":"Los traidores Los traidores es la obra de teatro en verso que los escritores y amigos Silvina Ocampo (1903-1993) y Juan Rodolfo [...]","protected":false},"author":2,"featured_media":0,"parent":0,"menu_order":65,"comment_status":"closed","ping_status":"closed","template":"","meta":{"ngg_post_thumbnail":0},"_links":{"self":[{"href":"https:\/\/60tesoros.usal.edu.ar\/index.php\/wp-json\/wp\/v2\/pages\/1055"}],"collection":[{"href":"https:\/\/60tesoros.usal.edu.ar\/index.php\/wp-json\/wp\/v2\/pages"}],"about":[{"href":"https:\/\/60tesoros.usal.edu.ar\/index.php\/wp-json\/wp\/v2\/types\/page"}],"author":[{"embeddable":true,"href":"https:\/\/60tesoros.usal.edu.ar\/index.php\/wp-json\/wp\/v2\/users\/2"}],"replies":[{"embeddable":true,"href":"https:\/\/60tesoros.usal.edu.ar\/index.php\/wp-json\/wp\/v2\/comments?post=1055"}],"version-history":[{"count":5,"href":"https:\/\/60tesoros.usal.edu.ar\/index.php\/wp-json\/wp\/v2\/pages\/1055\/revisions"}],"predecessor-version":[{"id":1408,"href":"https:\/\/60tesoros.usal.edu.ar\/index.php\/wp-json\/wp\/v2\/pages\/1055\/revisions\/1408"}],"wp:attachment":[{"href":"https:\/\/60tesoros.usal.edu.ar\/index.php\/wp-json\/wp\/v2\/media?parent=1055"}],"curies":[{"name":"wp","href":"https:\/\/api.w.org\/{rel}","templated":true}]}}