{"id":1052,"date":"2016-03-08T13:36:50","date_gmt":"2016-03-08T13:36:50","guid":{"rendered":"http:\/\/60tesoros.usal.edu.ar\/?page_id=1052"},"modified":"2016-03-17T13:33:13","modified_gmt":"2016-03-17T13:33:13","slug":"la-canonizzazione-dei-santi-ignazio-di-loiola","status":"publish","type":"page","link":"https:\/\/60tesoros.usal.edu.ar\/index.php\/la-canonizzazione-dei-santi-ignazio-di-loiola\/","title":{"rendered":"La canonizzazione dei santi Ignazio di Loiola&#8230;"},"content":{"rendered":"<div data-vc-parallax=\"1.5\" class=\"vc_row wpb_row vc_row-fluid vc_custom_1457365379932 vc_general vc_parallax vc_parallax-content-moving\"><div class=\"wpb_column vc_column_container vc_col-sm-6\"><div class=\"wpb_wrapper\"><h2 style=\"font-size: 20pt;color: #e2c790;text-align: left\" class=\"vc_custom_heading vc_custom_1458059574874\">La canonizzazione dei santi Ignazio di Loiola fondatore della Compagnia di Ges\u00f9 e Francesco Saverio apostolo dell\u2019 Oriente : ricordo del terzo centenario XII marzo MCMXXII.<\/h2>\n\t<div class=\"wpb_text_column wpb_content_element \">\n\t\t<div class=\"wpb_wrapper\">\n\t\t\t<p>Valioso no s\u00f3lo por su bello dise\u00f1o y sus numerosas y ricas ilustraciones, el presente libro resulta \u00fanico tambi\u00e9n por su contenido: se trata de una reproducci\u00f3n en facs\u00edmil del documento original acerca de la canonizaci\u00f3n de Ignacio de Loyola (1491-1556), fundador de la Compa\u00f1\u00eda de Jes\u00fas, y de Francesco Saverio (1506-1552), uno de los primeros miembros de la orden. Ambas canonizaciones fueron realizadas en 1622 por el Papa Gregorio XV. El volumen que se conserva en la Biblioteca Hist\u00f3rica de la USAL fue impreso en Roma, en 1922, a modo de conmemoraci\u00f3n por el tercer centenario; el mismo a\u00f1o, la Iglesia declarar\u00eda a San Ignacio de Loyola patrono de los ejercicios espirituales. Impreso en ciento cincuenta p\u00e1ginas y con una l\u00e1mina plegable, el libro relata el proceso hist\u00f3rico que llev\u00f3 a la canonizaci\u00f3n de ambos santos y tambi\u00e9n contiene numerosas l\u00e1minas que ilustran, por ejemplo, la muerte de San Ignacio y sus distintos actos milagrosos.<\/p>\n<p><strong>La canonizzazione dei santi Ignazio di Loiola fondatore della Compagnia di Ges\u00f9 e Francesco Saverio apostolo dell\u2019 Oriente : ricordo del terzo centenario XII marzo MCMXXII. Edici\u00f3n facsimilar. Roma : Graf\u00eda, 1922. 150 p. : il. byn, 1 l\u00e1mina pleg. ; 32 cm.<\/strong><\/p>\n\n\t\t<\/div>\n\t<\/div>\n<div class=\"vc_btn3-container  boton_borde vc_btn3-left\"><a class=\"vc_general vc_btn3 vc_btn3-size-md vc_btn3-shape-rounded vc_btn3-style-outline vc_btn3-icon-right vc_btn3-color-inverse\" href=\"http:\/\/60tesoros.usal.edu.ar\/index.php\/colecciones-especiales\/\" title=\"\" target=\"_self\">Volver a Colecciones Especiales <i class=\"vc_btn3-icon fa fa-share\"><\/i><\/a><\/div>\n<\/div><\/div><div class=\"wpb_column vc_column_container vc_col-sm-6\"><div class=\"wpb_wrapper\">\n\t<div class=\"wpb_single_image wpb_content_element vc_align_center  vc_custom_1458059746835\">\n\t\t<div class=\"wpb_wrapper\">\n\t\t\t\n\t\t\t<a class=\"prettyphoto\" rel=\"prettyPhoto[rel-1052-406407782]\" href=\"https:\/\/60tesoros.usal.edu.ar\/wp-content\/uploads\/2016\/03\/loyola.jpg\" target=\"_self\"><div class=\"vc_single_image-wrapper vc_box_rounded  vc_box_border_grey\"><img class=\"vc_single_image-img \" src=\"https:\/\/60tesoros.usal.edu.ar\/wp-content\/uploads\/2016\/03\/loyola.jpg\" width=\"530\" height=\"471\" alt=\"\" title=\"\" \/><\/div><\/a>\n\t\t<\/div>\n\t<\/div>\n<\/div><\/div><\/div><div class=\"vc_row wpb_row vc_row-fluid\"><div class=\"wpb_column vc_column_container vc_col-sm-12\"><div class=\"wpb_wrapper\"><!-- vc_grid start -->\n<div class=\"vc_grid-container-wrapper vc_clearfix\">\n\t<div class=\"vc_grid-container vc_clearfix wpb_content_element vc_media_grid\"\n\t\t data-vc-grid-settings=\"{&quot;page_id&quot;:1052,&quot;style&quot;:&quot;all&quot;,&quot;action&quot;:&quot;vc_get_vc_grid_data&quot;,&quot;animation_in&quot;:&quot;zoomIn&quot;,&quot;shortcode_id&quot;:&quot;{failed_to_get_id:\\&quot;vc_gid:1457451211395-ce57d72ff41016c641714480dce70d9a-3\\&quot;}&quot;,&quot;tag&quot;:&quot;vc_media_grid&quot;}\"\n\t\t data-vc-request=\"\/wp-admin\/admin-ajax.php\"\n\t\t data-vc-post-id=\"1052\"\n\t\t data-vc-public-nonce=\"159839fa61\">\n\t<\/div>\n<\/div><!-- vc_grid end -->\n\t<div class=\"wpb_text_column wpb_content_element \">\n\t\t<div class=\"wpb_wrapper\">\n\t\t\t<p style=\"text-align: center;\">Haga click en la imagen para agrandar<\/p>\n\n\t\t<\/div>\n\t<\/div>\n<\/div><\/div><\/div><div data-vc-full-width=\"true\" data-vc-full-width-init=\"false\" data-vc-stretch-content=\"true\" class=\"vc_row wpb_row vc_row-fluid vc_custom_1457440840599\"><div class=\"wpb_column vc_column_container vc_col-sm-12\"><div class=\"wpb_wrapper\"><!-- vc_grid start -->\n<div class=\"vc_grid-container-wrapper vc_clearfix\">\n\t<div class=\"vc_grid-container vc_clearfix wpb_content_element vc_basic_grid vc_custom_1458059766637\"\n\t\t data-vc-grid-settings=\"{&quot;page_id&quot;:1052,&quot;style&quot;:&quot;pagination&quot;,&quot;action&quot;:&quot;vc_get_vc_grid_data&quot;,&quot;animation_in&quot;:&quot;&quot;,&quot;shortcode_id&quot;:&quot;{failed_to_get_id:\\&quot;vc_gid:1457451211477-65d667f9f43dfda81a6d6b70c173b812-3\\&quot;}&quot;,&quot;items_per_page&quot;:&quot;6&quot;,&quot;auto_play&quot;:true,&quot;gap&quot;:30,&quot;speed&quot;:5000,&quot;loop&quot;:&quot;yes&quot;,&quot;animation_out&quot;:&quot;&quot;,&quot;arrows_design&quot;:&quot;vc_arrow-icon-arrow_02_left&quot;,&quot;arrows_color&quot;:&quot;chino&quot;,&quot;arrows_position&quot;:&quot;inside&quot;,&quot;paging_design&quot;:&quot;none&quot;,&quot;paging_color&quot;:&quot;grey&quot;,&quot;tag&quot;:&quot;vc_basic_grid&quot;}\"\n\t\t data-vc-request=\"\/wp-admin\/admin-ajax.php\"\n\t\t data-vc-post-id=\"1052\"\n\t\t data-vc-public-nonce=\"159839fa61\">\n\t<\/div>\n<\/div><!-- vc_grid end --><\/div><\/div><\/div><div class=\"vc_row-full-width\"><\/div>\n","protected":false},"excerpt":{"rendered":"La canonizzazione dei santi Ignazio di Loiola fondatore della Compagnia di Ges\u00f9 e Francesco Saverio apostolo dell\u2019 Oriente : ricordo del terzo [...]","protected":false},"author":2,"featured_media":0,"parent":0,"menu_order":64,"comment_status":"closed","ping_status":"closed","template":"","meta":{"ngg_post_thumbnail":0},"_links":{"self":[{"href":"https:\/\/60tesoros.usal.edu.ar\/index.php\/wp-json\/wp\/v2\/pages\/1052"}],"collection":[{"href":"https:\/\/60tesoros.usal.edu.ar\/index.php\/wp-json\/wp\/v2\/pages"}],"about":[{"href":"https:\/\/60tesoros.usal.edu.ar\/index.php\/wp-json\/wp\/v2\/types\/page"}],"author":[{"embeddable":true,"href":"https:\/\/60tesoros.usal.edu.ar\/index.php\/wp-json\/wp\/v2\/users\/2"}],"replies":[{"embeddable":true,"href":"https:\/\/60tesoros.usal.edu.ar\/index.php\/wp-json\/wp\/v2\/comments?post=1052"}],"version-history":[{"count":6,"href":"https:\/\/60tesoros.usal.edu.ar\/index.php\/wp-json\/wp\/v2\/pages\/1052\/revisions"}],"predecessor-version":[{"id":1440,"href":"https:\/\/60tesoros.usal.edu.ar\/index.php\/wp-json\/wp\/v2\/pages\/1052\/revisions\/1440"}],"wp:attachment":[{"href":"https:\/\/60tesoros.usal.edu.ar\/index.php\/wp-json\/wp\/v2\/media?parent=1052"}],"curies":[{"name":"wp","href":"https:\/\/api.w.org\/{rel}","templated":true}]}}