{"id":1049,"date":"2016-03-08T13:34:29","date_gmt":"2016-03-08T13:34:29","guid":{"rendered":"http:\/\/60tesoros.usal.edu.ar\/?page_id=1049"},"modified":"2016-04-07T14:23:14","modified_gmt":"2016-04-07T14:23:14","slug":"the-miracles-of-the-blessed-virgin-mary","status":"publish","type":"page","link":"https:\/\/60tesoros.usal.edu.ar\/index.php\/the-miracles-of-the-blessed-virgin-mary\/","title":{"rendered":"The miracles of the blessed Virgin Mary&#8230;"},"content":{"rendered":"<div data-vc-parallax=\"1.5\" class=\"vc_row wpb_row vc_row-fluid vc_custom_1457365379932 vc_general vc_parallax vc_parallax-content-moving\"><div class=\"wpb_column vc_column_container vc_col-sm-6\"><div class=\"wpb_wrapper\"><h2 style=\"font-size: 20pt;color: #e2c790;text-align: left\" class=\"vc_custom_heading vc_custom_1457451107051\">The miracles of the blessed Virgin Mary and the Life of Hanna : Saint Anna and the magical prayers of Aheta Mikael<\/h2>\n\t<div class=\"wpb_text_column wpb_content_element \">\n\t\t<div class=\"wpb_wrapper\">\n\t\t\t<p>Quiz\u00e1s uno de los libros m\u00e1s bellos de la Biblioteca Hist\u00f3rica de la USAL sea <em>The miracles of the blessed Virgin Mary\u2026<\/em> Publicado en Londres en 1900, en una tirada peque\u00f1a de trescientos ejemplares, el volumen incluye la traducci\u00f3n al ingl\u00e9s de diversos manuscritos et\u00edopes adquiridos por Lady Meux (1847-1910), coleccionista victoriana especializada en objetos del Antiguo Egipto. De gran tama\u00f1o y ricamente ilustrado a color, el libro se inicia con los t\u00edtulos en portada, impresos en negro y rojo. Contiene, adem\u00e1s, pasajes en lengua copta, como as\u00ed tambi\u00e9n ciento once planchas con litograf\u00edas a color, cada una con una leyenda explicativa. \u201cOur Lady, The Holy Virgin Mary, who gave birth to God, holding his son Jesus Christ in her arms. On her right and left are the Archangels Michael and Gabriel\u201d, dice uno de los ep\u00edgrafes. Wallis Bugde (1857-1934), editor y traductor del libro, fue un egipt\u00f3logo ingl\u00e9s que trabaj\u00f3 para el Museo Brit\u00e1nico, public\u00f3 numerosos libros sobre Egipto y tambi\u00e9n edit\u00f3 un cat\u00e1logo de la colecci\u00f3n de Lady Meux, que inclu\u00eda m\u00e1s de 1700 objetos.<\/p>\n<p><strong>The miracles of the blessed Virgin Mary and the Life of Hanna : Saint Anna and the magical prayers of Aheta Mikael \/ edited and translated by E. A. Wallis Budge. London : W. Griggs, 1900. lxv, 220, 116 p. : ampliamente il. ; 39 cm.<\/strong><\/p>\n\n\t\t<\/div>\n\t<\/div>\n<div class=\"vc_btn3-container  boton_borde vc_btn3-left\"><a class=\"vc_general vc_btn3 vc_btn3-size-md vc_btn3-shape-rounded vc_btn3-style-outline vc_btn3-icon-right vc_btn3-color-inverse\" href=\"http:\/\/60tesoros.usal.edu.ar\/index.php\/colecciones-especiales\/\" title=\"\" target=\"_self\">Volver a Colecciones Especiales <i class=\"vc_btn3-icon fa fa-share\"><\/i><\/a><\/div>\n<\/div><\/div><div class=\"wpb_column vc_column_container vc_col-sm-6\"><div class=\"wpb_wrapper\">\n\t<div class=\"wpb_single_image wpb_content_element vc_align_center  vc_custom_1458059371226\">\n\t\t<div class=\"wpb_wrapper\">\n\t\t\t\n\t\t\t<a class=\"prettyphoto\" rel=\"prettyPhoto[rel-1049-105927073]\" href=\"https:\/\/60tesoros.usal.edu.ar\/wp-content\/uploads\/2016\/03\/miracles5.jpg\" target=\"_self\"><div class=\"vc_single_image-wrapper vc_box_rounded  vc_box_border_grey\"><img class=\"vc_single_image-img \" src=\"https:\/\/60tesoros.usal.edu.ar\/wp-content\/uploads\/2016\/03\/miracles5.jpg\" width=\"530\" height=\"471\" alt=\"\" title=\"\" \/><\/div><\/a>\n\t\t<\/div>\n\t<\/div>\n<\/div><\/div><\/div><div class=\"vc_row wpb_row vc_row-fluid\"><div class=\"wpb_column vc_column_container vc_col-sm-12\"><div class=\"wpb_wrapper\"><!-- vc_grid start -->\n<div class=\"vc_grid-container-wrapper vc_clearfix\">\n\t<div class=\"vc_grid-container vc_clearfix wpb_content_element vc_media_grid\"\n\t\t data-vc-grid-settings=\"{&quot;page_id&quot;:1049,&quot;style&quot;:&quot;all&quot;,&quot;action&quot;:&quot;vc_get_vc_grid_data&quot;,&quot;animation_in&quot;:&quot;zoomIn&quot;,&quot;shortcode_id&quot;:&quot;{failed_to_get_id:\\&quot;vc_gid:1457451078211-b20c866ea6243fba4cbddacd90707a25-3\\&quot;}&quot;,&quot;tag&quot;:&quot;vc_media_grid&quot;}\"\n\t\t data-vc-request=\"\/wp-admin\/admin-ajax.php\"\n\t\t data-vc-post-id=\"1049\"\n\t\t data-vc-public-nonce=\"8ed1acebdb\">\n\t<\/div>\n<\/div><!-- vc_grid end -->\n\t<div class=\"wpb_text_column wpb_content_element \">\n\t\t<div class=\"wpb_wrapper\">\n\t\t\t<p style=\"text-align: center;\">Haga click en la imagen para agrandar<\/p>\n\n\t\t<\/div>\n\t<\/div>\n<\/div><\/div><\/div><div data-vc-full-width=\"true\" data-vc-full-width-init=\"false\" data-vc-stretch-content=\"true\" class=\"vc_row wpb_row vc_row-fluid vc_custom_1457440840599\"><div class=\"wpb_column vc_column_container vc_col-sm-12\"><div class=\"wpb_wrapper\"><!-- vc_grid start -->\n<div class=\"vc_grid-container-wrapper vc_clearfix\">\n\t<div class=\"vc_grid-container vc_clearfix wpb_content_element vc_basic_grid vc_custom_1458059394639\"\n\t\t data-vc-grid-settings=\"{&quot;page_id&quot;:1049,&quot;style&quot;:&quot;pagination&quot;,&quot;action&quot;:&quot;vc_get_vc_grid_data&quot;,&quot;animation_in&quot;:&quot;&quot;,&quot;shortcode_id&quot;:&quot;{failed_to_get_id:\\&quot;vc_gid:1457451078293-f88b646d35f3bb744c774530dbc59c86-10\\&quot;}&quot;,&quot;items_per_page&quot;:&quot;6&quot;,&quot;auto_play&quot;:true,&quot;gap&quot;:30,&quot;speed&quot;:5000,&quot;loop&quot;:&quot;yes&quot;,&quot;animation_out&quot;:&quot;&quot;,&quot;arrows_design&quot;:&quot;vc_arrow-icon-arrow_02_left&quot;,&quot;arrows_color&quot;:&quot;chino&quot;,&quot;arrows_position&quot;:&quot;inside&quot;,&quot;paging_design&quot;:&quot;none&quot;,&quot;paging_color&quot;:&quot;grey&quot;,&quot;tag&quot;:&quot;vc_basic_grid&quot;}\"\n\t\t data-vc-request=\"\/wp-admin\/admin-ajax.php\"\n\t\t data-vc-post-id=\"1049\"\n\t\t data-vc-public-nonce=\"8ed1acebdb\">\n\t<\/div>\n<\/div><!-- vc_grid end --><\/div><\/div><\/div><div class=\"vc_row-full-width\"><\/div>\n","protected":false},"excerpt":{"rendered":"The miracles of the blessed Virgin Mary and the Life of Hanna : Saint Anna and the magical prayers of Aheta Mikael [...]","protected":false},"author":2,"featured_media":0,"parent":0,"menu_order":63,"comment_status":"closed","ping_status":"closed","template":"","meta":{"ngg_post_thumbnail":0},"_links":{"self":[{"href":"https:\/\/60tesoros.usal.edu.ar\/index.php\/wp-json\/wp\/v2\/pages\/1049"}],"collection":[{"href":"https:\/\/60tesoros.usal.edu.ar\/index.php\/wp-json\/wp\/v2\/pages"}],"about":[{"href":"https:\/\/60tesoros.usal.edu.ar\/index.php\/wp-json\/wp\/v2\/types\/page"}],"author":[{"embeddable":true,"href":"https:\/\/60tesoros.usal.edu.ar\/index.php\/wp-json\/wp\/v2\/users\/2"}],"replies":[{"embeddable":true,"href":"https:\/\/60tesoros.usal.edu.ar\/index.php\/wp-json\/wp\/v2\/comments?post=1049"}],"version-history":[{"count":6,"href":"https:\/\/60tesoros.usal.edu.ar\/index.php\/wp-json\/wp\/v2\/pages\/1049\/revisions"}],"predecessor-version":[{"id":1513,"href":"https:\/\/60tesoros.usal.edu.ar\/index.php\/wp-json\/wp\/v2\/pages\/1049\/revisions\/1513"}],"wp:attachment":[{"href":"https:\/\/60tesoros.usal.edu.ar\/index.php\/wp-json\/wp\/v2\/media?parent=1049"}],"curies":[{"name":"wp","href":"https:\/\/api.w.org\/{rel}","templated":true}]}}