{"id":1043,"date":"2016-03-08T13:20:32","date_gmt":"2016-03-08T13:20:32","guid":{"rendered":"http:\/\/60tesoros.usal.edu.ar\/?page_id=1043"},"modified":"2017-06-23T22:26:17","modified_gmt":"2017-06-23T22:26:17","slug":"el-ingenioso-hidalgo-don-quixote-de-la-mancha","status":"publish","type":"page","link":"https:\/\/60tesoros.usal.edu.ar\/index.php\/el-ingenioso-hidalgo-don-quixote-de-la-mancha\/","title":{"rendered":"El ingenioso hidalgo Don Quixote de la Mancha"},"content":{"rendered":"<div data-vc-parallax=\"1.5\" class=\"vc_row wpb_row vc_row-fluid vc_custom_1457365379932 vc_general vc_parallax vc_parallax-content-moving\"><div class=\"wpb_column vc_column_container vc_col-sm-6\"><div class=\"wpb_wrapper\"><h2 style=\"color: #e2c790;text-align: left\" class=\"vc_custom_heading vc_custom_1457450335727\">El ingenioso hidalgo Don Quixote de la Mancha <\/h2>\n\t<div class=\"wpb_text_column wpb_content_element \">\n\t\t<div class=\"wpb_wrapper\">\n\t\t\t<p>En julio de 1604 el Consejo de Castilla se encontraba considerando un manuscrito entonces titulado <em>El ingenioso hidalgo de la Mancha <\/em>para el que Cervantes hab\u00eda solicitado la licencia de impresi\u00f3n. La obra hab\u00eda logrado entusiasmar al editor Francisco de Robles debido al \u00e9xito del <em>Guzm\u00e1n de Alfarache<\/em>. Robles decidi\u00f3 invertir en el personaje loco de la Mancha confiando la tarea de impresi\u00f3n a la vieja imprenta de Pedro Madrigal, que entonces era propiedad de Mar\u00eda Rodr\u00edguez de Rivalde. Su yerno, Juan de la Cuesta, fue regente de la imprenta desde 1559 hasta 1607, cuando debi\u00f3 huir de Madrid, aunque su nombre se siguiera utilizando veinte a\u00f1os m\u00e1s en las impresiones del taller. Si bien el trabajo tipogr\u00e1fico del Quijote de 1605 no responde a ninguna obra maestra, el volumen de seiscientas sesenta y cuatro p\u00e1ginas, en ochenta y tres pliegos en cuarto se realiz\u00f3 en un lapso de tiempo breve (dos meses), en papel del Monasterio Paular, en letra redonda de la familia Garamond de cuerpo catorce. Francisco Murcia de la Llana fue el encargado de verificar que dichos ochenta pliegos concordaran con el original rubricado el 1 de diciembre de 1604. Pero como la \u201cTasa\u201d deb\u00eda expedirse en la Corte, Robles le indic\u00f3 a Cuestas que dejara en blanco el folio dos recto del pliego de la portada donde aparec\u00eda el a\u00f1o 1605 y no 1604, fecha que en rigor deb\u00eda figurar. Los tr\u00e1mites se terminaron el 20 de diciembre en Valladolid. La tirada fijada por Robles fue entre mil quinientos y mil seiscientos ejemplares. La impresi\u00f3n de la segunda parte del <em>Quijote<\/em>, a cargo nominalmente de Juan de la Cuesta, se realiz\u00f3 en seis meses (abril-octubre de 1615), busc\u00f3 hacer juego con la tercera edici\u00f3n del <em>Ingenioso hidalgo<\/em> por lo que su impresi\u00f3n no fue mejorada<em>. <\/em>Sin importar cu\u00e1l sea la historia de erratas y desprolijidades de las primeras impresiones, no caben dudas que el <em>Quijote<\/em> constituye un cl\u00e1sico de la literatura, siendo considerado como una de las primeras novelas modernas por su uso de la parodia y de la polifon\u00eda, entre otros muchos elementos. El ejemplar de la Biblioteca Hist\u00f3rica de la USAL es una edici\u00f3n facs\u00edmil (1807) de la primera edici\u00f3n, publicada en Madrid por Juan de la Cuesta entre 1608 y 1615, abre con una ilustraci\u00f3n en la portada, acompa\u00f1ando al t\u00edtulo y dem\u00e1s leyendas en diversas tipograf\u00edas. Las ilustraciones reaparecen en la apertura de cada parte como as\u00ed tambi\u00e9n en las vi\u00f1etas para las may\u00fasculas que inician los cap\u00edtulos. La primera \u201cE\u201d, por ejemplo, que abre el famoso inicio, \u201cEn un lugar de la Mancha\u2026\u201d est\u00e1 ilustrada con fondo de edificaciones y vegetaci\u00f3n.<\/p>\n<p><strong>El ingenioso hidalgo Don Quixote de la Mancha \/ compuesto por Miguel de Cervantes Saavedra. Barcelona : Montaner y Simon, 1897. \u2015 2 v.; 4\u00ba (23 cm). Reimpresi\u00f3n facs\u00edmil de la primera edici\u00f3n: Madrid : Iuan de la Cuesta, 1608-1615.<\/strong><\/p>\n\n\t\t<\/div>\n\t<\/div>\n<div class=\"vc_btn3-container  boton_borde vc_btn3-left\"><a class=\"vc_general vc_btn3 vc_btn3-size-md vc_btn3-shape-rounded vc_btn3-style-outline vc_btn3-icon-right vc_btn3-color-inverse\" href=\"http:\/\/60tesoros.usal.edu.ar\/index.php\/colecciones-especiales\/\" title=\"\" target=\"_self\">Volver a Colecciones Especiales <i class=\"vc_btn3-icon fa fa-share\"><\/i><\/a><\/div>\n<\/div><\/div><div class=\"wpb_column vc_column_container vc_col-sm-6\"><div class=\"wpb_wrapper\">\n\t<div class=\"wpb_single_image wpb_content_element vc_align_center  vc_custom_1458057846537\">\n\t\t<div class=\"wpb_wrapper\">\n\t\t\t\n\t\t\t<a class=\"prettyphoto\" rel=\"prettyPhoto[rel-1043-1418225967]\" href=\"https:\/\/60tesoros.usal.edu.ar\/wp-content\/uploads\/2016\/03\/el-ingenioso.jpg\" target=\"_self\"><div class=\"vc_single_image-wrapper vc_box_rounded  vc_box_border_grey\"><img class=\"vc_single_image-img \" src=\"https:\/\/60tesoros.usal.edu.ar\/wp-content\/uploads\/2016\/03\/el-ingenioso.jpg\" width=\"530\" height=\"471\" alt=\"\" title=\"\" \/><\/div><\/a>\n\t\t<\/div>\n\t<\/div>\n<\/div><\/div><\/div><div class=\"vc_row wpb_row vc_row-fluid\"><div class=\"wpb_column vc_column_container vc_col-sm-12\"><div class=\"wpb_wrapper\"><!-- vc_grid start -->\n<div class=\"vc_grid-container-wrapper vc_clearfix\">\n\t<div class=\"vc_grid-container vc_clearfix wpb_content_element vc_media_grid\"\n\t\t data-vc-grid-settings=\"{&quot;page_id&quot;:1043,&quot;style&quot;:&quot;all&quot;,&quot;action&quot;:&quot;vc_get_vc_grid_data&quot;,&quot;animation_in&quot;:&quot;zoomIn&quot;,&quot;shortcode_id&quot;:&quot;{failed_to_get_id:\\&quot;vc_gid:1457450282750-1ac1299d0f16e655cbc5261ee1d9b761-4\\&quot;}&quot;,&quot;tag&quot;:&quot;vc_media_grid&quot;}\"\n\t\t data-vc-request=\"\/wp-admin\/admin-ajax.php\"\n\t\t data-vc-post-id=\"1043\"\n\t\t data-vc-public-nonce=\"7ad70e971e\">\n\t<\/div>\n<\/div><!-- vc_grid end -->\n\t<div class=\"wpb_text_column wpb_content_element \">\n\t\t<div class=\"wpb_wrapper\">\n\t\t\t<p style=\"text-align: center;\">Haga click en la imagen para agrandar<\/p>\n\n\t\t<\/div>\n\t<\/div>\n<\/div><\/div><\/div><div data-vc-full-width=\"true\" data-vc-full-width-init=\"false\" data-vc-stretch-content=\"true\" class=\"vc_row wpb_row vc_row-fluid vc_custom_1457440840599\"><div class=\"wpb_column vc_column_container vc_col-sm-12\"><div class=\"wpb_wrapper\"><!-- vc_grid start -->\n<div class=\"vc_grid-container-wrapper vc_clearfix\">\n\t<div class=\"vc_grid-container vc_clearfix wpb_content_element vc_basic_grid vc_custom_1458058086493\"\n\t\t data-vc-grid-settings=\"{&quot;page_id&quot;:1043,&quot;style&quot;:&quot;pagination&quot;,&quot;action&quot;:&quot;vc_get_vc_grid_data&quot;,&quot;animation_in&quot;:&quot;&quot;,&quot;shortcode_id&quot;:&quot;{failed_to_get_id:\\&quot;vc_gid:1457450282832-b4bd2c64d721309630cf0cfbafe6dd04-0\\&quot;}&quot;,&quot;items_per_page&quot;:&quot;6&quot;,&quot;auto_play&quot;:true,&quot;gap&quot;:30,&quot;speed&quot;:5000,&quot;loop&quot;:&quot;yes&quot;,&quot;animation_out&quot;:&quot;&quot;,&quot;arrows_design&quot;:&quot;vc_arrow-icon-arrow_02_left&quot;,&quot;arrows_color&quot;:&quot;chino&quot;,&quot;arrows_position&quot;:&quot;inside&quot;,&quot;paging_design&quot;:&quot;none&quot;,&quot;paging_color&quot;:&quot;grey&quot;,&quot;tag&quot;:&quot;vc_basic_grid&quot;}\"\n\t\t data-vc-request=\"\/wp-admin\/admin-ajax.php\"\n\t\t data-vc-post-id=\"1043\"\n\t\t data-vc-public-nonce=\"7ad70e971e\">\n\t<\/div>\n<\/div><!-- vc_grid end --><\/div><\/div><\/div><div class=\"vc_row-full-width\"><\/div>\n","protected":false},"excerpt":{"rendered":"El ingenioso hidalgo Don Quixote de la Mancha En julio de 1604 el Consejo de Castilla se encontraba considerando un manuscrito entonces [...]","protected":false},"author":2,"featured_media":0,"parent":0,"menu_order":61,"comment_status":"closed","ping_status":"closed","template":"","meta":{"ngg_post_thumbnail":0},"_links":{"self":[{"href":"https:\/\/60tesoros.usal.edu.ar\/index.php\/wp-json\/wp\/v2\/pages\/1043"}],"collection":[{"href":"https:\/\/60tesoros.usal.edu.ar\/index.php\/wp-json\/wp\/v2\/pages"}],"about":[{"href":"https:\/\/60tesoros.usal.edu.ar\/index.php\/wp-json\/wp\/v2\/types\/page"}],"author":[{"embeddable":true,"href":"https:\/\/60tesoros.usal.edu.ar\/index.php\/wp-json\/wp\/v2\/users\/2"}],"replies":[{"embeddable":true,"href":"https:\/\/60tesoros.usal.edu.ar\/index.php\/wp-json\/wp\/v2\/comments?post=1043"}],"version-history":[{"count":9,"href":"https:\/\/60tesoros.usal.edu.ar\/index.php\/wp-json\/wp\/v2\/pages\/1043\/revisions"}],"predecessor-version":[{"id":1526,"href":"https:\/\/60tesoros.usal.edu.ar\/index.php\/wp-json\/wp\/v2\/pages\/1043\/revisions\/1526"}],"wp:attachment":[{"href":"https:\/\/60tesoros.usal.edu.ar\/index.php\/wp-json\/wp\/v2\/media?parent=1043"}],"curies":[{"name":"wp","href":"https:\/\/api.w.org\/{rel}","templated":true}]}}