{"id":1040,"date":"2016-03-08T13:17:14","date_gmt":"2016-03-08T13:17:14","guid":{"rendered":"http:\/\/60tesoros.usal.edu.ar\/?page_id=1040"},"modified":"2016-03-15T13:57:47","modified_gmt":"2016-03-15T13:57:47","slug":"de-re-diplomatica-libri-vi","status":"publish","type":"page","link":"https:\/\/60tesoros.usal.edu.ar\/index.php\/de-re-diplomatica-libri-vi\/","title":{"rendered":"De re diplomatica libri VI&#8230;"},"content":{"rendered":"<div data-vc-parallax=\"1.5\" class=\"vc_row wpb_row vc_row-fluid vc_custom_1457365379932 vc_general vc_parallax vc_parallax-content-moving\"><div class=\"wpb_column vc_column_container vc_col-sm-6\"><div class=\"wpb_wrapper\"><h2 style=\"font-size: 16pt;color: #e2c790;text-align: left\" class=\"vc_custom_heading vc_custom_1457450095229\">De re diplomatica libri VI, in quibus quidquid ad veterum instrumentorum antiquitatem materiam, scripturam et stilum quidquid ad sigilla, monogrammata, subscriptiones ac notas chronologicas, quidquid inde ad antiquariam, historicam, soren semque disciplinam pertinent, explicatur &#038; illustratur<\/h2>\n\t<div class=\"wpb_text_column wpb_content_element \">\n\t\t<div class=\"wpb_wrapper\">\n\t\t\t<p>Esta obra ha sido incluida en la Exposici\u00f3n por ser uno de los libros m\u00e1s antiguos de la Biblioteca Hist\u00f3rica. Jean Mabillon (monje benedictino franc\u00e9s, 1632-1707) fue un prestigioso historiador perteneciente a la escuela maurista que conjuntamente con los bolandistas representaban las dos corrientes historiogr\u00e1ficas cat\u00f3licas m\u00e1s importantes de la \u00e9poca. En esta obra, Mabillon sienta las bases metodol\u00f3gicas para el an\u00e1lisis y autenticaci\u00f3n de los documentos hist\u00f3ricos (diplomas) por sus caracter\u00edsticas formales e informacionales (dataci\u00f3n, marcas, sellos, r\u00fabricas, etc.). Fue publicada por primera vez en 1681. En esta edici\u00f3n se distinguen las completas y rigurosas notas del fil\u00f3logo Giovanni Adimari, Marqu\u00e9s de Bumba, posee adem\u00e1s los rasgos t\u00edpicos del tr\u00e1nsito del estilo rococ\u00f3 hacia un neoclasicismo en las postrimer\u00edas del siglo XVIII. En el arte tipogr\u00e1fico reaparecen los motivos decorativos romanos. En este ejemplar se destaca un formidable frontispicio con valor aleg\u00f3rico del contenido de la obra: cinco figuras humanas que simbolizan diferentes expresiones del conocimiento. Sobre el fondo de la composici\u00f3n se descubren fachadas arquitect\u00f3nicas de neto corte romano cl\u00e1sico con la sobriedad de sus l\u00edneas rectas. Otro indicador relevante es la tipograf\u00eda neo-romana (se distingu\u00edan en Italia los caracteres romanos dise\u00f1ados por el impresor Giambattista Bodoni). Una nota propia de este ejemplar es una firma manuscrita datada en 1910.<\/p>\n<p><strong>De re diplomatica libri VI, in quibus quidquid ad veterum instrumentorum antiquitatem materiam, scripturam et stilum quidquid ad sigilla, monogrammata, subscriptiones ac notas chronologicas, quidquid inde ad antiquariam, historicam, soren semque disciplinam pertinent, explicatur &amp; illustratur \/ opera et studio Domni Johannis Mabillon. Neapoli : Vincentii Urwini, 1789. [32], 648 [i.e. 652], [32], [1] h. pleg. : il. ; Fol. (43 cm).<\/strong><\/p>\n\n\t\t<\/div>\n\t<\/div>\n<div class=\"vc_btn3-container  boton_borde vc_btn3-left\"><a class=\"vc_general vc_btn3 vc_btn3-size-md vc_btn3-shape-rounded vc_btn3-style-outline vc_btn3-icon-right vc_btn3-color-inverse\" href=\"http:\/\/60tesoros.usal.edu.ar\/index.php\/colecciones-especiales\/\" title=\"\" target=\"_self\">Volver a Colecciones Especiales <i class=\"vc_btn3-icon fa fa-share\"><\/i><\/a><\/div>\n<\/div><\/div><div class=\"wpb_column vc_column_container vc_col-sm-6\"><div class=\"wpb_wrapper\">\n\t<div class=\"wpb_single_image wpb_content_element vc_align_center  vc_custom_1458057246923\">\n\t\t<div class=\"wpb_wrapper\">\n\t\t\t\n\t\t\t<a class=\"prettyphoto\" rel=\"prettyPhoto[rel-1040-756444363]\" href=\"https:\/\/60tesoros.usal.edu.ar\/wp-content\/uploads\/2016\/03\/de-re-diplo.jpg\" target=\"_self\"><div class=\"vc_single_image-wrapper vc_box_rounded  vc_box_border_grey\"><img class=\"vc_single_image-img \" src=\"https:\/\/60tesoros.usal.edu.ar\/wp-content\/uploads\/2016\/03\/de-re-diplo.jpg\" width=\"530\" height=\"471\" alt=\"\" title=\"\" \/><\/div><\/a>\n\t\t<\/div>\n\t<\/div>\n<\/div><\/div><\/div><div class=\"vc_row wpb_row vc_row-fluid\"><div class=\"wpb_column vc_column_container vc_col-sm-12\"><div class=\"wpb_wrapper\"><!-- vc_grid start -->\n<div class=\"vc_grid-container-wrapper vc_clearfix\">\n\t<div class=\"vc_grid-container vc_clearfix wpb_content_element vc_media_grid\"\n\t\t data-vc-grid-settings=\"{&quot;page_id&quot;:1040,&quot;style&quot;:&quot;all&quot;,&quot;action&quot;:&quot;vc_get_vc_grid_data&quot;,&quot;animation_in&quot;:&quot;zoomIn&quot;,&quot;shortcode_id&quot;:&quot;{failed_to_get_id:\\&quot;vc_gid:1457450051147-5e2eb8c2a56b87ada2ae69be1659c252-1\\&quot;}&quot;,&quot;tag&quot;:&quot;vc_media_grid&quot;}\"\n\t\t data-vc-request=\"\/wp-admin\/admin-ajax.php\"\n\t\t data-vc-post-id=\"1040\"\n\t\t data-vc-public-nonce=\"7ad70e971e\">\n\t<\/div>\n<\/div><!-- vc_grid end -->\n\t<div class=\"wpb_text_column wpb_content_element \">\n\t\t<div class=\"wpb_wrapper\">\n\t\t\t<p style=\"text-align: center;\">Haga click en la imagen para agrandar<\/p>\n\n\t\t<\/div>\n\t<\/div>\n<\/div><\/div><\/div><div data-vc-full-width=\"true\" data-vc-full-width-init=\"false\" data-vc-stretch-content=\"true\" class=\"vc_row wpb_row vc_row-fluid vc_custom_1457440840599\"><div class=\"wpb_column vc_column_container vc_col-sm-12\"><div class=\"wpb_wrapper\"><!-- vc_grid start -->\n<div class=\"vc_grid-container-wrapper vc_clearfix\">\n\t<div class=\"vc_grid-container vc_clearfix wpb_content_element vc_basic_grid vc_custom_1458057143580\"\n\t\t data-vc-grid-settings=\"{&quot;page_id&quot;:1040,&quot;style&quot;:&quot;pagination&quot;,&quot;action&quot;:&quot;vc_get_vc_grid_data&quot;,&quot;animation_in&quot;:&quot;&quot;,&quot;shortcode_id&quot;:&quot;{failed_to_get_id:\\&quot;vc_gid:1457450051226-b05ac7eee905e91415aa2c93ebcc1385-4\\&quot;}&quot;,&quot;items_per_page&quot;:&quot;6&quot;,&quot;auto_play&quot;:true,&quot;gap&quot;:30,&quot;speed&quot;:5000,&quot;loop&quot;:&quot;yes&quot;,&quot;animation_out&quot;:&quot;&quot;,&quot;arrows_design&quot;:&quot;vc_arrow-icon-arrow_02_left&quot;,&quot;arrows_color&quot;:&quot;chino&quot;,&quot;arrows_position&quot;:&quot;inside&quot;,&quot;paging_design&quot;:&quot;none&quot;,&quot;paging_color&quot;:&quot;grey&quot;,&quot;tag&quot;:&quot;vc_basic_grid&quot;}\"\n\t\t data-vc-request=\"\/wp-admin\/admin-ajax.php\"\n\t\t data-vc-post-id=\"1040\"\n\t\t data-vc-public-nonce=\"7ad70e971e\">\n\t<\/div>\n<\/div><!-- vc_grid end --><\/div><\/div><\/div><div class=\"vc_row-full-width\"><\/div>\n","protected":false},"excerpt":{"rendered":"De re diplomatica libri VI, in quibus quidquid ad veterum instrumentorum antiquitatem materiam, scripturam et stilum quidquid ad sigilla, monogrammata, subscriptiones ac [...]","protected":false},"author":2,"featured_media":0,"parent":0,"menu_order":60,"comment_status":"closed","ping_status":"closed","template":"","meta":{"ngg_post_thumbnail":0},"_links":{"self":[{"href":"https:\/\/60tesoros.usal.edu.ar\/index.php\/wp-json\/wp\/v2\/pages\/1040"}],"collection":[{"href":"https:\/\/60tesoros.usal.edu.ar\/index.php\/wp-json\/wp\/v2\/pages"}],"about":[{"href":"https:\/\/60tesoros.usal.edu.ar\/index.php\/wp-json\/wp\/v2\/types\/page"}],"author":[{"embeddable":true,"href":"https:\/\/60tesoros.usal.edu.ar\/index.php\/wp-json\/wp\/v2\/users\/2"}],"replies":[{"embeddable":true,"href":"https:\/\/60tesoros.usal.edu.ar\/index.php\/wp-json\/wp\/v2\/comments?post=1040"}],"version-history":[{"count":7,"href":"https:\/\/60tesoros.usal.edu.ar\/index.php\/wp-json\/wp\/v2\/pages\/1040\/revisions"}],"predecessor-version":[{"id":1386,"href":"https:\/\/60tesoros.usal.edu.ar\/index.php\/wp-json\/wp\/v2\/pages\/1040\/revisions\/1386"}],"wp:attachment":[{"href":"https:\/\/60tesoros.usal.edu.ar\/index.php\/wp-json\/wp\/v2\/media?parent=1040"}],"curies":[{"name":"wp","href":"https:\/\/api.w.org\/{rel}","templated":true}]}}