{"id":1028,"date":"2016-03-08T12:51:55","date_gmt":"2016-03-08T12:51:55","guid":{"rendered":"http:\/\/60tesoros.usal.edu.ar\/?page_id=1028"},"modified":"2016-03-15T12:41:03","modified_gmt":"2016-03-15T12:41:03","slug":"histoire-litteraire-des-troubadours","status":"publish","type":"page","link":"https:\/\/60tesoros.usal.edu.ar\/index.php\/histoire-litteraire-des-troubadours\/","title":{"rendered":"Histoire litt\u00e9raire des troubadours&#8230;"},"content":{"rendered":"<div data-vc-parallax=\"1.5\" class=\"vc_row wpb_row vc_row-fluid vc_custom_1457365379932 vc_general vc_parallax vc_parallax-content-moving\"><div class=\"wpb_column vc_column_container vc_col-sm-6\"><div class=\"wpb_wrapper\"><h2 style=\"font-size: 20pt;color: #e2c790;text-align: left\" class=\"vc_custom_heading vc_custom_1457448603473\">Histoire litt\u00e9raire des troubadours : contenant leurs vies, les extraits de leurs pi\u00e8ces &#038; plusieurs particularit\u00e9s sur les moeurs, les usages &#038; l\u2019histoire du douzi\u00e8me &#038; du treizi\u00e8me si\u00e8cles<\/h2>\n\t<div class=\"wpb_text_column wpb_content_element \">\n\t\t<div class=\"wpb_wrapper\">\n\t\t\t<p>El primer volumen del ejemplar de <em>Histoire litt\u00e9raire des troubadours<\/em>\u2026 que resguarda la Biblioteca Hist\u00f3rica de la USAL posee dos dedicatorias a Alexandro De Bavay, una de 1784 y otra de 1793: apenas unos a\u00f1os despu\u00e9s de la publicaci\u00f3n original de 1774. Editada en Par\u00eds, la obra en tres tomos construye una historia de la literatura europea y, en particular, de la tradici\u00f3n francesa. El primer volumen contiene una advertencia y un Discurso preliminar sobre el arte de los trovadores, en donde se lee que \u201clos trovadores no son conocidos m\u00e1s que de nombre\u201d y que incluso la gente de letras s\u00f3lo tiene una idea muy vaga sobre su arte. El objeto del texto es, aclara el Discurso preliminar, presentar un punto de vista general acerca de los trovadores y su relevancia. Guillaume IX, Bernard de Ventadour, Pierre Raimond, Giraux de Roux son algunos de los trovadores que presenta el primer tomo; el segundo se enfoca, entre otros, en Pierre D\u00b4Auvergne, Granet y Boniface de Castellane y el tercero, en GuiD\u00b4Uisel, Arnaud de Marsan y Gionet. El autor de <em>Histoire litt\u00e9raire des troubadours<\/em>\u2026 fue Jean-Baptiste de La Curne de Sainte-Palaye (1697-1781), un historiador, fil\u00f3logo y lexic\u00f3grafo de origen franc\u00e9s.<\/p>\n<p><strong>Histoire litt\u00e9raire des troubadours : contenant leurs vies, les extraits de leurs pi\u00e8ces &amp; plusieurs particularit\u00e9s sur les moeurs, les usages &amp; l\u2019histoire du douzi\u00e8me &amp; du treizi\u00e8me si\u00e8cles. Paris : Durand, 1774. 3 v. ; 8\u00ba (17 cm.).<\/strong><\/p>\n\n\t\t<\/div>\n\t<\/div>\n<div class=\"vc_btn3-container  boton_borde vc_btn3-left\"><a class=\"vc_general vc_btn3 vc_btn3-size-md vc_btn3-shape-rounded vc_btn3-style-outline vc_btn3-icon-right vc_btn3-color-inverse\" href=\"http:\/\/60tesoros.usal.edu.ar\/index.php\/colecciones-especiales\/\" title=\"\" target=\"_self\">Volver a Colecciones Especiales <i class=\"vc_btn3-icon fa fa-share\"><\/i><\/a><\/div>\n<\/div><\/div><div class=\"wpb_column vc_column_container vc_col-sm-6\"><div class=\"wpb_wrapper\">\n\t<div class=\"wpb_single_image wpb_content_element vc_align_center  vc_custom_1458052606347\">\n\t\t<div class=\"wpb_wrapper\">\n\t\t\t\n\t\t\t<a class=\"prettyphoto\" rel=\"prettyPhoto[rel-1028-1165575502]\" href=\"https:\/\/60tesoros.usal.edu.ar\/wp-content\/uploads\/2016\/03\/troubadours4.jpg\" target=\"_self\"><div class=\"vc_single_image-wrapper vc_box_rounded  vc_box_border_grey\"><img class=\"vc_single_image-img \" src=\"https:\/\/60tesoros.usal.edu.ar\/wp-content\/uploads\/2016\/03\/troubadours4.jpg\" width=\"530\" height=\"471\" alt=\"\" title=\"\" \/><\/div><\/a>\n\t\t<\/div>\n\t<\/div>\n<\/div><\/div><\/div><div class=\"vc_row wpb_row vc_row-fluid\"><div class=\"wpb_column vc_column_container vc_col-sm-12\"><div class=\"wpb_wrapper\"><!-- vc_grid start -->\n<div class=\"vc_grid-container-wrapper vc_clearfix\">\n\t<div class=\"vc_grid-container vc_clearfix wpb_content_element vc_media_grid\"\n\t\t data-vc-grid-settings=\"{&quot;page_id&quot;:1028,&quot;style&quot;:&quot;all&quot;,&quot;action&quot;:&quot;vc_get_vc_grid_data&quot;,&quot;animation_in&quot;:&quot;zoomIn&quot;,&quot;shortcode_id&quot;:&quot;{failed_to_get_id:\\&quot;vc_gid:1457448550551-d4b8e18e1b716539033185b3eca0821a-8\\&quot;}&quot;,&quot;tag&quot;:&quot;vc_media_grid&quot;}\"\n\t\t data-vc-request=\"\/wp-admin\/admin-ajax.php\"\n\t\t data-vc-post-id=\"1028\"\n\t\t data-vc-public-nonce=\"7ad70e971e\">\n\t<\/div>\n<\/div><!-- vc_grid end -->\n\t<div class=\"wpb_text_column wpb_content_element \">\n\t\t<div class=\"wpb_wrapper\">\n\t\t\t<p style=\"text-align: center;\">Haga click en la imagen para agrandar<\/p>\n\n\t\t<\/div>\n\t<\/div>\n<\/div><\/div><\/div><div data-vc-full-width=\"true\" data-vc-full-width-init=\"false\" data-vc-stretch-content=\"true\" class=\"vc_row wpb_row vc_row-fluid vc_custom_1457440840599\"><div class=\"wpb_column vc_column_container vc_col-sm-12\"><div class=\"wpb_wrapper\"><!-- vc_grid start -->\n<div class=\"vc_grid-container-wrapper vc_clearfix\">\n\t<div class=\"vc_grid-container vc_clearfix wpb_content_element vc_basic_grid vc_custom_1458052631416\"\n\t\t data-vc-grid-settings=\"{&quot;page_id&quot;:1028,&quot;style&quot;:&quot;pagination&quot;,&quot;action&quot;:&quot;vc_get_vc_grid_data&quot;,&quot;animation_in&quot;:&quot;&quot;,&quot;shortcode_id&quot;:&quot;{failed_to_get_id:\\&quot;vc_gid:1457448550633-d5191e838db7b5c32c311ee96050849d-10\\&quot;}&quot;,&quot;items_per_page&quot;:&quot;6&quot;,&quot;auto_play&quot;:true,&quot;gap&quot;:30,&quot;speed&quot;:5000,&quot;loop&quot;:&quot;yes&quot;,&quot;animation_out&quot;:&quot;&quot;,&quot;arrows_design&quot;:&quot;vc_arrow-icon-arrow_02_left&quot;,&quot;arrows_color&quot;:&quot;chino&quot;,&quot;arrows_position&quot;:&quot;inside&quot;,&quot;paging_design&quot;:&quot;none&quot;,&quot;paging_color&quot;:&quot;grey&quot;,&quot;tag&quot;:&quot;vc_basic_grid&quot;}\"\n\t\t data-vc-request=\"\/wp-admin\/admin-ajax.php\"\n\t\t data-vc-post-id=\"1028\"\n\t\t data-vc-public-nonce=\"7ad70e971e\">\n\t<\/div>\n<\/div><!-- vc_grid end --><\/div><\/div><\/div><div class=\"vc_row-full-width\"><\/div>\n","protected":false},"excerpt":{"rendered":"Histoire litt\u00e9raire des troubadours : contenant leurs vies, les extraits de leurs pi\u00e8ces &#038; plusieurs particularit\u00e9s sur les moeurs, les usages &#038; [...]","protected":false},"author":2,"featured_media":0,"parent":0,"menu_order":56,"comment_status":"closed","ping_status":"closed","template":"","meta":{"ngg_post_thumbnail":0},"_links":{"self":[{"href":"https:\/\/60tesoros.usal.edu.ar\/index.php\/wp-json\/wp\/v2\/pages\/1028"}],"collection":[{"href":"https:\/\/60tesoros.usal.edu.ar\/index.php\/wp-json\/wp\/v2\/pages"}],"about":[{"href":"https:\/\/60tesoros.usal.edu.ar\/index.php\/wp-json\/wp\/v2\/types\/page"}],"author":[{"embeddable":true,"href":"https:\/\/60tesoros.usal.edu.ar\/index.php\/wp-json\/wp\/v2\/users\/2"}],"replies":[{"embeddable":true,"href":"https:\/\/60tesoros.usal.edu.ar\/index.php\/wp-json\/wp\/v2\/comments?post=1028"}],"version-history":[{"count":6,"href":"https:\/\/60tesoros.usal.edu.ar\/index.php\/wp-json\/wp\/v2\/pages\/1028\/revisions"}],"predecessor-version":[{"id":1365,"href":"https:\/\/60tesoros.usal.edu.ar\/index.php\/wp-json\/wp\/v2\/pages\/1028\/revisions\/1365"}],"wp:attachment":[{"href":"https:\/\/60tesoros.usal.edu.ar\/index.php\/wp-json\/wp\/v2\/media?parent=1028"}],"curies":[{"name":"wp","href":"https:\/\/api.w.org\/{rel}","templated":true}]}}