{"id":1022,"date":"2016-03-08T12:39:22","date_gmt":"2016-03-08T12:39:22","guid":{"rendered":"http:\/\/60tesoros.usal.edu.ar\/?page_id=1022"},"modified":"2016-03-15T12:02:37","modified_gmt":"2016-03-15T12:02:37","slug":"les-mysteres-du-christianisme","status":"publish","type":"page","link":"https:\/\/60tesoros.usal.edu.ar\/index.php\/les-mysteres-du-christianisme\/","title":{"rendered":"Les myst\u00e8res du Christianisme&#8230;"},"content":{"rendered":"<div data-vc-parallax=\"1.5\" class=\"vc_row wpb_row vc_row-fluid vc_custom_1457365379932 vc_general vc_parallax vc_parallax-content-moving\"><div class=\"wpb_column vc_column_container vc_col-sm-6\"><div class=\"wpb_wrapper\"><h2 style=\"font-size: 20pt;color: #e2c790;text-align: left\" class=\"vc_custom_heading vc_custom_1458050274705\">Les myst\u00e8res du Christianisme approfondis radicalement et reconus physiquement vrais<\/h2>\n\t<div class=\"wpb_text_column wpb_content_element \">\n\t\t<div class=\"wpb_wrapper\">\n\t\t\t<p>La presente obra an\u00f3nima fue publicada en Londres en 1771. De tem\u00e1tica religiosa, postula comentarios sobre el Antiguo y el Nuevo Testamento. <em>Les mysteres du Christianisme\u2026<\/em> est\u00e1 dividido en dos partes y cada una de ellas ocupa un tomo. En la primera parte, luego de presentar un plan de la obra, se abordan temas como la santidad de la religi\u00f3n cristiana, los siete d\u00edas de la Creaci\u00f3n, Ad\u00e1n y Eva, los hijos de Ad\u00e1n y el arca de No\u00e9. La segunda, abre con un cap\u00edtulo sobre el misterio de la Trinidad y, m\u00e1s adelante, avanza sobre el misterio de la Encarnaci\u00f3n, el misterio de la Redenci\u00f3n, la \u00daltima Cena, los milagros de Jes\u00fas y su resurrecci\u00f3n. El libro posee tambi\u00e9n un Discurso Preliminar \u201cdirigido a todos los te\u00f3logos de comunidades distintas del Cristianismo\u201d. Sobre este libro, Denis Diderot ha dicho que \u201ces imposible imaginar una producci\u00f3n m\u00e1s extravagante y un abuso m\u00e1s indigno del conocimiento del hebreo, del caldeo, del sir\u00edaco y del griego, un uso m\u00e1s despreciable y quiz\u00e1s una s\u00e1tira m\u00e1s violenta de la etimolog\u00eda\u201d.<\/p>\n<p><strong>Les myst\u00e8res du Christianisme approfondis radicalement et reconus physiquement vrais. London: [s.n.], 1771. 2 v. ; 8\u00ba (22 cm). La biblioteca tiene solamente el v. 1.<\/strong><\/p>\n\n\t\t<\/div>\n\t<\/div>\n<div class=\"vc_btn3-container  boton_borde vc_btn3-left\"><a class=\"vc_general vc_btn3 vc_btn3-size-md vc_btn3-shape-rounded vc_btn3-style-outline vc_btn3-icon-right vc_btn3-color-inverse\" href=\"http:\/\/60tesoros.usal.edu.ar\/index.php\/colecciones-especiales\/\" title=\"\" target=\"_self\">Volver a Colecciones Especiales <i class=\"vc_btn3-icon fa fa-share\"><\/i><\/a><\/div>\n<\/div><\/div><div class=\"wpb_column vc_column_container vc_col-sm-6\"><div class=\"wpb_wrapper\">\n\t<div class=\"wpb_single_image wpb_content_element vc_align_center  vc_custom_1458050292122\">\n\t\t<div class=\"wpb_wrapper\">\n\t\t\t\n\t\t\t<a class=\"prettyphoto\" rel=\"prettyPhoto[rel-1022-270197003]\" href=\"https:\/\/60tesoros.usal.edu.ar\/wp-content\/uploads\/2016\/03\/les-mysteres.jpg\" target=\"_self\"><div class=\"vc_single_image-wrapper vc_box_rounded  vc_box_border_grey\"><img class=\"vc_single_image-img \" src=\"https:\/\/60tesoros.usal.edu.ar\/wp-content\/uploads\/2016\/03\/les-mysteres.jpg\" width=\"530\" height=\"471\" alt=\"\" title=\"\" \/><\/div><\/a>\n\t\t<\/div>\n\t<\/div>\n<\/div><\/div><\/div><div class=\"vc_row wpb_row vc_row-fluid\"><div class=\"wpb_column vc_column_container vc_col-sm-12\"><div class=\"wpb_wrapper\"><!-- vc_grid start -->\n<div class=\"vc_grid-container-wrapper vc_clearfix\">\n\t<div class=\"vc_grid-container vc_clearfix wpb_content_element vc_media_grid\"\n\t\t data-vc-grid-settings=\"{&quot;page_id&quot;:1022,&quot;style&quot;:&quot;all&quot;,&quot;action&quot;:&quot;vc_get_vc_grid_data&quot;,&quot;animation_in&quot;:&quot;zoomIn&quot;,&quot;shortcode_id&quot;:&quot;{failed_to_get_id:\\&quot;vc_gid:1457447886653-3ff2c2b367552d1f6659263f83611fa7-10\\&quot;}&quot;,&quot;tag&quot;:&quot;vc_media_grid&quot;}\"\n\t\t data-vc-request=\"\/wp-admin\/admin-ajax.php\"\n\t\t data-vc-post-id=\"1022\"\n\t\t data-vc-public-nonce=\"7ad70e971e\">\n\t<\/div>\n<\/div><!-- vc_grid end -->\n\t<div class=\"wpb_text_column wpb_content_element \">\n\t\t<div class=\"wpb_wrapper\">\n\t\t\t<p style=\"text-align: center;\">Haga click en la imagen para agrandar<\/p>\n\n\t\t<\/div>\n\t<\/div>\n<\/div><\/div><\/div><div data-vc-full-width=\"true\" data-vc-full-width-init=\"false\" data-vc-stretch-content=\"true\" class=\"vc_row wpb_row vc_row-fluid vc_custom_1457440840599\"><div class=\"wpb_column vc_column_container vc_col-sm-12\"><div class=\"wpb_wrapper\"><!-- vc_grid start -->\n<div class=\"vc_grid-container-wrapper vc_clearfix\">\n\t<div class=\"vc_grid-container vc_clearfix wpb_content_element vc_basic_grid vc_custom_1458050318696\"\n\t\t data-vc-grid-settings=\"{&quot;page_id&quot;:1022,&quot;style&quot;:&quot;pagination&quot;,&quot;action&quot;:&quot;vc_get_vc_grid_data&quot;,&quot;animation_in&quot;:&quot;&quot;,&quot;shortcode_id&quot;:&quot;{failed_to_get_id:\\&quot;vc_gid:1457447886734-ace0596ad8829da0cc7c5076d7ded0bc-10\\&quot;}&quot;,&quot;items_per_page&quot;:&quot;6&quot;,&quot;auto_play&quot;:true,&quot;gap&quot;:30,&quot;speed&quot;:5000,&quot;loop&quot;:&quot;yes&quot;,&quot;animation_out&quot;:&quot;&quot;,&quot;arrows_design&quot;:&quot;vc_arrow-icon-arrow_02_left&quot;,&quot;arrows_color&quot;:&quot;chino&quot;,&quot;arrows_position&quot;:&quot;inside&quot;,&quot;paging_design&quot;:&quot;none&quot;,&quot;paging_color&quot;:&quot;grey&quot;,&quot;tag&quot;:&quot;vc_basic_grid&quot;}\"\n\t\t data-vc-request=\"\/wp-admin\/admin-ajax.php\"\n\t\t data-vc-post-id=\"1022\"\n\t\t data-vc-public-nonce=\"7ad70e971e\">\n\t<\/div>\n<\/div><!-- vc_grid end --><\/div><\/div><\/div><div class=\"vc_row-full-width\"><\/div>\n","protected":false},"excerpt":{"rendered":"Les myst\u00e8res du Christianisme approfondis radicalement et reconus physiquement vrais La presente obra an\u00f3nima fue publicada en Londres en 1771. De tem\u00e1tica [...]","protected":false},"author":2,"featured_media":0,"parent":0,"menu_order":54,"comment_status":"closed","ping_status":"closed","template":"","meta":{"ngg_post_thumbnail":0},"_links":{"self":[{"href":"https:\/\/60tesoros.usal.edu.ar\/index.php\/wp-json\/wp\/v2\/pages\/1022"}],"collection":[{"href":"https:\/\/60tesoros.usal.edu.ar\/index.php\/wp-json\/wp\/v2\/pages"}],"about":[{"href":"https:\/\/60tesoros.usal.edu.ar\/index.php\/wp-json\/wp\/v2\/types\/page"}],"author":[{"embeddable":true,"href":"https:\/\/60tesoros.usal.edu.ar\/index.php\/wp-json\/wp\/v2\/users\/2"}],"replies":[{"embeddable":true,"href":"https:\/\/60tesoros.usal.edu.ar\/index.php\/wp-json\/wp\/v2\/comments?post=1022"}],"version-history":[{"count":5,"href":"https:\/\/60tesoros.usal.edu.ar\/index.php\/wp-json\/wp\/v2\/pages\/1022\/revisions"}],"predecessor-version":[{"id":1356,"href":"https:\/\/60tesoros.usal.edu.ar\/index.php\/wp-json\/wp\/v2\/pages\/1022\/revisions\/1356"}],"wp:attachment":[{"href":"https:\/\/60tesoros.usal.edu.ar\/index.php\/wp-json\/wp\/v2\/media?parent=1022"}],"curies":[{"name":"wp","href":"https:\/\/api.w.org\/{rel}","templated":true}]}}