{"id":1007,"date":"2016-03-08T11:42:45","date_gmt":"2016-03-08T11:42:45","guid":{"rendered":"http:\/\/60tesoros.usal.edu.ar\/?page_id=1007"},"modified":"2016-04-07T14:16:23","modified_gmt":"2016-04-07T14:16:23","slug":"de-arte-rhetorica-libri-quinque","status":"publish","type":"page","link":"https:\/\/60tesoros.usal.edu.ar\/index.php\/de-arte-rhetorica-libri-quinque\/","title":{"rendered":"De arte rhetorica libri quinque&#8230;"},"content":{"rendered":"<div data-vc-parallax=\"1.5\" class=\"vc_row wpb_row vc_row-fluid vc_custom_1457365379932 vc_general vc_parallax vc_parallax-content-moving\"><div class=\"wpb_column vc_column_container vc_col-sm-6\"><div class=\"wpb_wrapper\"><h2 style=\"font-size: 20pt;color: #e2c790;text-align: left\" class=\"vc_custom_heading vc_custom_1460045503088\">De arte rhetorica libri quinque, lectissimis veterum auctorum \u00e6tatis aure\u00e6 perpetuifque exemplis illustrati <\/h2>\n\t<div class=\"wpb_text_column wpb_content_element \">\n\t\t<div class=\"wpb_wrapper\">\n\t\t\t<p>Encuadernado en pergamino y en formato de bolsillo (15 cent\u00edmetros), <em>De arte rhetorica libri quinque\u2026<\/em> es obra del jesuita franc\u00e9s Dominique de Colonia (1660-1741), quien ejerci\u00f3 como profesor de ret\u00f3rica en Lyon durante una d\u00e9cada. El volumen cont\u00f3 con numerosas ediciones en Francia, Italia y Espa\u00f1a hasta entrado el Siglo XIX, manteni\u00e9ndose en algunas ediciones el lat\u00edn original. Esta obra ahonda en los distintos elementos de la ret\u00f3rica cl\u00e1sica y est\u00e1 dividido en cinco libros. El primero, sobre la elocuencia, detalla aspectos de la exclamaci\u00f3n, la interrogaci\u00f3n y las figuras ret\u00f3ricas. El segundo, sobre la invenci\u00f3n, ahonda en temas como la comparaci\u00f3n y la similitud. El tercer libro, sobre la disposici\u00f3n, trata la divisi\u00f3n, la inducci\u00f3n y el ejemplo. Los g\u00e9neros de la oratoria constituye el asunto del libro cuarto, y la pronunciaci\u00f3n es el tema del libro quinto. El manual de ret\u00f3rica de Colonia detalla tambi\u00e9n los formantes de la f\u00e1bula, de la narraci\u00f3n, de la historia y de la amplificaci\u00f3n; siempre con ejemplos, definiciones y explicaciones. Hacia el final, se incluye tambi\u00e9n una selecci\u00f3n de textos de autores latinos cl\u00e1sicos, como Lucrecio, Catulo, Juvenal, Ovidio y Horacio.<\/p>\n<p><strong>De arte rhetorica libri quinque, lectissimis veterum auctorum \u00e6tatis aure\u00e6 perpetuifque exemplis illustrati \/ auctore P. Dominico Decolonia Societatis Jesu Presbytero; accessere in hac novissima editione Institutiones poetic\u00e6 auctore P. Josepho Juvencyo ex eadem societate. Venetiis : Typographia Balleoniana, 1743. 376 p.; 16\u00ba (15 cm.).<\/strong><\/p>\n\n\t\t<\/div>\n\t<\/div>\n<div class=\"vc_btn3-container  boton_borde vc_btn3-left\"><a class=\"vc_general vc_btn3 vc_btn3-size-md vc_btn3-shape-rounded vc_btn3-style-outline vc_btn3-icon-right vc_btn3-color-inverse\" href=\"http:\/\/60tesoros.usal.edu.ar\/index.php\/colecciones-especiales\/\" title=\"\" target=\"_self\">Volver a Colecciones Especiales <i class=\"vc_btn3-icon fa fa-share\"><\/i><\/a><\/div>\n<\/div><\/div><div class=\"wpb_column vc_column_container vc_col-sm-6\"><div class=\"wpb_wrapper\">\n\t<div class=\"wpb_single_image wpb_content_element vc_align_center  vc_custom_1458046635397\">\n\t\t<div class=\"wpb_wrapper\">\n\t\t\t\n\t\t\t<a class=\"prettyphoto\" rel=\"prettyPhoto[rel-1007-1472371283]\" href=\"https:\/\/60tesoros.usal.edu.ar\/wp-content\/uploads\/2016\/03\/de-arte.jpg\" target=\"_self\"><div class=\"vc_single_image-wrapper vc_box_rounded  vc_box_border_grey\"><img class=\"vc_single_image-img \" src=\"https:\/\/60tesoros.usal.edu.ar\/wp-content\/uploads\/2016\/03\/de-arte.jpg\" width=\"530\" height=\"471\" alt=\"\" title=\"\" \/><\/div><\/a>\n\t\t<\/div>\n\t<\/div>\n<\/div><\/div><\/div><div class=\"vc_row wpb_row vc_row-fluid\"><div class=\"wpb_column vc_column_container vc_col-sm-12\"><div class=\"wpb_wrapper\"><!-- vc_grid start -->\n<div class=\"vc_grid-container-wrapper vc_clearfix\">\n\t<div class=\"vc_grid-container vc_clearfix wpb_content_element vc_media_grid\"\n\t\t data-vc-grid-settings=\"{&quot;page_id&quot;:1007,&quot;style&quot;:&quot;all&quot;,&quot;action&quot;:&quot;vc_get_vc_grid_data&quot;,&quot;animation_in&quot;:&quot;zoomIn&quot;,&quot;shortcode_id&quot;:&quot;{failed_to_get_id:\\&quot;vc_gid:1457444390252-7cbf37d12a22a15b2e8737da8d65eb76-8\\&quot;}&quot;,&quot;tag&quot;:&quot;vc_media_grid&quot;}\"\n\t\t data-vc-request=\"\/wp-admin\/admin-ajax.php\"\n\t\t data-vc-post-id=\"1007\"\n\t\t data-vc-public-nonce=\"7ad70e971e\">\n\t<\/div>\n<\/div><!-- vc_grid end -->\n\t<div class=\"wpb_text_column wpb_content_element \">\n\t\t<div class=\"wpb_wrapper\">\n\t\t\t<p style=\"text-align: center;\">Haga click en la imagen para agrandar<\/p>\n\n\t\t<\/div>\n\t<\/div>\n<\/div><\/div><\/div><div data-vc-full-width=\"true\" data-vc-full-width-init=\"false\" data-vc-stretch-content=\"true\" class=\"vc_row wpb_row vc_row-fluid vc_custom_1457440840599\"><div class=\"wpb_column vc_column_container vc_col-sm-12\"><div class=\"wpb_wrapper\"><!-- vc_grid start -->\n<div class=\"vc_grid-container-wrapper vc_clearfix\">\n\t<div class=\"vc_grid-container vc_clearfix wpb_content_element vc_basic_grid vc_custom_1458046667835\"\n\t\t data-vc-grid-settings=\"{&quot;page_id&quot;:1007,&quot;style&quot;:&quot;pagination&quot;,&quot;action&quot;:&quot;vc_get_vc_grid_data&quot;,&quot;animation_in&quot;:&quot;&quot;,&quot;shortcode_id&quot;:&quot;{failed_to_get_id:\\&quot;vc_gid:1457444390332-6112e6844f2125d400aece2688787007-8\\&quot;}&quot;,&quot;items_per_page&quot;:&quot;6&quot;,&quot;auto_play&quot;:true,&quot;gap&quot;:30,&quot;speed&quot;:5000,&quot;loop&quot;:&quot;yes&quot;,&quot;animation_out&quot;:&quot;&quot;,&quot;arrows_design&quot;:&quot;vc_arrow-icon-arrow_02_left&quot;,&quot;arrows_color&quot;:&quot;chino&quot;,&quot;arrows_position&quot;:&quot;inside&quot;,&quot;paging_design&quot;:&quot;none&quot;,&quot;paging_color&quot;:&quot;grey&quot;,&quot;tag&quot;:&quot;vc_basic_grid&quot;}\"\n\t\t data-vc-request=\"\/wp-admin\/admin-ajax.php\"\n\t\t data-vc-post-id=\"1007\"\n\t\t data-vc-public-nonce=\"7ad70e971e\">\n\t<\/div>\n<\/div><!-- vc_grid end --><\/div><\/div><\/div><div class=\"vc_row-full-width\"><\/div>\n","protected":false},"excerpt":{"rendered":"De arte rhetorica libri quinque, lectissimis veterum auctorum \u00e6tatis aure\u00e6 perpetuifque exemplis illustrati Encuadernado en pergamino y en formato de bolsillo (15 [...]","protected":false},"author":2,"featured_media":0,"parent":0,"menu_order":48,"comment_status":"closed","ping_status":"closed","template":"","meta":{"ngg_post_thumbnail":0},"_links":{"self":[{"href":"https:\/\/60tesoros.usal.edu.ar\/index.php\/wp-json\/wp\/v2\/pages\/1007"}],"collection":[{"href":"https:\/\/60tesoros.usal.edu.ar\/index.php\/wp-json\/wp\/v2\/pages"}],"about":[{"href":"https:\/\/60tesoros.usal.edu.ar\/index.php\/wp-json\/wp\/v2\/types\/page"}],"author":[{"embeddable":true,"href":"https:\/\/60tesoros.usal.edu.ar\/index.php\/wp-json\/wp\/v2\/users\/2"}],"replies":[{"embeddable":true,"href":"https:\/\/60tesoros.usal.edu.ar\/index.php\/wp-json\/wp\/v2\/comments?post=1007"}],"version-history":[{"count":6,"href":"https:\/\/60tesoros.usal.edu.ar\/index.php\/wp-json\/wp\/v2\/pages\/1007\/revisions"}],"predecessor-version":[{"id":1511,"href":"https:\/\/60tesoros.usal.edu.ar\/index.php\/wp-json\/wp\/v2\/pages\/1007\/revisions\/1511"}],"wp:attachment":[{"href":"https:\/\/60tesoros.usal.edu.ar\/index.php\/wp-json\/wp\/v2\/media?parent=1007"}],"curies":[{"name":"wp","href":"https:\/\/api.w.org\/{rel}","templated":true}]}}