{"id":1004,"date":"2016-03-08T11:30:21","date_gmt":"2016-03-08T11:30:21","guid":{"rendered":"http:\/\/60tesoros.usal.edu.ar\/?page_id=1004"},"modified":"2016-03-17T13:28:58","modified_gmt":"2016-03-17T13:28:58","slug":"histoire-de-manichee-et-du-manicheisme","status":"publish","type":"page","link":"https:\/\/60tesoros.usal.edu.ar\/index.php\/histoire-de-manichee-et-du-manicheisme\/","title":{"rendered":"Histoire de manich\u00e9e et du manicheisme&#8230;"},"content":{"rendered":"<div data-vc-parallax=\"1.5\" class=\"vc_row wpb_row vc_row-fluid vc_custom_1457365379932 vc_general vc_parallax vc_parallax-content-moving\"><div class=\"wpb_column vc_column_container vc_col-sm-6\"><div class=\"wpb_wrapper\"><h2 style=\"font-size: 20pt;color: #e2c790;text-align: left\" class=\"vc_custom_heading vc_custom_1457443683367\">Histoire de manich\u00e9e et du manicheisme, o\u00f9 l\u2019on trouve aussi l\u2019histoire de Basilide, de Marcion, de Bardesanes, et c. et de leurs sentimens et o\u00f9 l\u2019on d\u00e9couvre l\u2019origine de plusieurs cultes, c\u00e9r\u00e9monies, et c. qui se sont introduits dans le Christianisme<\/h2>\n\t<div class=\"wpb_text_column wpb_content_element \">\n\t\t<div class=\"wpb_wrapper\">\n\t\t\t<p>Es el libro m\u00e1s c\u00e9lebre de Isaac de Beausobre (1659-1738), cl\u00e9rigo protestante franc\u00e9s que fue pastor en Ch\u00e2tillon-sur-Indre, Rotterdam y en Oranienbaum, quien tambi\u00e9n form\u00f3 parte de la Iglesia Francesa. Esta obra es un relato hist\u00f3rico sobre el manique\u00edsmo, doctrina fundada por el persa Mani. La obra est\u00e1 dividida en nueve libros, cada uno organizado en cap\u00edtulos. El libro se abre con una Ep\u00edstola dirigida al bar\u00f3n de Thulemeier, contin\u00faa con un Prefacio y con un Plan General de la Obra, en el que se hace visible su estructura. Publicada en 1739 por Frederic Bernard en \u00c1msterdam, ciudad sede de notables imprenteros de la \u00e9poca, <em>La Histoire de manich\u00e9e\u2026<\/em> en dos vol\u00famenes incluye t\u00f3picos como el origen de la naturaleza y la historia de los dogmas, la llegada del Cristianismo a Persia, el origen del Manique\u00edsmo, sus principios, sus libros sagrados y sus primeros disc\u00edpulos. Adem\u00e1s, detalla la historia de Basilides, su sistema de escritura y sus escritos sobre la creaci\u00f3n del mundo. Tambi\u00e9n apunta la historia de Marci\u00f3n, sus teor\u00edas sobre el Nuevo Testamento y sobre la crucifixi\u00f3n.<\/p>\n<p><strong>Histoire de manich\u00e9e et du manicheisme, o\u00f9 l\u2019on trouve aussi l\u2019histoire de Basilide, de Marcion, de Bardesanes, et c. et de leurs sentimens et o\u00f9 l\u2019on d\u00e9couvre l\u2019origine de plusieurs cultes, c\u00e9r\u00e9monies, et c. qui se sont introduits dans le Christianisme \/ par M. de Beausobre. Amsterdam : J. Frederic Bernard, 1739. 2 v.; 4\u00ba (26 cm). La biblioteca tiene solamente el v.2.<\/strong><\/p>\n\n\t\t<\/div>\n\t<\/div>\n<div class=\"vc_btn3-container  boton_borde vc_btn3-left\"><a class=\"vc_general vc_btn3 vc_btn3-size-md vc_btn3-shape-rounded vc_btn3-style-outline vc_btn3-icon-right vc_btn3-color-inverse\" href=\"http:\/\/60tesoros.usal.edu.ar\/index.php\/colecciones-especiales\/\" title=\"\" target=\"_self\">Volver a Colecciones Especiales <i class=\"vc_btn3-icon fa fa-share\"><\/i><\/a><\/div>\n<\/div><\/div><div class=\"wpb_column vc_column_container vc_col-sm-6\"><div class=\"wpb_wrapper\">\n\t<div class=\"wpb_single_image wpb_content_element vc_align_center  vc_custom_1458046042876\">\n\t\t<div class=\"wpb_wrapper\">\n\t\t\t\n\t\t\t<a class=\"prettyphoto\" rel=\"prettyPhoto[rel-1004-319061395]\" href=\"https:\/\/60tesoros.usal.edu.ar\/wp-content\/uploads\/2016\/03\/manichee3.jpg\" target=\"_self\"><div class=\"vc_single_image-wrapper vc_box_rounded  vc_box_border_grey\"><img class=\"vc_single_image-img \" src=\"https:\/\/60tesoros.usal.edu.ar\/wp-content\/uploads\/2016\/03\/manichee3.jpg\" width=\"530\" height=\"471\" alt=\"\" title=\"\" \/><\/div><\/a>\n\t\t<\/div>\n\t<\/div>\n<\/div><\/div><\/div><div class=\"vc_row wpb_row vc_row-fluid\"><div class=\"wpb_column vc_column_container vc_col-sm-12\"><div class=\"wpb_wrapper\"><!-- vc_grid start -->\n<div class=\"vc_grid-container-wrapper vc_clearfix\">\n\t<div class=\"vc_grid-container vc_clearfix wpb_content_element vc_media_grid\"\n\t\t data-vc-grid-settings=\"{&quot;page_id&quot;:1004,&quot;style&quot;:&quot;all&quot;,&quot;action&quot;:&quot;vc_get_vc_grid_data&quot;,&quot;animation_in&quot;:&quot;zoomIn&quot;,&quot;shortcode_id&quot;:&quot;{failed_to_get_id:\\&quot;vc_gid:1457443642284-f9d18414716326c34207110468efde35-4\\&quot;}&quot;,&quot;tag&quot;:&quot;vc_media_grid&quot;}\"\n\t\t data-vc-request=\"\/wp-admin\/admin-ajax.php\"\n\t\t data-vc-post-id=\"1004\"\n\t\t data-vc-public-nonce=\"185335da53\">\n\t<\/div>\n<\/div><!-- vc_grid end -->\n\t<div class=\"wpb_text_column wpb_content_element \">\n\t\t<div class=\"wpb_wrapper\">\n\t\t\t<p style=\"text-align: center;\">Haga click en la imagen para agrandar<\/p>\n\n\t\t<\/div>\n\t<\/div>\n<\/div><\/div><\/div><div data-vc-full-width=\"true\" data-vc-full-width-init=\"false\" data-vc-stretch-content=\"true\" class=\"vc_row wpb_row vc_row-fluid vc_custom_1457440840599\"><div class=\"wpb_column vc_column_container vc_col-sm-12\"><div class=\"wpb_wrapper\"><!-- vc_grid start -->\n<div class=\"vc_grid-container-wrapper vc_clearfix\">\n\t<div class=\"vc_grid-container vc_clearfix wpb_content_element vc_basic_grid vc_custom_1458046086525\"\n\t\t data-vc-grid-settings=\"{&quot;page_id&quot;:1004,&quot;style&quot;:&quot;pagination&quot;,&quot;action&quot;:&quot;vc_get_vc_grid_data&quot;,&quot;animation_in&quot;:&quot;&quot;,&quot;shortcode_id&quot;:&quot;{failed_to_get_id:\\&quot;vc_gid:1457443642365-80acc5c7455154f06064baefe2a4597a-1\\&quot;}&quot;,&quot;items_per_page&quot;:&quot;6&quot;,&quot;auto_play&quot;:true,&quot;gap&quot;:30,&quot;speed&quot;:5000,&quot;loop&quot;:&quot;yes&quot;,&quot;animation_out&quot;:&quot;&quot;,&quot;arrows_design&quot;:&quot;vc_arrow-icon-arrow_02_left&quot;,&quot;arrows_color&quot;:&quot;chino&quot;,&quot;arrows_position&quot;:&quot;inside&quot;,&quot;paging_design&quot;:&quot;none&quot;,&quot;paging_color&quot;:&quot;grey&quot;,&quot;tag&quot;:&quot;vc_basic_grid&quot;}\"\n\t\t data-vc-request=\"\/wp-admin\/admin-ajax.php\"\n\t\t data-vc-post-id=\"1004\"\n\t\t data-vc-public-nonce=\"185335da53\">\n\t<\/div>\n<\/div><!-- vc_grid end --><\/div><\/div><\/div><div class=\"vc_row-full-width\"><\/div>\n","protected":false},"excerpt":{"rendered":"Histoire de manich\u00e9e et du manicheisme, o\u00f9 l\u2019on trouve aussi l\u2019histoire de Basilide, de Marcion, de Bardesanes, et c. et de leurs [...]","protected":false},"author":2,"featured_media":0,"parent":0,"menu_order":47,"comment_status":"closed","ping_status":"closed","template":"","meta":{"ngg_post_thumbnail":0},"_links":{"self":[{"href":"https:\/\/60tesoros.usal.edu.ar\/index.php\/wp-json\/wp\/v2\/pages\/1004"}],"collection":[{"href":"https:\/\/60tesoros.usal.edu.ar\/index.php\/wp-json\/wp\/v2\/pages"}],"about":[{"href":"https:\/\/60tesoros.usal.edu.ar\/index.php\/wp-json\/wp\/v2\/types\/page"}],"author":[{"embeddable":true,"href":"https:\/\/60tesoros.usal.edu.ar\/index.php\/wp-json\/wp\/v2\/users\/2"}],"replies":[{"embeddable":true,"href":"https:\/\/60tesoros.usal.edu.ar\/index.php\/wp-json\/wp\/v2\/comments?post=1004"}],"version-history":[{"count":7,"href":"https:\/\/60tesoros.usal.edu.ar\/index.php\/wp-json\/wp\/v2\/pages\/1004\/revisions"}],"predecessor-version":[{"id":1434,"href":"https:\/\/60tesoros.usal.edu.ar\/index.php\/wp-json\/wp\/v2\/pages\/1004\/revisions\/1434"}],"wp:attachment":[{"href":"https:\/\/60tesoros.usal.edu.ar\/index.php\/wp-json\/wp\/v2\/media?parent=1004"}],"curies":[{"name":"wp","href":"https:\/\/api.w.org\/{rel}","templated":true}]}}